{"id":43539,"date":"2023-03-26T12:16:56","date_gmt":"2023-03-26T10:16:56","guid":{"rendered":"https:\/\/swr1.wpenginepowered.com\/company\/news-press-clippings\/"},"modified":"2026-04-08T11:11:20","modified_gmt":"2026-04-08T09:11:20","slug":"news-presseberichte","status":"publish","type":"page","link":"https:\/\/www.software-reuse.eu\/en\/company\/software-reuse-in-the-press\/","title":{"rendered":"Software ReUse in the press"},"content":{"rendered":"<section class=\" vc_custom_1608039341046\"><div class=\"container\"><div class=\"row\"><div class=\"wpb_column hcode-column-container vc_col-sm-12 col-xs-mobile-fullwidth\" data-front-class=\"col-xs-mobile-fullwidth\"><div class=\"vc-column-innner-wrapper\">[vc_single_image image=\"12152\" img_size=\"full\" alignment=\"center\"]<\/div><\/div><\/div><\/div><\/section><section><div class=\"container\"><div class=\"row\"><div class=\"wpb_column hcode-column-container vc_col-sm-2 col-xs-mobile-fullwidth\" data-front-class=\"col-xs-mobile-fullwidth\"><div class=\"vc-column-innner-wrapper\"><\/div><\/div><div class=\"wpb_column hcode-column-container vc_col-sm-8 col-xs-mobile-fullwidth\" data-front-class=\"col-xs-mobile-fullwidth\"><div class=\"vc-column-innner-wrapper\"><p>The press has already reported extensively about us. Especially in the period after the landmark ruling of the European Court of Justice in 2012, trade in second-hand software was a major topic in the media landscape. At that time, it was decided that used software may be resold - regardless of how it was acquired. This was a breakthrough, because since then, software licences that have been put on the market exclusively by download may also be traded without the manufacturer's consent. And of course we, as software dealers, also had something to say about it. Our managing director, Stefan Tauchhammer, was interviewed several times about this and we do not want to withhold this information from our customers.<\/p>\n<p>On the following page we have summarised the mentions in the press. To read more about it, click on one of the links and you will be redirected to the corresponding page.<\/p>\n[vc_empty_space height=\"24px\"]<h2>Media coverage of Software ReUse<\/h2>\n<p>Our latest press coverage reveals a major hidden opportunity: Austrian companies are leaving up to <strong>\u20ac60 million in unused software licenses<\/strong> every year. By <a href=\"\/?page_id=172\">reselling surplus licenses<\/a>\u2014especially after shifting to cloud solutions\u2014businesses can recover around <strong>\u20ac20 million<\/strong> annually, turning overlooked IT assets into real budget relief while boosting sustainability.<br \/>\nBelow, you can explore the full articles as published in leading German-language online media.<\/p>\n<p><a href=\"https:\/\/www.dropbox.com\/scl\/fi\/5nw4xlci7bvrejp84yzhj\/260407-OO-Nachrichten-PA-Versteckte-Millionen-in-sterreichs-Serverr-umen.pdf?rlkey=icx9iu36yc4gzea23eyzyibjw&amp;st=z4f5vy4n&amp;dl=0\" target=\"_blank\" rel=\"noopener\">\u201cSoftwarelizenzen: In \u00d6sterreichs Serverr\u00e4umen liegen Millionenbeitr\u00e4ge\u201d O\u00d6 Nachrichten<\/a><\/p>\n<p><a href=\"https:\/\/www.ittbusiness.at\/article\/ungenutzte-software-lizenzen-millionenpotenzial-in-oesterreichs-serverraeumen\" target=\"_blank\" rel=\"noopener\">\"Ungenutzte Software-Lizenzen: Millionenpotenzial in \u00d6sterreichs Serverr\u00e4umen\" - it &amp; t Business<\/a><\/p>\n<p><a href=\"https:\/\/www.leadersnet.at\/news\/98561,in-den-serverraeumen-heimischer-unternehmen-schlummern-millionen.html\" target=\"_blank\" rel=\"noopener\">\"In den Serverr\u00e4umen heimischer Unternehmen schlummern Millionen\" - Opinion Leaders Network<\/a><\/p>\n<p><a href=\"https:\/\/www.die-wirtschaft.at\/allgemein\/millionenpotenzial-in-oesterreichs-serverraeumen\/\" target=\"_blank\" rel=\"noopener\">\"Millionenpotenzial in \u00d6sterreichs Serverr\u00e4umen\" - diewirtschaft<\/a><\/p>\n<p><a href=\"https:\/\/www.top-news.at\/2026\/03\/25\/versteckte-millionen-in-oesterreichs-serverraeumen\/\" target=\"_blank\" rel=\"noopener\">\"Unternehmen lassen durch ungenutzte Software-Lizenzen wertvolle IT-Budgets liegen\" - topnews.at<\/a><\/p>\n<p><a href=\"https:\/\/www.pressefeuer.at\/news\/24006\" target=\"_blank\" rel=\"noopener\">\"20 Millionen Euro liegen ungenutzt in \u00d6sterreichs IT-Systemen\" - pressefeuer.at<\/a><\/p>\n<p><a href=\"https:\/\/itwelt.at\/news\/topmeldung\/versteckte-millionen-in-oesterreichs-serverraeumen\/\" target=\"_blank\" rel=\"noopener\">\"Versteckte Millionen in \u00d6sterreichs Serverr\u00e4umen\" - itwelt.at<\/a><\/p>\n<p>&nbsp;<\/p>\n<p><a href=\"https:\/\/computerwelt.at\/news\/verhaltensregeln-beim-gebrauchtsoftwarekauf\/\" target=\"_blank\" rel=\"noopener\">\"Rules of conduct when buying used software\" - Computerwelt<\/a><\/p>\n<p><a href=\"https:\/\/www.diepresse.com\/4638576\/softwarepakete-manchmal-darf-man-doch-splitten\" target=\"_blank\" rel=\"noopener\">\"Software licences: Sometimes you are allowed to split\" - Die Presse<\/a><\/p>\n<p><a href=\"https:\/\/www.diepresse.com\/4605419\/wissensluecken-bei-softwarenutzung\" target=\"_blank\" rel=\"noopener\">\"Knowledge gaps in software use\" - Die Presse<\/a><\/p>\n<p><a href=\"https:\/\/www.diepresse.com\/karriere\" target=\"_blank\" rel=\"noopener\">\"Software ReUse trades with used software\" - karriere.diepresse.com<\/a><\/p>\n<p><a href=\"https:\/\/www.software-reuse.eu\/wp-content\/uploads\/2018\/02\/Kurier-04.03.2014.pdf\">Trade with second-hand software is growing strongly - Kurier<\/a><\/p>\n<p><a href=\"https:\/\/futurezone.at\/b2b\/handel-mit-gebrauchtsoftware-im-aufwind\/53.628.302\" target=\"_blank\" rel=\"noopener\">\"Trade with second-hand software on the upswing\" - www.futurezone.at<\/a><\/p>\n<p><a href=\"https:\/\/www.software-reuse.eu\/wp-content\/uploads\/2018\/02\/MN1760_49_t_20140214_49.jpg\">\"Trade in licences\" - Medianet<\/a><\/p>\n<p><a href=\"https:\/\/www.software-reuse.eu\/wp-content\/uploads\/2018\/02\/MN1760_49_t_20140214_49.pdf\">\"Software licences from the second-hand market\" - Medianet<\/a><\/p>\n<p><a href=\"https:\/\/www.vienna.at\/gebraucht-software-als-it-loesung\/3722825\" target=\"_blank\" rel=\"noopener\">\"Second-hand software as an IT solution\" - www.vienna.at<\/a><\/p>\n<p><a href=\"https:\/\/www.software-reuse.eu\/wp-content\/uploads\/2018\/02\/Output0513-Software-ReUse.pdf\">\"Relieving the IT budget - second-hand software is booming in Austria\" - Output<\/a><\/p>\n<p><a href=\"https:\/\/www.whatchado.com\/en\/stories\/stefan-tauchhammer\" target=\"_blank\" rel=\"noopener\">\"Interview with Stefan Tauchhammer, founder of Software ReUse\" - whatchado<\/a><\/p>\n<p><a href=\"https:\/\/www.software-reuse.eu\/wp-content\/uploads\/2018\/02\/Format-05.04.pdf\">Second-hand software is becoming more and more popular - Format<\/a><\/p>\n<p><a href=\"https:\/\/www.software-reuse.eu\/wp-content\/uploads\/2018\/02\/Medianet-5.4.2013-Seite-47.pdf\">First dealer with second-hand software - Medianet<\/a><\/p>\n<p><a href=\"https:\/\/www.vienna.at\/software-reuse-erster-gebraucht-software-haendler-in-oesterreich\/3531278\" target=\"_blank\" rel=\"noopener\">\"First second-hand software dealer in Austria\" - www.austria.com<\/a><\/p>\n<p><a href=\"https:\/\/www.software-reuse.eu\/wp-content\/uploads\/2018\/02\/Gewinn-jungunternehmer-2012.pdf\">\"Gewinn young entrepreneur competition, awarding place 40 to Software ReUse\" - Gewinn<\/a><\/p>\n<p><a href=\"https:\/\/www.software-reuse.eu\/wp-content\/uploads\/2018\/02\/Artikel-Computerwelt-09.2012_.pdf\">\"Interview with Stefan Tauchhammer, founder of Software ReUse\" - Computerwelt<\/a><\/p>\n<\/div><\/div><div class=\"wpb_column hcode-column-container vc_col-sm-2 col-xs-mobile-fullwidth\" data-front-class=\"col-xs-mobile-fullwidth\"><div class=\"vc-column-innner-wrapper\"><\/div><\/div><\/div><\/div><\/section>","protected":false},"excerpt":{"rendered":"<p>[vc_single_image image=&#8221;12152&#8243; img_size=&#8221;full&#8221; alignment=&#8221;center&#8221;]The press has already reported extensively about us. Especially in the period after the landmark ruling of the European Court of Justice in 2012, trade in second-hand software was a major topic in the media landscape. At that time, it was decided that used software may be resold &#8211; regardless of how [&hellip;]<\/p>\n","protected":false},"author":2,"featured_media":0,"parent":959,"menu_order":0,"comment_status":"closed","ping_status":"closed","template":"","meta":{"inline_featured_image":false,"footnotes":""},"class_list":["post-43539","page","type-page","status-publish","hentry"],"_links":{"self":[{"href":"https:\/\/www.software-reuse.eu\/en\/wp-json\/wp\/v2\/pages\/43539","targetHints":{"allow":["GET"]}}],"collection":[{"href":"https:\/\/www.software-reuse.eu\/en\/wp-json\/wp\/v2\/pages"}],"about":[{"href":"https:\/\/www.software-reuse.eu\/en\/wp-json\/wp\/v2\/types\/page"}],"author":[{"embeddable":true,"href":"https:\/\/www.software-reuse.eu\/en\/wp-json\/wp\/v2\/users\/2"}],"replies":[{"embeddable":true,"href":"https:\/\/www.software-reuse.eu\/en\/wp-json\/wp\/v2\/comments?post=43539"}],"version-history":[{"count":0,"href":"https:\/\/www.software-reuse.eu\/en\/wp-json\/wp\/v2\/pages\/43539\/revisions"}],"up":[{"embeddable":true,"href":"https:\/\/www.software-reuse.eu\/en\/wp-json\/wp\/v2\/pages\/959"}],"wp:attachment":[{"href":"https:\/\/www.software-reuse.eu\/en\/wp-json\/wp\/v2\/media?parent=43539"}],"curies":[{"name":"wp","href":"https:\/\/api.w.org\/{rel}","templated":true}]}}