{"id":33261,"date":"2016-09-15T02:00:00","date_gmt":"2016-09-15T00:00:00","guid":{"rendered":"https:\/\/swr1.wpenginepowered.com\/?product=windows-7-professional-mar-3264bit-dvd-englisch"},"modified":"2023-10-03T09:46:47","modified_gmt":"2023-10-03T07:46:47","slug":"windows-7-professional-mar-3264bit-dvd-englisch","status":"publish","type":"product","link":"https:\/\/www.software-reuse.eu\/en\/shop\/windows-7-professional-mar-3264bit-dvd-englisch\/","title":{"rendered":"Windows 7 Professional MAR 32\/64bit DVD Englisch"},"content":{"rendered":"<p><b>Windows 7 Professional ist das solide Betriebssystem f\u00fcr Unternehmen!<\/b> <br>F\u00fcr  alle, denen die Optik von Windows 8 oder 10 nicht zusagt, bzw. die die  Stabilit\u00e4t und Ausgereiftheit sch\u00e4tzen ist Windows 7 Professional die  erste Wahl.<\/p>\r\n","protected":false},"excerpt":{"rendered":"<p>Windows 7 Professional ist das solide Betriebssystem f\u00fcr Unternehmen! F\u00fcr alle, denen die Optik von Windows 8 oder 10 nicht zusagt, bzw. die die Stabilit\u00e4t und Ausgereiftheit sch\u00e4tzen ist Windows 7 Professional die erste Wahl.<\/p>\n","protected":false},"featured_media":37802,"template":"","meta":{"inline_featured_image":false},"product_cat":[7830],"product_tag":[],"class_list":{"0":"post-33261","1":"product","2":"type-product","3":"status-publish","4":"has-post-thumbnail","6":"product_cat-unkategorisiert","7":"pa_bit-32-bit-en","8":"pa_bit-64-bit-en","9":"pa_lizenzierung-nach-gerate-en","10":"pa_lizenzlaufzeit-kauflizenz-unlimitiert-nutzbar-en","11":"pa_lizenztyp-kommerziell-einsetzbare-volumenlizenz-en","12":"pa_maximal-erlaubte-installatio-ein-gerat-en","13":"pa_sprache-englisch-en","14":"pa_zustand-wie-neu-en","16":"first","17":"instock","18":"downloadable","19":"taxable","20":"shipping-taxable","21":"purchasable","22":"product-type-simple"},"_links":{"self":[{"href":"https:\/\/www.software-reuse.eu\/en\/wp-json\/wp\/v2\/product\/33261","targetHints":{"allow":["GET"]}}],"collection":[{"href":"https:\/\/www.software-reuse.eu\/en\/wp-json\/wp\/v2\/product"}],"about":[{"href":"https:\/\/www.software-reuse.eu\/en\/wp-json\/wp\/v2\/types\/product"}],"wp:featuredmedia":[{"embeddable":true,"href":"https:\/\/www.software-reuse.eu\/en\/wp-json\/wp\/v2\/media\/37802"}],"wp:attachment":[{"href":"https:\/\/www.software-reuse.eu\/en\/wp-json\/wp\/v2\/media?parent=33261"}],"wp:term":[{"taxonomy":"product_cat","embeddable":true,"href":"https:\/\/www.software-reuse.eu\/en\/wp-json\/wp\/v2\/product_cat?post=33261"},{"taxonomy":"product_tag","embeddable":true,"href":"https:\/\/www.software-reuse.eu\/en\/wp-json\/wp\/v2\/product_tag?post=33261"}],"curies":[{"name":"wp","href":"https:\/\/api.w.org\/{rel}","templated":true}]}}