{"id":35201,"date":"2020-12-18T00:00:00","date_gmt":"2020-12-18T00:00:00","guid":{"rendered":"https:\/\/swr1.wpenginepowered.com\/?product=autodesk-autocad-2018-netzwerklizenz"},"modified":"2020-12-18T13:17:07","modified_gmt":"2020-12-18T13:17:07","slug":"autodesk-autocad-2018-netzwerklizenz-2","status":"publish","type":"product","link":"https:\/\/www.software-reuse.eu\/en\/shop\/autodesk-autocad-2018-netzwerklizenz\/","title":{"rendered":"Autodesk AutoCAD 2018 Netzwerklizenz"},"content":{"rendered":"<p><b>Autodesks AutoCAD 2017 ist die aktuellste Version des Architektursoftwareherstellers.<\/b><\/p>\n<p>Diese Lizenz ist noch in Wartung bis 09\/2017, Sie bekommen also s\u00e4mtliche bis dahin ver\u00f6ffentlichte Updates kostenlos. Auf Wunsch kann aber auch zus\u00e4tzliche Wartung \u00fcber einen Autodesk-Partner erworben werden. Lieber einmal kaufen als teuer mieten!<\/p>\n<p><b><b><b>Sprache:<\/b> <\/b><\/b>Deutsch<\/p>\n<p><b>Lieferumfang: <\/b>Seriennummer, <b>offizieller Lizenztransfer via Autodesk an Ihr Unternehmen<\/b><\/p>\n<p><b>Plattform\/Mindestanforderungen:<\/b><br>Windows<\/p>\n<p><b><b>Weitere Features:<br><\/b><\/b><\/p>\n<ul>\n<li>Gepr\u00fcfte Originalsoftware, sehr guter Zustand<\/li>\n<li>Kommerzielle Version (kein Student etc.)<\/li>\n<li>Unlimitiert einsetzbare Kaufversion, keine Cloud<\/li>\n<\/ul>","protected":false},"excerpt":{"rendered":"<p>Autodesks AutoCAD 2017 ist die aktuellste Version des Architektursoftwareherstellers. Diese Lizenz ist noch in Wartung bis 09\/2017, Sie bekommen also s\u00e4mtliche bis dahin ver\u00f6ffentlichte Updates kostenlos. Auf Wunsch kann aber auch zus\u00e4tzliche Wartung \u00fcber einen Autodesk-Partner erworben werden. Lieber einmal kaufen als teuer mieten! Sprache: Deutsch Lieferumfang: Seriennummer, offizieller Lizenztransfer via Autodesk an Ihr Unternehmen [&hellip;]<\/p>\n","protected":false},"featured_media":35206,"template":"","meta":{"inline_featured_image":false},"product_cat":[7830],"product_tag":[],"class_list":{"0":"post-35201","1":"product","2":"type-product","3":"status-publish","4":"has-post-thumbnail","6":"product_cat-unkategorisiert","8":"first","9":"outofstock","10":"taxable","11":"shipping-taxable","12":"purchasable","13":"product-type-simple"},"_links":{"self":[{"href":"https:\/\/www.software-reuse.eu\/en\/wp-json\/wp\/v2\/product\/35201","targetHints":{"allow":["GET"]}}],"collection":[{"href":"https:\/\/www.software-reuse.eu\/en\/wp-json\/wp\/v2\/product"}],"about":[{"href":"https:\/\/www.software-reuse.eu\/en\/wp-json\/wp\/v2\/types\/product"}],"wp:featuredmedia":[{"embeddable":true,"href":"https:\/\/www.software-reuse.eu\/en\/wp-json\/wp\/v2\/media\/35206"}],"wp:attachment":[{"href":"https:\/\/www.software-reuse.eu\/en\/wp-json\/wp\/v2\/media?parent=35201"}],"wp:term":[{"taxonomy":"product_cat","embeddable":true,"href":"https:\/\/www.software-reuse.eu\/en\/wp-json\/wp\/v2\/product_cat?post=35201"},{"taxonomy":"product_tag","embeddable":true,"href":"https:\/\/www.software-reuse.eu\/en\/wp-json\/wp\/v2\/product_tag?post=35201"}],"curies":[{"name":"wp","href":"https:\/\/api.w.org\/{rel}","templated":true}]}}