{"id":36035,"date":"2022-10-03T15:22:57","date_gmt":"2022-10-03T13:22:57","guid":{"rendered":"https:\/\/swr1.wpenginepowered.com\/shop-product\/uncategorized\/exchange-server-standard-2019\/"},"modified":"2022-12-01T15:58:20","modified_gmt":"2022-12-01T14:58:20","slug":"exchange-server-standard-2019","status":"publish","type":"product","link":"https:\/\/www.software-reuse.eu\/en\/shop\/exchange-server-standard-2019\/","title":{"rendered":"Exchange Server Standard 2019"},"content":{"rendered":"<b>Exchange 2016 verf\u00fcgt \u00fcber zahlreiche Neuerungen und Verbesserungen sowie eine\u00a0 st\u00e4rkere Integration in Microsoft Office.<\/b>\r\n\r\n<b>Lieferumfang: <\/b>\r\nLizenzdaten, Downloadlink f\u00fcr Installationsdateien\r\n\r\n<b>\u00dcbermittlungs des Aktivierungskeys \/ Installationsdateien \/ Aktivierung des Produkts:<\/b>\r\nNach Kaufabschluss und kurzer Bearbeitungszeit schicken wir Ihnen den Aktivierungskey, mit EU-rechtkonformen Lizenztransferdaten (Vertragsnummern, Nennung des Ersterwerbers etc.) sowie einen Downloadlink f\u00fcr die Installationsdateien per E-mail. Das Produkt kann damit sofort installiert und online aktiviert werden.\r\n\r\n<b>Installation g\u00fcltig f\u00fcr:<\/b>\r\n1 Server\r\n\r\n<b>Plattform\/Mindestanforderungen:<\/b>\r\nx64 architekturbasierte Computer mit Intel Prozessor der 64bit Intel Architektur unterst\u00fctzt, AMD Prozessor der die AMD64 Plattform unterst\u00fctzt, Intel Itanium IA64 Prozessoren nicht unterst\u00fctzt, 8 GB RAM empfohlen\r\n\r\n<b>Weitere Features: <\/b>\r\n\u2022\u00a0\u00a0\u00a0 Gepr\u00fcfte gebrauchte Originalsoftware\r\n\u2022\u00a0\u00a0\u00a0 Kommerzielle Vollversion (keine Home oder Student-Version etc.)","protected":false},"excerpt":{"rendered":"<p>Exchange 2016 verf\u00fcgt \u00fcber zahlreiche Neuerungen und Verbesserungen sowie eine\u00a0 st\u00e4rkere Integration in Microsoft Office. Lieferumfang: Lizenzdaten, Downloadlink f\u00fcr Installationsdateien \u00dcbermittlungs des Aktivierungskeys \/ Installationsdateien \/ Aktivierung des Produkts: Nach Kaufabschluss und kurzer Bearbeitungszeit schicken wir Ihnen den Aktivierungskey, mit EU-rechtkonformen Lizenztransferdaten (Vertragsnummern, Nennung des Ersterwerbers etc.) sowie einen Downloadlink f\u00fcr die Installationsdateien per E-mail. [&hellip;]<\/p>\n","protected":false},"featured_media":0,"template":"","meta":{"inline_featured_image":false},"product_cat":[7830],"product_tag":[],"class_list":{"0":"post-36035","1":"product","2":"type-product","3":"status-publish","5":"product_cat-unkategorisiert","6":"pa_maximal-erlaubte-installatio-ein-gerat-en","8":"first","9":"instock","10":"downloadable","11":"taxable","12":"shipping-taxable","13":"purchasable","14":"product-type-simple"},"_links":{"self":[{"href":"https:\/\/www.software-reuse.eu\/en\/wp-json\/wp\/v2\/product\/36035","targetHints":{"allow":["GET"]}}],"collection":[{"href":"https:\/\/www.software-reuse.eu\/en\/wp-json\/wp\/v2\/product"}],"about":[{"href":"https:\/\/www.software-reuse.eu\/en\/wp-json\/wp\/v2\/types\/product"}],"wp:attachment":[{"href":"https:\/\/www.software-reuse.eu\/en\/wp-json\/wp\/v2\/media?parent=36035"}],"wp:term":[{"taxonomy":"product_cat","embeddable":true,"href":"https:\/\/www.software-reuse.eu\/en\/wp-json\/wp\/v2\/product_cat?post=36035"},{"taxonomy":"product_tag","embeddable":true,"href":"https:\/\/www.software-reuse.eu\/en\/wp-json\/wp\/v2\/product_tag?post=36035"}],"curies":[{"name":"wp","href":"https:\/\/api.w.org\/{rel}","templated":true}]}}