{"id":10383,"date":"2020-06-22T13:32:15","date_gmt":"2020-06-22T11:32:15","guid":{"rendered":"https:\/\/swr1.wpenginepowered.com\/?page_id=10383"},"modified":"2020-06-23T14:57:12","modified_gmt":"2020-06-23T12:57:12","slug":"declaracion-de-cookies","status":"publish","type":"page","link":"https:\/\/www.software-reuse.eu\/es\/declaracion-de-cookies\/","title":{"rendered":"Declaraci\u00f3n de cookies"},"content":{"rendered":"<section><div class=\"container\"><div class=\"row\"><div class=\"wpb_column hcode-column-container  col-xs-mobile-fullwidth\" data-front-class=\"col-xs-mobile-fullwidth front-column-class\"><div class=\"vc-column-innner-wrapper\"><p>Nos hacemos responsables para la protecci\u00f3n de sus datos y de su privacidad. As\u00ed que nos importa que nuestros servicios y ofertas sean transparentes, personales y fiables. Por eso le explicamos en esta Declaraci\u00f3n de cookies por qu\u00e9 y c\u00f3mo utilizamos las cookies. Esta Declaraci\u00f3n completa y concreta convenientemente nuestra <a href=\"\/?page_id=398\">Pol\u00edtica de privacidad<\/a>.<\/p>\n<p><strong>\u00c1mbito de la Declaraci\u00f3n de cookies<\/strong><\/p>\n<p>La Declaraci\u00f3n de cookies se aplica a todas nuestras p\u00e1ginas web que contienen las cookies o t\u00e9cnicas conformes. M\u00e1s detalles respecto nuestras p\u00e1ginas web encuentra en el apartado \u201cCookies utilizadas\u201d.<\/p>\n<h2>\u00bfQu\u00e9 son las cookies?<\/h2>\n<p>Las cookies son peque\u00f1os archivos de texto que se almacenan en su ordenador o dispositivo m\u00f3vil. Son un apoya para su navegador web cuando est\u00e1 navegando en nuestra p\u00e1gina web.<\/p>\n<p>Existen diferentes tipos de cookies, desde las que guardan el idioma preferido de usted hasta las cookies de publicidad. Utilizamos las cookies para diferentes usos. Algunas de las cookies que utilizamos son cookies de sesi\u00f3n que son borradas cuando cierra su navegador. Otras son cookies persistentes que se guardan en su ordenador durante un per\u00edodo largo. Las cookies mismas no pueden recopilar datos de su ordenador.<\/p>\n<h2>Razones para el uso de cookies<\/h2>\n<p>Las cookies nos ayudan de mejorar nuestras p\u00e1ginas web. Utilizamos las cookies para saber c\u00f3mo usa nuestras p\u00e1ginas web. Recuerdan por ejemplo el navegador utilizado por usted y qu\u00e9 software adicional de navegador tiene instalado. Adem\u00e1s recuerdan las configuraciones preferidas por usted como el idioma y la regi\u00f3n que entonces ser\u00e1n preseleccionados en su pr\u00f3xima visita. Las cookies le facilitan tambi\u00e9n de evaluar p\u00e1ginas y escribir comentarios.<\/p>\n<h2>Tipos de cookies<\/h2>\n<ul>\n<li>Cookies b\u00e1sicas: Estas cookies son necesarias para el funcionamiento de nuestra p\u00e1gina web<\/li>\n<li>Cookies de funcionalidad: Estas cookies recuerdan sus preferencias respecto a una p\u00e1gina web espec\u00edfico, puede ser el idioma, el nombre de usuario o la cesta de compra<\/li>\n<li>Cookies de an\u00e1lisis: Estas cookies recogen informaci\u00f3n respecto al uso de las p\u00e1ginas web de manera abstracta y est\u00e1n utilizadas para el an\u00e1lisis y la recopilaci\u00f3n de par\u00e1metros como el n\u00famero de visitantes y las p\u00e1ginas m\u00e1s visitadas (incluye por ejemplo Google Analytics)<\/li>\n<li>Cookies de publicidad: Estas cookies se utilizan para recopilar informaci\u00f3n sobre sus h\u00e1bitos de navegaci\u00f3n y cuando proceda adaptar medidas publicitarias o de marketing a ello. Estos cookies son regularmente cookies de terceros<\/li>\n<\/ul>\n<h2>Cookies utilizadas\/Lista de cookies<\/h2>\n<p>No utilizamos las mismas cookies en todas p\u00e1ginas web. Encuentra las cookies que utilizamos, el objetivo de uso y per\u00edodo de almacenamiento a continuaci\u00f3n.<\/p>\n<table>\n<tbody>\n<tr>\n<td colspan=\"3\">\n<h3 style=\"text-align: left;\">Cookies y terceros<\/h3>\n<\/td>\n<\/tr>\n<tr>\n<td colspan=\"3\">\n<h4>Lista de cookies<\/h4>\n<\/td>\n<\/tr>\n<tr>\n<td>Nombre de la cookie<\/td>\n<td>Descripci\u00f3n<\/td>\n<td>Tipo\/Validez<\/td>\n<\/tr>\n<tr>\n<td>_ga<\/td>\n<td>Google Analytics Cookie: Se utiliza para distinguir los usuarios.<\/td>\n<td>2 a\u00f1os<\/td>\n<\/tr>\n<tr>\n<td>_gat<\/td>\n<td>Google Analytics Cookie: Se utiliza para reducir la cuota de demanda.<\/td>\n<td>10 minutos<\/td>\n<\/tr>\n<tr>\n<td colspan=\"3\">\n<h4>Lista de terceros<\/h4>\n<\/td>\n<\/tr>\n<tr>\n<td>Nombre<\/td>\n<td colspan=\"2\">Servicio en nuestras p\u00e1ginas web<\/td>\n<\/tr>\n<tr>\n<td>Google Maps<\/td>\n<td colspan=\"2\">Los mapas integrados en nuestras p\u00e1ginas web redirigen a Google.<\/td>\n<\/tr>\n<\/tbody>\n<\/table>\n<p>&nbsp;<\/p>\n<p style=\"text-align: center;\"><em>Esta lista se actualiza regularmente, sin embargo no podemos garantizar su exhaustividad.<\/em><\/p>\n<h2>Uso de cookies de terceros<\/h2>\n<p>Nuestras p\u00e1ginas web utilizan cookies de terceros como por ejemplo Facebook, Instagram, YouTube. Es posible que estos terceros pueden observar c\u00f3mo usa nuestras p\u00e1ginas web. Por ejemplo, en la activaci\u00f3n de los plug-ins de las redes sociales haciendo clic en los botones correspondientes (por ejemplo el bot\u00f3n \u201cme gusta\u201d de Facebook) aparecen sus datos personales tambi\u00e9n al proveedor de la red social y los visitantes de su p\u00e1gina de red social.<\/p>\n<p>Para el uso de dichas p\u00e1ginas web de redes sociales se aplican las condiciones y la protecci\u00f3n de privacidad de cada red social. Esta declaraci\u00f3n de cookies no se aplica para el uso de aquellas p\u00e1ginas web de redes sociales. Encuentra m\u00e1s informaci\u00f3n respecto al tratamiento de sus datos personales por nosotros, tambi\u00e9n en relaci\u00f3n con las redes sociales, en nuestra <a href=\"\/?page_id=398\">Pol\u00edtica de privacidad<\/a>.<\/p>\n<h2>Revocaci\u00f3n o eliminaci\u00f3n de cookies<\/h2>\n<p>Existen diferentes maneras para bloquear o restringir el uso de cookies en su dispositivo terminal. Antes de utilizar las cookies obtenemos su acuerdo (a trav\u00e9s de una ventana pop-up). Usted puede elegir si quiere permitir su utilizaci\u00f3n o bloquearlas.<\/p>\n<p>M\u00e1s informaci\u00f3n puede encontrar tambi\u00e9n en la funci\u00f3n de ayuda de su navegador. Detalles respecto a la revocaci\u00f3n o eliminaci\u00f3n de cookies y m\u00e1s informaci\u00f3n sobre cookies en general puede encontrar en www.allaboutcookies.org.<\/p>\n<p>Le informamos que en caso que bloquee las cookies la calidad de funcionamiento de nuestras p\u00e1ginas web puede ser afectada.<\/p>\n<p><u>Versi\u00f3n del <\/u>24 de mayo de 2018<\/p>\n<\/div><\/div><\/div><\/div><\/section>","protected":false},"excerpt":{"rendered":"<p>Nos hacemos responsables para la protecci\u00f3n de sus datos y de su privacidad. As\u00ed que nos importa que nuestros servicios y ofertas sean transparentes, personales y fiables. Por eso le explicamos en esta Declaraci\u00f3n de cookies por qu\u00e9 y c\u00f3mo utilizamos las cookies. Esta Declaraci\u00f3n completa y concreta convenientemente nuestra Pol\u00edtica de privacidad. \u00c1mbito de [&hellip;]<\/p>\n","protected":false},"author":2,"featured_media":0,"parent":0,"menu_order":0,"comment_status":"closed","ping_status":"closed","template":"","meta":{"inline_featured_image":false,"footnotes":""},"class_list":["post-10383","page","type-page","status-publish","hentry"],"_links":{"self":[{"href":"https:\/\/www.software-reuse.eu\/es\/wp-json\/wp\/v2\/pages\/10383","targetHints":{"allow":["GET"]}}],"collection":[{"href":"https:\/\/www.software-reuse.eu\/es\/wp-json\/wp\/v2\/pages"}],"about":[{"href":"https:\/\/www.software-reuse.eu\/es\/wp-json\/wp\/v2\/types\/page"}],"author":[{"embeddable":true,"href":"https:\/\/www.software-reuse.eu\/es\/wp-json\/wp\/v2\/users\/2"}],"replies":[{"embeddable":true,"href":"https:\/\/www.software-reuse.eu\/es\/wp-json\/wp\/v2\/comments?post=10383"}],"version-history":[{"count":0,"href":"https:\/\/www.software-reuse.eu\/es\/wp-json\/wp\/v2\/pages\/10383\/revisions"}],"wp:attachment":[{"href":"https:\/\/www.software-reuse.eu\/es\/wp-json\/wp\/v2\/media?parent=10383"}],"curies":[{"name":"wp","href":"https:\/\/api.w.org\/{rel}","templated":true}]}}