{"id":14065,"date":"2021-06-17T22:21:06","date_gmt":"2021-06-17T20:21:06","guid":{"rendered":"https:\/\/swr1.wpenginepowered.com\/microsoft-termina-con-la-restriccion-a-la-reventa-de-licencias-de-software\/"},"modified":"2024-07-03T09:13:08","modified_gmt":"2024-07-03T07:13:08","slug":"microsoft-termina-con-la-restriccion-a-la-reventa-de-licencias-de-software","status":"publish","type":"page","link":"https:\/\/www.software-reuse.eu\/es\/blog\/microsoft-termina-con-la-restriccion-a-la-reventa-de-licencias-de-software\/","title":{"rendered":"Microsoft termina con la restricci\u00f3n a la reventa de licencias de software"},"content":{"rendered":"<section><div class=\"container\"><div class=\"row\"><div class=\"wpb_column hcode-column-container  vc_custom_1581282046709 vc_col-sm-2 col-xs-mobile-fullwidth\" data-front-class=\" vc_custom_1581282046709 col-xs-mobile-fullwidth\"><div class=\"vc-column-innner-wrapper\"><\/div><\/div><div class=\"wpb_column hcode-column-container vc_col-sm-8 col-xs-mobile-fullwidth\" data-front-class=\"col-xs-mobile-fullwidth\"><div class=\"vc-column-innner-wrapper\">[vc_single_image source=\"featured_image\" img_size=\"full\" css=\"\"][vc_empty_space height=\"24px\"]<h2>Microsoft termina con la restricci\u00f3n a la reventa de licencias de software<\/h2>\n<p><em>En mayo de 2020, Microsoft ha introducido un p\u00e1rrafo limitante en sus condiciones de licencia: <\/em><\/p>\n<p><em>Los clientes Enterprise que pasaron al cloud y recibieron un descuento por eso ya no pudieron vender sus licencias existentes. Ahora la empresa de software lo ha retirado de nuevo. <\/em><\/p>\n<p>La restricci\u00f3n publicada en las condiciones de licencia de Microsoft (\u201eProduct Terms\u201c) afect\u00f3 particularmente a los clientes de grandes empresas. Estos usaron en su mayor\u00eda sus licencias que a\u00fan estaban bajo el \u201eSoftware Assurance\u201c para poder aprovechar del descuento permanente \u201eUpgrade from SA\u201c (Software Assurance).<\/p>\n<h2>Retirada de restricci\u00f3n en junio de 2021<\/h2>\n<p>A principios de junio, Microsoft quit\u00f3 el p\u00e1rrafo restrictivo de sus condiciones de licencia sin m\u00e1s aviso. Las empresas que ahora optan por adquirir licencias de actualizaci\u00f3n \u201eUpgrade from SA\u201c (Software Assurance) para migrar a la nube pueden continuar disponiendo libremente de sus licencias no usadas, como por ejemplo licencias Office y Windows. Es una buena noticia porque facilita a muchas empresas el cambio al cloud. Muchos empresarios a\u00fan no saben que la reventa de sus licencias sin uso puede ser una buena fuente de ingresos.<\/p>\n<div class=\"margin-three-bottom sm-margin-three-bottom xs-margin-three-bottom\"><h2>Upgrade from Software Assurance \u2013 las condiciones de licencia de los t\u00e9rminos de producto (Product Terms) antes y despu\u00e9s de mayo de 2021.<\/h2>\n<\/div>[vc_single_image image=\"14083\" img_size=\"full\" alignment=\"center\" style=\"vc_box_shadow\" css=\".vc_custom_1623961999337{border-radius: 1px !important;}\"][vc_empty_space]<p><em>Microsoft Product Terms desde mayo de 2020 hasta incluyendo mayo de 2021<\/em><\/p>\n[vc_empty_space][vc_single_image image=\"14092\" img_size=\"full\" alignment=\"center\" style=\"vc_box_shadow\"][vc_empty_space]<p><em>Microsoft Product Terms despu\u00e9s del cambio en junio de 2021. El aviso que el cliente tiene que conservar la licencia falta completamente.<\/em><\/p>\n<p>Fuente: <a href=\"https:\/\/www.microsoft.com\/licensing\/terms\/productoffering\/Microsoft365\/EAEAS#FromSA\" target=\"_blank\" rel=\"noopener\">From SA<\/a><\/p>\n[vc_empty_space]<h2>Conclusi\u00f3n: Venta de licencias de software despu\u00e9s del cambio al cloud<\/h2>\n<p>Si ha migrado al cloud de Microsoft en los \u00faltimos a\u00f1os, ahora nos puede vender sus licencias \u201eOn Premise\u201c no utilizadas. Lo mismo se aplica si quiere refinanciar los gastos de una futura migraci\u00f3n a la nube. El equipo de Software ReUse est\u00e1 a su disposici\u00f3n para ofrecerle un presupuesto de compra.<\/p>\n<\/div><\/div><div class=\"wpb_column hcode-column-container vc_col-sm-2 col-xs-mobile-fullwidth\" data-front-class=\"col-xs-mobile-fullwidth\"><div class=\"vc-column-innner-wrapper\"><\/div><\/div><\/div><\/div><\/section><section class=\" vc_custom_1607508772717\"><div class=\"container\"><div class=\"row\"><div class=\"wpb_column hcode-column-container vc_col-sm-12 col-xs-mobile-fullwidth\" data-front-class=\"col-xs-mobile-fullwidth\"><div class=\"vc-column-innner-wrapper\"><p>\u00bfEst\u00e1 interesado en la compra o venta de software para su empresa? Escr\u00edbanos una consulta no vinculante.<\/p>\n<div class=\"cta-buttons hcode-inner-row\"><div class=\"wpb_column hcode-column-container vc_col-sm-12 col-xs-mobile-fullwidth\" data-front-class=\"col-xs-mobile-fullwidth\"><div class=\"vc-column-innner-wrapper\">[vc_btn title=\"Tienda online\" link=\"url:https%3A%2F%2Fwww.software-reuse.eu%2Fshop%2Fes%2F|title:Tienda%20online|\" el_class=\"primary-button\"][vc_btn title=\"asesoramiento no vinculante\" el_class=\"secondary-button\" link=\"url:https%3A%2F%2Fwww.software-reuse.eu%2Fes%2Fcontacto%2F|title:asesoramiento%20no%20vinculante|\"]<\/div><\/div><\/div><\/div><\/div><\/div><\/div><\/section><section class=\"fakten-cta\"><div class=\"container\"><div class=\"row\"><div class=\"wpb_column hcode-column-container vc_col-sm-12 col-xs-mobile-fullwidth\" data-front-class=\"col-xs-mobile-fullwidth\"><div class=\"vc-column-innner-wrapper\"><div class=\"padding-three-bottom sm-padding-three-bottom xs-padding-three-tb\"><h2 style=\"text-align: center;\">Software ReUse en la prensa<\/h2>\n<\/div>[vc_raw_html el_class=\"presse-logo-slider\"]W2xvZ29zaG93Y2FzZSBjYXRfaWQ9IjI2IiBkb3RzPSJmYWxzZSJd[\/vc_raw_html]<\/div><\/div><\/div><\/div><\/section>","protected":false},"excerpt":{"rendered":"<p>[vc_single_image source=&#8221;featured_image&#8221; img_size=&#8221;full&#8221; css=&#8221;&#8221;][vc_empty_space height=&#8221;24px&#8221;]Microsoft termina con la restricci\u00f3n a la reventa de licencias de software En mayo de 2020, Microsoft ha introducido un p\u00e1rrafo limitante en sus condiciones de licencia: Los clientes Enterprise que pasaron al cloud y recibieron un descuento por eso ya no pudieron vender sus licencias existentes. Ahora la empresa de [&hellip;]<\/p>\n","protected":false},"author":5,"featured_media":52170,"parent":39761,"menu_order":0,"comment_status":"closed","ping_status":"closed","template":"","meta":{"inline_featured_image":false,"footnotes":""},"class_list":["post-14065","page","type-page","status-publish","has-post-thumbnail","hentry"],"_links":{"self":[{"href":"https:\/\/www.software-reuse.eu\/es\/wp-json\/wp\/v2\/pages\/14065","targetHints":{"allow":["GET"]}}],"collection":[{"href":"https:\/\/www.software-reuse.eu\/es\/wp-json\/wp\/v2\/pages"}],"about":[{"href":"https:\/\/www.software-reuse.eu\/es\/wp-json\/wp\/v2\/types\/page"}],"author":[{"embeddable":true,"href":"https:\/\/www.software-reuse.eu\/es\/wp-json\/wp\/v2\/users\/5"}],"replies":[{"embeddable":true,"href":"https:\/\/www.software-reuse.eu\/es\/wp-json\/wp\/v2\/comments?post=14065"}],"version-history":[{"count":0,"href":"https:\/\/www.software-reuse.eu\/es\/wp-json\/wp\/v2\/pages\/14065\/revisions"}],"up":[{"embeddable":true,"href":"https:\/\/www.software-reuse.eu\/es\/wp-json\/wp\/v2\/pages\/39761"}],"wp:featuredmedia":[{"embeddable":true,"href":"https:\/\/www.software-reuse.eu\/es\/wp-json\/wp\/v2\/media\/52170"}],"wp:attachment":[{"href":"https:\/\/www.software-reuse.eu\/es\/wp-json\/wp\/v2\/media?parent=14065"}],"curies":[{"name":"wp","href":"https:\/\/api.w.org\/{rel}","templated":true}]}}