{"id":14129,"date":"2021-06-25T13:40:26","date_gmt":"2021-06-25T11:40:26","guid":{"rendered":"https:\/\/swr1.wpenginepowered.com\/?page_id=14129"},"modified":"2021-07-02T08:05:20","modified_gmt":"2021-07-02T06:05:20","slug":"software-de-segunda-mano-para-distribuidores","status":"publish","type":"page","link":"https:\/\/www.software-reuse.eu\/es\/software-de-segunda-mano-para-distribuidores\/","title":{"rendered":"Software de segunda mano para distribuidores"},"content":{"rendered":"<section class=\" vc_custom_1608278781941\"><div class=\"container\"><div class=\"row\"><div class=\"wpb_column hcode-column-container vc_col-sm-12 col-xs-mobile-fullwidth\" data-front-class=\"col-xs-mobile-fullwidth\"><div class=\"vc-column-innner-wrapper\">[vc_single_image image=\"11983\" img_size=\"full\" alignment=\"center\"]<\/div><\/div><\/div><\/div><\/section><section class=\" vc_custom_1608278913247\"><div class=\"container\"><div class=\"row\"><div class=\"wpb_column hcode-column-container vc_col-sm-12 col-xs-mobile-fullwidth\" data-front-class=\"col-xs-mobile-fullwidth\"><div class=\"vc-column-innner-wrapper\"><h1>Mejores m\u00e1rgenes con software de segunda mano<\/h1>\n<h3>Comprar licencias de software de segunda mano legalmente y revenderlas con mayor ganancia<\/h3>\n<p><span class=\"\">En Software ReUse puedes obtener desde 2011, licencias de segunda mano de Microsoft y Adobe que se transfieren <a href=\"\/?page_id=90\" target=\"_blank\" rel=\"noopener\" data-schema-attribute=\"\">en conformidad a la legislaci\u00f3n de la UE<\/a><\/span><span class=\"\"> a usted o a su empresa. Ahorre as\u00ed hasta 75% en comparaci\u00f3n con el precio nuevo y \u00a1eso con una calidad 100% como nueva!<\/span><\/p>\n<p>Ofrecemos por ejemplo:<\/p>\n<ul>\n<li><a href=\"\/?p=9817\" target=\"_blank\" rel=\"noopener\" data-schema-attribute=\"\">Microsoft Office 2019 Professional Plus,\u00a0<\/a><a href=\"https:\/\/www.software-reuse.eu\/es\/software-kaufen\/office-2016\/\" target=\"_blank\" rel=\"noopener\" data-schema-attribute=\"\">Microsoft Office 2016<\/a><\/li>\n<li><a href=\"\/?p=639\" target=\"_blank\" rel=\"noopener\" data-schema-attribute=\"\">Windows 10 Professional, Windows 10,<\/a> Enterprise LTSC 2019<\/li>\n<li>Windows Server 2019, Windows Server 2016, SQL Server 2019, SQL Server 2017\u00a0como diferentes licencias de acceso<\/li>\n<li><a href=\"\/?p=596\" target=\"_blank\" rel=\"noopener\" data-schema-attribute=\"\">Adobe Creative Suites CS6<\/a>, <a href=\"\/?p=585\" target=\"_blank\" rel=\"noopener\" data-schema-attribute=\"\">Photoshop CS6<\/a> y licencias Acrobat<\/li>\n<li>Licencias Autodesk AutoCAD y<\/li>\n<li>VMWare como por ejemplo <a href=\"\/?p=550\" target=\"_blank\" rel=\"noopener\" data-schema-attribute=\"\">licencias VSphere Enterprise<\/a><\/li>\n<\/ul>\n<p>As\u00ed nuestros socios se ahorran dinero en la compra de licencias de software. Adem\u00e1s pueden aumentar sus m\u00e1rgenes y tambi\u00e9n ofrecer a sus clientes software a un muy buen precio.<\/p>\n<\/div><\/div><\/div><\/div><\/section><section class=\"row-equal-height row-content-middle\"><div class=\"container\"><div class=\"row hcode-row-flex\"><div class=\"wpb_column hcode-column-container vc_col-sm-6 col-xs-mobile-fullwidth\" data-front-class=\"col-xs-mobile-fullwidth\"><div class=\"vc-column-innner-wrapper\">[vc_video link=\"https:\/\/youtu.be\/dLIuIBWtBMU\"]<\/div><\/div><div class=\"wpb_column hcode-column-container vc_col-sm-6 col-xs-mobile-fullwidth\" data-front-class=\"col-xs-mobile-fullwidth\"><div class=\"vc-column-innner-wrapper\"><div class=\"page\" title=\"Page 3\">\n<div class=\"section\">\n<div class=\"layoutArea\">\n<div class=\"column\">\n<h2 style=\"text-align: left;\">\u00a1Buscamos socios!<\/h2>\n<div class=\"page\" title=\"Page 3\">\n<div class=\"section\">\n<div class=\"layoutArea\">\n<div class=\"column\">\n<p style=\"text-align: left;\">Queremos ampliar nuestra red de socios y buscamos empresas de servicios inform\u00e1ticos y digitales que, juntos con nosotros, quieren ayudar a sus clientes a ahorrar dinero en la compra de licencias de software.<\/p>\n<\/div>\n<\/div>\n<\/div>\n<\/div>\n<\/div>\n<\/div>\n<\/div>\n<\/div>\n[vc_btn title=\"Registrar como socio\" shape=\"square\" link=\"url:https%3A%2F%2Fwww.software-reuse.eu%2Fes%2Fcontacto%2F\" el_class=\"primary-button\"]<\/div><\/div><div class=\"wpb_column hcode-column-container  col-xs-mobile-fullwidth\" data-front-class=\"col-xs-mobile-fullwidth front-column-class\"><div class=\"vc-column-innner-wrapper\"><\/div><\/div><\/div><\/div><\/section><section><div class=\"container\"><div class=\"row\"><div class=\"wpb_column hcode-column-container  col-xs-mobile-fullwidth\" data-front-class=\"col-xs-mobile-fullwidth front-column-class\"><div class=\"vc-column-innner-wrapper\"><h2 style=\"text-align: center;\">\u00bfPor qu\u00e9 Software ReUse?<\/h2>\n[vc_empty_space height=\"24px\"]<div class=\"hcode-inner-row\"><div class=\"wpb_column hcode-column-container vc_col-sm-3 col-xs-mobile-fullwidth\" data-front-class=\"col-xs-mobile-fullwidth\"><div class=\"vc-column-innner-wrapper\">[vc_single_image image=\"11444\" alignment=\"center\"]<h3 style=\"text-align: center;\"><strong>Seguridad para la auditor\u00eda<\/strong><\/h3>\n<div class=\"page\" title=\"Page 2\">\n<div class=\"section\">\n<div class=\"layoutArea\">\n<div class=\"column\">\n<p style=\"text-align: center;\">Software ReUse entrega todos los documentos para la auditor\u00eda.<\/p>\n<p style=\"text-align: center;\">\u00a1As\u00ed la conformidad legal para sus clientes est\u00e1 garantizada!<\/p>\n<\/div>\n<\/div>\n<\/div>\n<\/div>\n<\/div><\/div><div class=\"wpb_column hcode-column-container vc_col-sm-3 col-xs-mobile-fullwidth\" data-front-class=\"col-xs-mobile-fullwidth\"><div class=\"vc-column-innner-wrapper\">[vc_single_image image=\"11464\" alignment=\"center\"]<h3 style=\"text-align: center;\"><strong>Econ\u00f3mico<\/strong><\/h3>\n<div class=\"page\" title=\"Page 2\">\n<div class=\"section\">\n<div class=\"layoutArea\">\n<div class=\"column\">\n<p style=\"text-align: center;\">En Software ReUse obtiene el software probado hasta un 70% m\u00e1s econ\u00f3mico en comparaci\u00f3n con el precio original.<\/p>\n<\/div>\n<\/div>\n<\/div>\n<\/div>\n<\/div><\/div><div class=\"wpb_column hcode-column-container vc_col-sm-3 col-xs-mobile-fullwidth\" data-front-class=\"col-xs-mobile-fullwidth\"><div class=\"vc-column-innner-wrapper\">[vc_single_image image=\"11459\" alignment=\"center\"]<div class=\"page\" title=\"Page 2\">\n<div class=\"section\">\n<div class=\"layoutArea\">\n<div class=\"column\">\n<div class=\"page\" title=\"Page 2\">\n<div class=\"section\">\n<div class=\"layoutArea\">\n<div class=\"column\">\n<h3 style=\"text-align: center;\"><strong>Lucrativo<\/strong><\/h3>\n<\/div>\n<\/div>\n<\/div>\n<\/div>\n<\/div>\n<\/div>\n<\/div>\n<\/div>\n<div class=\"page\" title=\"Page 2\">\n<div class=\"section\">\n<div class=\"layoutArea\">\n<div class=\"column\">\n<p style=\"text-align: center;\">\u00a1Software de segunda mano no s\u00f3lo es una ganancia para sus clientes!<\/p>\n<p style=\"text-align: center;\">Nosotros le ofrecemos m\u00e1rgenes atractivos y una buena disponibilidad de software est\u00e1ndar.<\/p>\n<\/div>\n<\/div>\n<\/div>\n<\/div>\n<\/div><\/div><div class=\"wpb_column hcode-column-container vc_col-sm-3 col-xs-mobile-fullwidth\" data-front-class=\"col-xs-mobile-fullwidth\"><div class=\"vc-column-innner-wrapper\">[vc_single_image image=\"11749\" alignment=\"center\"]<h3 style=\"text-align: center;\"><strong> Flexible<\/strong><\/h3>\n<div class=\"page\" title=\"Page 2\">\n<div class=\"section\">\n<div class=\"layoutArea\">\n<div class=\"column\">\n<p style=\"text-align: center;\">\u00bfSus clientes utilizan el modelo de suscripci\u00f3n de Microsoft o planifican hacerlo?<\/p>\n<p style=\"text-align: center;\">Software de segunda mano puede ser un buen suplemento o servir temporalmente.<\/p>\n<\/div>\n<\/div>\n<\/div>\n<\/div>\n<\/div><\/div><\/div><\/div><\/div><\/div><\/div><\/section><section class=\" vc_custom_1608036545949\"><div class=\"container\"><div class=\"row\"><div class=\"wpb_column hcode-column-container vc_col-sm-6 col-xs-mobile-fullwidth\" data-front-class=\"col-xs-mobile-fullwidth\"><div class=\"vc-column-innner-wrapper\"><h2>Consejo sobre el comercio de licencias<\/h2>\n<p style=\"text-align: left;\">\u00bfSu cliente tiene preguntas sobre el licenciamiento de Microsoft o quiere mudarse a la nube y vender sus licencias antiguas? Nuestros asesores certificados de Microsoft License Professional le ayudan con mucho gusto sobre este y otros temas.<\/p>\n<div class=\"page\" title=\"Page 2\">\n<div class=\"section\">\n<div class=\"layoutArea\">\n<div class=\"column\">\n<p style=\"text-align: left;\">Desde 2011, Software ReUse es proveedor l\u00edder de licencias de software de segunda mano y conoce muy bien la situaci\u00f3n jur\u00eddica, las particularidades y la transferencia correcta de licencias. <a href=\"\/?page_id=501\" data-schema-attribute=\"\">Cont\u00e1ctenos<\/a> al respecto o ll\u00e1menos directamente al +34 91 \/ 4191 749.<\/p>\n<\/div>\n<\/div>\n<\/div>\n<\/div>\n[vc_btn title=\"Concierte una cita de consulta\" shape=\"square\" link=\"url:https%3A%2F%2Fcalendly.com%2Fsoftware-reuse%2Fpersoenliches-beratungsgespraech|||\" el_class=\"primary-button\"][vc_btn title=\"Obtenga una oferta individual\" shape=\"square\" link=\"url:https%3A%2F%2Fwww.software-reuse.eu%2Fes%2Fcontacto%2F\" el_class=\"secondary-button\"]<\/div><\/div><div class=\"wpb_column hcode-column-container vc_col-sm-6 col-xs-mobile-fullwidth\" data-front-class=\"col-xs-mobile-fullwidth\"><div class=\"vc-column-innner-wrapper\">[vc_single_image image=\"7834\" img_size=\"medium\" alignment=\"center\" style=\"vc_box_circle\" onclick=\"custom_link\" img_link_target=\"_blank\" link=\"https:\/\/www.software-reuse.eu\/shop\/\" css=\".vc_custom_1608279420922{padding-bottom: 16px !important;}\"]<p style=\"text-align: center;\"><strong>Mag. Stefan Tauchhammer, MBA<\/strong><br \/>\nGerente de Software ReUse<\/p>\n<\/div><\/div><\/div><\/div><\/section><section><div class=\"container\"><div class=\"row\"><div class=\"wpb_column hcode-column-container vc_col-sm-12 col-xs-mobile-fullwidth\" data-front-class=\"col-xs-mobile-fullwidth\"><div class=\"vc-column-innner-wrapper\"><h2 style=\"text-align: center;\">Software ReUse en la prensa<\/h2>\n[vc_empty_space height=\"24px\"][vc_raw_html]JTVCbG9nb3Nob3djYXNlJTIwY2F0X2lkJTNEJTIyMjYlMjIlMjBkb3RzJTNEJTIyZmFsc2UlMjIlNUQ=[\/vc_raw_html]<\/div><\/div><\/div><\/div><\/section><section><div class=\"container\"><div class=\"row\"><div class=\"wpb_column hcode-column-container  col-xs-mobile-fullwidth\" data-front-class=\"col-xs-mobile-fullwidth front-column-class\"><div class=\"vc-column-innner-wrapper\"><h2 style=\"text-align: center;\">\u00bfEs distribuidor de software y tiene preguntas? \u00a1P\u00f3ngase en contacto con nuestros expertos!<\/h2>\n[vc_empty_space height=\"24px\"]<div class=\"hcode-inner-row\"><div class=\"wpb_column hcode-column-container vc_col-sm-6 col-xs-mobile-fullwidth\" data-front-class=\"col-xs-mobile-fullwidth\"><div class=\"vc-column-innner-wrapper\">\n<div class=\"wpcf7 no-js\" id=\"wpcf7-f54412-o1\" lang=\"es-ES\" dir=\"ltr\" data-wpcf7-id=\"54412\">\n<div class=\"screen-reader-response\"><p role=\"status\" aria-live=\"polite\" aria-atomic=\"true\"><\/p> <ul><\/ul><\/div>\n<form action=\"\/es\/wp-json\/wp\/v2\/pages\/14129#wpcf7-f54412-o1\" method=\"post\" class=\"wpcf7-form init\" aria-label=\"Formulario de contacto\" novalidate=\"novalidate\" data-status=\"init\">\n<fieldset class=\"hidden-fields-container\"><input type=\"hidden\" name=\"_wpcf7\" value=\"54412\" \/><input type=\"hidden\" name=\"_wpcf7_version\" value=\"6.1.1\" \/><input type=\"hidden\" name=\"_wpcf7_locale\" value=\"es_ES\" \/><input type=\"hidden\" name=\"_wpcf7_unit_tag\" value=\"wpcf7-f54412-o1\" \/><input type=\"hidden\" name=\"_wpcf7_container_post\" value=\"0\" \/><input type=\"hidden\" name=\"_wpcf7_posted_data_hash\" value=\"\" \/>\n<\/fieldset>\n<div>\n\t<p><label> Saludo*<br \/>\n<span class=\"wpcf7-form-control-wrap\" data-name=\"salutation\"><select class=\"wpcf7-form-control wpcf7-select wpcf7-validates-as-required\" aria-required=\"true\" aria-invalid=\"false\" name=\"salutation\"><option value=\"Sr.\">Sr.<\/option><option value=\"Sra.\">Sra.<\/option><option value=\"Empresa\">Empresa<\/option><\/select><\/span><\/label>\n\t<\/p>\n\t<p><label> Tu nombre<br \/>\n<span class=\"wpcf7-form-control-wrap\" data-name=\"your-name\"><input size=\"40\" maxlength=\"400\" class=\"wpcf7-form-control wpcf7-text wpcf7-validates-as-required\" aria-required=\"true\" aria-invalid=\"false\" value=\"\" type=\"text\" name=\"your-name\" \/><\/span> <\/label>\n\t<\/p>\n<\/div>\n<p><label> El nombre de tu empresa<br \/>\n<span class=\"wpcf7-form-control-wrap\" data-name=\"your-company\"><input size=\"40\" maxlength=\"400\" class=\"wpcf7-form-control wpcf7-text\" aria-invalid=\"false\" value=\"\" type=\"text\" name=\"your-company\" \/><\/span> <\/label>\n<\/p>\n<div>\n\t<p><label> Tu direcci\u00f3n de correo electr\u00f3nico*<br \/>\n<span class=\"wpcf7-form-control-wrap\" data-name=\"your-email\"><input size=\"40\" maxlength=\"400\" class=\"wpcf7-form-control wpcf7-email wpcf7-validates-as-required wpcf7-text wpcf7-validates-as-email\" aria-required=\"true\" aria-invalid=\"false\" value=\"\" type=\"email\" name=\"your-email\" \/><\/span> <\/label>\n\t<\/p>\n\t<p><label>Tel\u00e9fono<br \/>\n<span class=\"wpcf7-form-control-wrap\" data-name=\"telefon\"><input size=\"40\" maxlength=\"400\" class=\"wpcf7-form-control wpcf7-tel wpcf7-validates-as-required wpcf7-text wpcf7-validates-as-tel\" aria-required=\"true\" aria-invalid=\"false\" value=\"\" type=\"tel\" name=\"telefon\" \/><\/span><\/label>\n\t<\/p>\n<\/div>\n<div>\n\t<p><label> Presupuesto<br \/>\n<span class=\"wpcf7-form-control-wrap\" data-name=\"budget\"><select class=\"wpcf7-form-control wpcf7-select\" aria-invalid=\"false\" name=\"budget\"><option value=\"No especificado\">No especificado<\/option><option value=\"0-1.000 euros\">0-1.000 euros<\/option><option value=\"1.000-5.000 euros\">1.000-5.000 euros<\/option><option value=\"5.000-10.000 euros\">5.000-10.000 euros<\/option><option value=\"a partir de 10.000 euros\">a partir de 10.000 euros<\/option><\/select><\/span><\/label>\n\t<\/p>\n\t<p><label> Cantidad<br \/>\n<span class=\"wpcf7-form-control-wrap\" data-name=\"budget\"><select class=\"wpcf7-form-control wpcf7-select\" aria-invalid=\"false\" name=\"budget\"><option value=\"1-10\">1-10<\/option><option value=\"11-50\">11-50<\/option><option value=\"101-1000\">101-1000<\/option><option value=\"1000+\">1000+<\/option><\/select><\/span><\/label>\n\t<\/p>\n<\/div>\n<p><label> Cliente final\/revendedor<\/label><br \/>\n<span class=\"wpcf7-form-control-wrap\" data-name=\"kunde\"><span class=\"wpcf7-form-control wpcf7-radio\"><span class=\"wpcf7-list-item first\"><label><input type=\"radio\" name=\"kunde\" value=\"No especificado\" checked=\"checked\" \/><span class=\"wpcf7-list-item-label\">No especificado<\/span><\/label><\/span><span class=\"wpcf7-list-item\"><label><input type=\"radio\" name=\"kunde\" value=\"Cliente final\" \/><span class=\"wpcf7-list-item-label\">Cliente final<\/span><\/label><\/span><span class=\"wpcf7-list-item last\"><label><input type=\"radio\" name=\"kunde\" value=\"Revendedor\" \/><span class=\"wpcf7-list-item-label\">Revendedor<\/span><\/label><\/span><\/span><\/span><br \/>\n<span id=\"wpcf7-69e49e27a4849-wrapper\" class=\"wpcf7-form-control-wrap honeypot-100-wrap\" style=\"display:none !important; visibility:hidden !important;\"><label for=\"wpcf7-69e49e27a4849-field\" class=\"hp-message\">Por favor, deja este campo vac\u00edo.<\/label><input id=\"wpcf7-69e49e27a4849-field\"  class=\"wpcf7-form-control wpcf7-text\" type=\"text\" name=\"honeypot-100\" value=\"\" size=\"40\" tabindex=\"-1\" autocomplete=\"new-password\" \/><\/span><br \/>\n<label> Productos<br \/>\n<span class=\"wpcf7-form-control-wrap\" data-name=\"produkte\"><select class=\"wpcf7-form-control wpcf7-select\" aria-invalid=\"false\" name=\"produkte\"><option value=\"No especificado\">No especificado<\/option><option value=\"Microsoft Office\">Microsoft Office<\/option><option value=\"Microsoft Windows\">Microsoft Windows<\/option><option value=\"Microsoft SQL Server und CALs\">Microsoft SQL Server und CALs<\/option><option value=\"Microsoft Windows Server und CALs\">Microsoft Windows Server und CALs<\/option><option value=\"Microsoft Exchange Server und CALs\">Microsoft Exchange Server und CALs<\/option><option value=\"Microsoft\">Microsoft<\/option><option value=\"Adobe Acrobat\">Adobe Acrobat<\/option><option value=\"Adobe CS6 Programme\">Adobe CS6 Programme<\/option><option value=\"Autodesk-Produkte\">Autodesk-Produkte<\/option><option value=\"VMware\">VMware<\/option><\/select><\/span><\/label>\n<\/p>\n<p><label> Asunto*<br \/>\n<span class=\"wpcf7-form-control-wrap\" data-name=\"subject\"><select class=\"wpcf7-form-control wpcf7-select wpcf7-validates-as-required\" aria-required=\"true\" aria-invalid=\"false\" name=\"subject\"><option value=\"Consulta no vinculante sobre la licencia\">Consulta no vinculante sobre la licencia<\/option><option value=\"Pregunta sobre la compra\/venta\">Pregunta sobre la compra\/venta<\/option><option value=\"Peticiones\/sugerencias\">Peticiones\/sugerencias<\/option><option value=\"Inscripci\u00f3n como socio (revendedor)\">Inscripci\u00f3n como socio (revendedor)<\/option><option value=\"Preguntas sobre la factura\">Preguntas sobre la factura<\/option><option value=\"Oferta individual\">Oferta individual<\/option><option value=\"Otras peticiones\">Otras peticiones<\/option><\/select><\/span> <\/label>\n<\/p>\n<p><label> Tu solicitud<br \/>\n<span class=\"wpcf7-form-control-wrap\" data-name=\"message\"><textarea cols=\"40\" rows=\"10\" maxlength=\"2000\" class=\"wpcf7-form-control wpcf7-textarea\" aria-invalid=\"false\" name=\"message\"><\/textarea><\/span> <\/label>\n<\/p>\n<p><label>\u00bfC\u00f3mo nos conociste?<br \/>\n<span class=\"wpcf7-form-control-wrap\" data-name=\"wie-erfahren\"><input size=\"40\" maxlength=\"400\" class=\"wpcf7-form-control wpcf7-text\" aria-invalid=\"false\" value=\"\" type=\"text\" name=\"wie-erfahren\" \/><\/span><\/label>\n<\/p>\n<p><!-- Mailchimp for WordPress v4.10.7 - https:\/\/www.mc4wp.com\/ --><input type=\"hidden\" name=\"_mc4wp_subscribe_contact-form-7\" value=\"0\" \/><span class=\"mc4wp-checkbox mc4wp-checkbox-contact-form-7 \"><label><input type=\"checkbox\" name=\"_mc4wp_subscribe_contact-form-7\" value=\"1\" ><span>Ich m\u00f6chte den Software ReUse-Newsletter bekommen, um laufend \u00fcber Sonderangebote informiert zu werden. Dies kann jederzeit widerrufen werden. <\/span><\/label><\/span><!-- \/ Mailchimp for WordPress -->\n<\/p>\n<div class=\"f-dsgvo\">\n\t<p><span class=\"wpcf7-form-control-wrap\" data-name=\"acceptance-534\"><span class=\"wpcf7-form-control wpcf7-acceptance\"><span class=\"wpcf7-list-item\"><label><input type=\"checkbox\" name=\"acceptance-534\" value=\"1\" aria-invalid=\"false\" \/><span class=\"wpcf7-list-item-label\">* He tomado nota de la <a href=\"https:\/\/www.software-reuse.eu\/datenschutz\/\" target=\"_blank\">pol\u00edtica de privacidad<\/a>. Acepto que mis datos, apellidos, nombre, direcci\u00f3n de correo electr\u00f3nico y mi mensaje sean procesados exclusivamente con el fin de tramitar y gestionar mi consulta. Tratamos estos datos sobre la base de tu consentimiento, de conformidad con el art. 6, apdo. 1 a) del RGPD.<\/span><\/label><\/span><\/span><\/span>\n\t<\/p>\n<\/div>\n<div class=\"h-captcha\" data-sitekey=\"cd7c840c-b42c-4ae4-80a2-9bca6866534a\" data-size=\"normal\" data-theme=\"light\" data-lang=\"es\"><\/div><span class=\"wpcf7-form-control-wrap cf7apps-hcaptcha\" data-name=\"cf7apps-hcaptcha\"><input type=\"hidden\" name=\"cf7apps-hcaptcha\" value=\"\" class=\"wpcf7-form-control\"><\/span>\n<\/p>\n<p><input class=\"wpcf7-form-control wpcf7-submit has-spinner btn\" type=\"submit\" value=\"Env\u00edo de\" \/>\n<\/p>\n<input class=\"wpcf7-form-control wpcf7-hidden\" value=\"\" type=\"hidden\" name=\"gclid\" \/><div class=\"wpcf7-response-output\" aria-hidden=\"true\"><\/div>\n<\/form>\n<\/div>\n\n<\/div><\/div><div class=\"wpb_column hcode-column-container vc_col-sm-6 col-xs-mobile-fullwidth\" data-front-class=\"col-xs-mobile-fullwidth\"><div class=\"vc-column-innner-wrapper\">[vc_single_image image=\"7624\" img_size=\"full\"]<\/div><\/div><\/div><\/div><\/div><\/div><\/div><\/section><div class=\"wpb_column hcode-column-container vc_col-sm-2 col-xs-mobile-fullwidth\" data-front-class=\"col-xs-mobile-fullwidth\"><div class=\"vc-column-innner-wrapper\"><\/div><\/div><div class=\"wpb_column hcode-column-container vc_col-sm-2 col-xs-mobile-fullwidth\" data-front-class=\"col-xs-mobile-fullwidth\"><div class=\"vc-column-innner-wrapper\"><\/div><\/div>","protected":false},"excerpt":{"rendered":"<p>[vc_single_image image=&#8221;11983&#8243; img_size=&#8221;full&#8221; alignment=&#8221;center&#8221;]Mejores m\u00e1rgenes con software de segunda mano Comprar licencias de software de segunda mano legalmente y revenderlas con mayor ganancia En Software ReUse puedes obtener desde 2011, licencias de segunda mano de Microsoft y Adobe que se transfieren en conformidad a la legislaci\u00f3n de la UE a usted o a su empresa. [&hellip;]<\/p>\n","protected":false},"author":3,"featured_media":11007,"parent":0,"menu_order":0,"comment_status":"closed","ping_status":"closed","template":"","meta":{"inline_featured_image":false,"footnotes":""},"class_list":["post-14129","page","type-page","status-publish","has-post-thumbnail","hentry"],"_links":{"self":[{"href":"https:\/\/www.software-reuse.eu\/es\/wp-json\/wp\/v2\/pages\/14129","targetHints":{"allow":["GET"]}}],"collection":[{"href":"https:\/\/www.software-reuse.eu\/es\/wp-json\/wp\/v2\/pages"}],"about":[{"href":"https:\/\/www.software-reuse.eu\/es\/wp-json\/wp\/v2\/types\/page"}],"author":[{"embeddable":true,"href":"https:\/\/www.software-reuse.eu\/es\/wp-json\/wp\/v2\/users\/3"}],"replies":[{"embeddable":true,"href":"https:\/\/www.software-reuse.eu\/es\/wp-json\/wp\/v2\/comments?post=14129"}],"version-history":[{"count":0,"href":"https:\/\/www.software-reuse.eu\/es\/wp-json\/wp\/v2\/pages\/14129\/revisions"}],"wp:featuredmedia":[{"embeddable":true,"href":"https:\/\/www.software-reuse.eu\/es\/wp-json\/wp\/v2\/media\/11007"}],"wp:attachment":[{"href":"https:\/\/www.software-reuse.eu\/es\/wp-json\/wp\/v2\/media?parent=14129"}],"curies":[{"name":"wp","href":"https:\/\/api.w.org\/{rel}","templated":true}]}}