{"id":14318,"date":"2021-07-19T17:09:44","date_gmt":"2021-07-19T15:09:44","guid":{"rendered":"https:\/\/swr1.wpenginepowered.com\/?page_id=14318"},"modified":"2021-07-19T17:10:55","modified_gmt":"2021-07-19T15:10:55","slug":"office-365-vs-office-2019-las-mayores-diferencias","status":"publish","type":"page","link":"https:\/\/www.software-reuse.eu\/es\/blog\/office-365-vs-office-2019-las-mayores-diferencias\/","title":{"rendered":"Office 365 vs. Office 2019 \u2013 las mayores diferencias"},"content":{"rendered":"<section><div class=\"container\"><div class=\"row\"><div class=\"wpb_column hcode-column-container vc_col-sm-2 col-xs-mobile-fullwidth\" data-front-class=\"col-xs-mobile-fullwidth\"><div class=\"vc-column-innner-wrapper\"><\/div><\/div><div class=\"wpb_column hcode-column-container vc_col-sm-8 col-xs-mobile-fullwidth\" data-front-class=\"col-xs-mobile-fullwidth\"><div class=\"vc-column-innner-wrapper\">[vc_single_image image=\"14176\" img_size=\"full\"][vc_empty_space]<h1>Office 365 vs. Office 2019 \u2013 las mayores diferencias<\/h1>\n<p>Office 365 vs. Office 2019 como versi\u00f3n de compra on-premise, \u00bfcu\u00e1les son las diferencias y ventajas de las dos versiones? En este art\u00edculo puede leer todo sobre Microsoft 365 (antes Office 365) y Office 2019.<\/p>\n<h2>Suscripci\u00f3n vs. compra \u00fanica<\/h2>\n<p>Office 365 ya no se llama as\u00ed, sino Microsoft 365. La diferencia m\u00e1s grande entre Office 365 o Microsoft 365 y Office 2019 es que Microsoft 365 es una suscripci\u00f3n y Office 2019 una versi\u00f3n de compra \u00fanica. Con Microsoft 365, siempre tiene la \u00faltima versi\u00f3n, en cambio no tiene actualizaciones de funciones importantes con Office 2019 hasta que salga la pr\u00f3xima versi\u00f3n en 2022. Adem\u00e1s, si quiere actualizar Office 2019 a la nueva versi\u00f3n, tendr\u00e1 que hacer una compra \u00fanica. Significa que si prefiere la versi\u00f3n de compra \u00fanica, tambi\u00e9n tiene que estar contento con las funcionalidades actuales.<\/p>\n<h2>El modelo de nube h\u00edbrida por razones de coste<\/h2>\n<p>Muchas empresas optan cada vez m\u00e1s por el modelo de nube h\u00edbrida con cual pueden combinar de manera \u00f3ptima, por razones de coste o estrat\u00e9gicas, Microsoft 365 con la compra de licencias on-premise. Existen muchas ideas, por ejemplo la compra de Office 2019 como versi\u00f3n de compra on-premise y un paquete econ\u00f3mico de Microsoft 365 para poder utilizar Microsoft Teams, Exchange, SharePoint etc. Hable con nuestro expertos de licencias para encontrar la soluci\u00f3n perfecta para su empresa.<\/p>\n<h2>Usuarios y almacenamiento adicional online<\/h2>\n<p>Despu\u00e9s de haber comprado una versi\u00f3n Office 2019 puede instalarla en un PC o Mac. Con los paquetes de Microsoft 365 para grandes, medianas y peque\u00f1as empresas es m\u00e1s independiente. Puede usar las aplicaciones en hasta 10 dispositivos diferentes (5 m\u00f3viles y 6 tabletas).<\/p>\n<p>Otra diferencia es que Office 2019 no incluye un almacenamiento adicional online. En cambio, obtiene un TB de almacenamiento online con la nube de Microsoft 365 al que puede acceder desde cualquier lugar y tambi\u00e9n puede compartirlo con hasta cinco usuarios m\u00e1s.<\/p>\n<h2>Microsoft 365 vs. Office 2019 \u2013 soporte t\u00e9cnico<\/h2>\n<p>Microsoft 365 ofrece un soporte gratuito para toda la duraci\u00f3n de la suscripci\u00f3n. En cambio, las actualizaciones en Office 2019 se ofrecen hasta el 14 de octubre de 2025. El soporte principal es para cinco a\u00f1os, despu\u00e9s existen dos a\u00f1os de \u201casistencia amplia\u201d que incluye s\u00f3lo las actualizaciones de seguridad importantes.<\/p>\n<h2>Office 2019 funciona \u00fanicamente con Windows 10<\/h2>\n<p>S\u00ed, ha le\u00eddo correctamente. Microsoft Office 2019 es la primera versi\u00f3n que s\u00f3lo es compatible con Windows 10. Los usuarios que utilizan Windows 7 o 8.1 tienen que actualizar su versi\u00f3n o usar otra versi\u00f3n de Office.<\/p>\n<h2>Nuestra conclusi\u00f3n del duelo Office 365 vs. Office 2019<\/h2>\n<p>No se decide f\u00e1cilmente entre Office 365 y 2019 o ahora, Microsoft 365 y Office 2019. La versi\u00f3n m\u00e1s apta para su empresa, depende tambi\u00e9n de sus necesidades. Si prefiere m\u00e1s funcionalidades, una utilizaci\u00f3n independiente con la ayuda de la nube y quiere compartir sus aplicaciones, entonces recomendamos Microsoft 365. Pero a menudo es tambi\u00e9n la soluci\u00f3n m\u00e1s cara para las empresas.<\/p>\n<p>En todo caso, la compra de licencias Office de segunda mano puede salir m\u00e1s barato. Si es necesario, se puede combinar tambi\u00e9n con paquetes de Microsoft 365, para la llamada soluci\u00f3n de nube h\u00edbrida. As\u00ed puede a\u00f1adir todas las caracter\u00edsticas deseadas como por ejemplo Microsoft Teams. Pero hay muchos otros modelos de nube h\u00edbrida: los expertos de licencia de Software ReUse est\u00e1n encantados de aconsejarle sin compromiso.<\/p>\n<p>Si tiene m\u00e1s preguntas, <a href=\"\/?page_id=501\" data-schema-attribute=\"\">cont\u00e1ctenos.<\/a><\/p>\n<\/div><\/div><div class=\"wpb_column hcode-column-container vc_col-sm-2 col-xs-mobile-fullwidth\" data-front-class=\"col-xs-mobile-fullwidth\"><div class=\"vc-column-innner-wrapper\"><\/div><\/div><\/div><\/div><\/section><section class=\" vc_custom_1607508772717\"><div class=\"container\"><div class=\"row\"><div class=\"wpb_column hcode-column-container vc_col-sm-12 col-xs-mobile-fullwidth\" data-front-class=\"col-xs-mobile-fullwidth\"><div class=\"vc-column-innner-wrapper\"><h2 style=\"text-align: center;\">\u00bfEst\u00e1 interesado en la compra o venta de software para su empresa?<\/h2>\n<div class=\"cta-buttons hcode-inner-row\"><div class=\"wpb_column hcode-column-container vc_col-sm-12 col-xs-mobile-fullwidth\" data-front-class=\"col-xs-mobile-fullwidth\"><div class=\"vc-column-innner-wrapper\">[vc_btn title=\"A la tienda\" link=\"url:https%3A%2F%2Fwww.software-reuse.eu%2Fshop%2Fes%2F|title:A%20la%20tienda\" el_class=\"primary-button\"][vc_btn title=\"Asesoramiento no vinculante\" el_class=\"secondary-button\" link=\"url:https%3A%2F%2Fwww.software-reuse.eu%2Fes%2Fcontacto%2F|title:Asesoramiento%20no%20vinculante\"]<\/div><\/div><\/div><\/div><\/div><\/div><\/div><\/section><section class=\"fakten-cta\"><div class=\"container\"><div class=\"row\"><div class=\"wpb_column hcode-column-container vc_col-sm-12 col-xs-mobile-fullwidth\" data-front-class=\"col-xs-mobile-fullwidth\"><div class=\"vc-column-innner-wrapper\"><div class=\"padding-three-bottom sm-padding-three-bottom xs-padding-three-tb\"><h2 style=\"text-align: center;\">Software ReUse en la prensa<\/h2>\n<\/div>[vc_raw_html el_class=\"presse-logo-slider\"]JTVCbG9nb3Nob3djYXNlJTIwY2F0X2lkJTNEJTIyMjYlMjIlMjBkb3RzJTNEJTIyZmFsc2UlMjIlNUQ=[\/vc_raw_html]<\/div><\/div><\/div><\/div><\/section>","protected":false},"excerpt":{"rendered":"<p>[vc_single_image image=&#8221;14176&#8243; img_size=&#8221;full&#8221;][vc_empty_space]Office 365 vs. Office 2019 \u2013 las mayores diferencias Office 365 vs. Office 2019 como versi\u00f3n de compra on-premise, \u00bfcu\u00e1les son las diferencias y ventajas de las dos versiones? En este art\u00edculo puede leer todo sobre Microsoft 365 (antes Office 365) y Office 2019. Suscripci\u00f3n vs. compra \u00fanica Office 365 ya no se [&hellip;]<\/p>\n","protected":false},"author":3,"featured_media":51905,"parent":39761,"menu_order":0,"comment_status":"closed","ping_status":"closed","template":"","meta":{"inline_featured_image":false,"footnotes":""},"class_list":["post-14318","page","type-page","status-publish","has-post-thumbnail","hentry"],"_links":{"self":[{"href":"https:\/\/www.software-reuse.eu\/es\/wp-json\/wp\/v2\/pages\/14318","targetHints":{"allow":["GET"]}}],"collection":[{"href":"https:\/\/www.software-reuse.eu\/es\/wp-json\/wp\/v2\/pages"}],"about":[{"href":"https:\/\/www.software-reuse.eu\/es\/wp-json\/wp\/v2\/types\/page"}],"author":[{"embeddable":true,"href":"https:\/\/www.software-reuse.eu\/es\/wp-json\/wp\/v2\/users\/3"}],"replies":[{"embeddable":true,"href":"https:\/\/www.software-reuse.eu\/es\/wp-json\/wp\/v2\/comments?post=14318"}],"version-history":[{"count":0,"href":"https:\/\/www.software-reuse.eu\/es\/wp-json\/wp\/v2\/pages\/14318\/revisions"}],"up":[{"embeddable":true,"href":"https:\/\/www.software-reuse.eu\/es\/wp-json\/wp\/v2\/pages\/39761"}],"wp:featuredmedia":[{"embeddable":true,"href":"https:\/\/www.software-reuse.eu\/es\/wp-json\/wp\/v2\/media\/51905"}],"wp:attachment":[{"href":"https:\/\/www.software-reuse.eu\/es\/wp-json\/wp\/v2\/media?parent=14318"}],"curies":[{"name":"wp","href":"https:\/\/api.w.org\/{rel}","templated":true}]}}