{"id":14817,"date":"2021-10-22T14:52:14","date_gmt":"2021-10-22T12:52:14","guid":{"rendered":"https:\/\/swr1.wpenginepowered.com\/?page_id=14817"},"modified":"2026-01-19T15:19:26","modified_gmt":"2026-01-19T14:19:26","slug":"office-2019-que-edicion-es-la-mas-adecuada-para-mi-2","status":"publish","type":"page","link":"https:\/\/www.software-reuse.eu\/es\/office-2019-que-edicion-es-la-mas-adecuada-para-mi\/","title":{"rendered":"Office 2019, \u00bfqu\u00e9 edici\u00f3n es la m\u00e1s adecuada para mi?"},"content":{"rendered":"<p>Lea nuestro blog para saber qu\u00e9 ediciones de Office 2019 existen, en qu\u00e9 se diferencian y cu\u00e1les son las diferencias con Office 365.<\/p>\n","protected":false},"excerpt":{"rendered":"<p>Lea nuestro blog para saber qu\u00e9 ediciones de Office 2019 existen, en qu\u00e9 se diferencian y cu\u00e1les son las diferencias con Office 365.<\/p>\n","protected":false},"author":18,"featured_media":52163,"parent":0,"menu_order":0,"comment_status":"closed","ping_status":"closed","template":"","meta":{"inline_featured_image":false,"footnotes":""},"class_list":["post-14817","page","type-page","status-publish","has-post-thumbnail","hentry"],"_links":{"self":[{"href":"https:\/\/www.software-reuse.eu\/es\/wp-json\/wp\/v2\/pages\/14817","targetHints":{"allow":["GET"]}}],"collection":[{"href":"https:\/\/www.software-reuse.eu\/es\/wp-json\/wp\/v2\/pages"}],"about":[{"href":"https:\/\/www.software-reuse.eu\/es\/wp-json\/wp\/v2\/types\/page"}],"author":[{"embeddable":true,"href":"https:\/\/www.software-reuse.eu\/es\/wp-json\/wp\/v2\/users\/18"}],"replies":[{"embeddable":true,"href":"https:\/\/www.software-reuse.eu\/es\/wp-json\/wp\/v2\/comments?post=14817"}],"version-history":[{"count":0,"href":"https:\/\/www.software-reuse.eu\/es\/wp-json\/wp\/v2\/pages\/14817\/revisions"}],"wp:featuredmedia":[{"embeddable":true,"href":"https:\/\/www.software-reuse.eu\/es\/wp-json\/wp\/v2\/media\/52163"}],"wp:attachment":[{"href":"https:\/\/www.software-reuse.eu\/es\/wp-json\/wp\/v2\/media?parent=14817"}],"curies":[{"name":"wp","href":"https:\/\/api.w.org\/{rel}","templated":true}]}}