{"id":456,"date":"2018-01-03T13:24:58","date_gmt":"2018-01-03T12:24:58","guid":{"rendered":"https:\/\/swr1.wpenginepowered.com\/aviso-legal\/"},"modified":"2026-02-11T13:30:23","modified_gmt":"2026-02-11T12:30:23","slug":"impressum","status":"publish","type":"page","link":"https:\/\/www.software-reuse.eu\/es\/aviso-legal\/","title":{"rendered":"Aviso legal"},"content":{"rendered":"<section><div class=\"container\"><div class=\"row\"><div class=\"wpb_column hcode-column-container vc_col-sm-2 col-xs-mobile-fullwidth\" data-front-class=\"col-xs-mobile-fullwidth\"><div class=\"vc-column-innner-wrapper\"><\/div><\/div><div class=\"wpb_column hcode-column-container vc_col-sm-8 col-xs-mobile-fullwidth\" data-front-class=\"col-xs-mobile-fullwidth\"><div class=\"vc-column-innner-wrapper\"><h2>Software ReUse Tauchhammer GmbH<\/h2>\n<p>Director General: Stefan Tauchhammer, MBA<br \/>\nLaudongasse 54\/2, 1080 Viena, Austria<\/p>\n<p><strong>N\u00famero de registro mercantil:<\/strong> FN 409469k<br \/>\n<strong>Tribunal del Registro Mercantil:<\/strong> Tribunal Mercantil de Viena<br \/>\nAutoridad seg\u00fan la ECG: Magistratisches Bezirksamt des VIII. Bezirk<br \/>\nAfiliaci\u00f3n a la C\u00e1mara: C\u00e1mara de Comercio de Viena<br \/>\n<strong>N\u00famero UID:<\/strong> ATU 68582205<\/p>\n<p><strong>Direcci\u00f3n:<\/strong> Laudongasse 54\/2, 1080 Viena, Austria<\/p>\n<p>Informaci\u00f3n, datos y reclamaciones en: <a href=\"mailto:lizenzieren@software-reuse.eu\">lizenzieren@software-reuse.eu<\/a><br \/>\n<strong>Tel. (fijo):<\/strong> +43\/1\/997 27 87-10, de lunes a viernes de 09:00 a 17:00<br \/>\n<strong>Fax:<\/strong> +43\/1\/997 27 87-9<\/p>\n<p>Propietario del medio, redactor, editor: Software ReUse Tauchhammer GmbH<br \/>\nNormativa legal: Normativa comercial (www.ris.bka.gv.at )<br \/>\nNombre comercial: Comercio<br \/>\nMiembro de la WKO: Comercio de software inform\u00e1tico<br \/>\nT\u00edtulo profesional\/prop\u00f3sito empresarial: Comercio, Austria<br \/>\nC\u00f3digo de conducta voluntario: <a href=\"https:\/\/www.guetezeichen.at\/unternehmen\/kriterien\/\" data-schema-attribute=\"\" target=\"_blank\" rel=\"noopener\">www.guetezeichen.at<\/a><\/p>\n<p>Resoluci\u00f3n de litigios en l\u00ednea de conformidad con el Art. 14 p\u00e1rrafo 1 ODR-VO: La Comisi\u00f3n Europea proporciona una plataforma para la resoluci\u00f3n de litigios en l\u00ednea (ODR), que puedes encontrar en <a href=\"http:\/\/ec.europa.eu\/consumers\/odr\/\" target=\"_blank\" rel=\"noopener noreferrer\">http:\/\/ec.europa.eu\/consumers\/odr\/.<\/a>  <\/p>\n<p><strong>Informaci\u00f3n jur\u00eddica general<\/strong><\/p>\n<p>El contenido de este sitio web s\u00f3lo tiene fines de informaci\u00f3n general, por lo que excluimos cualquier responsabilidad por su exactitud, integridad y actualidad.<\/p>\n<p><strong>Derechos de propiedad intelectual \/ derechos de autor<\/strong><\/p>\n<p>Todos los contenidos (textos, im\u00e1genes, v\u00eddeos, logotipos, etc.) del sitio web est\u00e1n sujetos a derechos de propiedad intelectual. Cualquier utilizaci\u00f3n de cualquier tipo s\u00f3lo podr\u00e1 tener lugar con nuestro consentimiento previo por escrito. <\/p>\n<p>Esto excluye el uso privado y el contenido de los datos disponibles para su descarga para el uso especificado en cada caso.<\/p>\n<p><strong>Pol\u00edtica de privacidad<\/strong><\/p>\n<p>Encontrar\u00e1s toda la informaci\u00f3n sobre el tratamiento de tus datos personales en nuestra <a href=\"\/?page_id=398\">pol\u00edtica de privacidad<\/a>.<\/p>\n<div class=\"woocommerce woocommerce-gzd woocommerce-gzd-complaints-shortcode\">\n\t\t\t<h3>Information pursuant to \u00a7 19 (3) AStG<\/h3>\n\t\t<p>Alternative Dispute Resolution Act - Online stores<\/p>\n\t\nNo estamos obligados ni dispuestos a participar en procedimientos de resoluci\u00f3n de disputas ante una junta de arbitraje de consumo.<\/div>\n<\/div><\/div><div class=\"wpb_column hcode-column-container vc_col-sm-2 col-xs-mobile-fullwidth\" data-front-class=\"col-xs-mobile-fullwidth\"><div class=\"vc-column-innner-wrapper\"><\/div><\/div><\/div><\/div><\/section>","protected":false},"excerpt":{"rendered":"<p>Software ReUse Tauchhammer GmbH Director General: Stefan Tauchhammer, MBA Laudongasse 54\/2, 1080 Viena, Austria N\u00famero de registro mercantil: FN 409469k Tribunal del Registro Mercantil: Tribunal Mercantil de Viena Autoridad seg\u00fan la ECG: Magistratisches Bezirksamt des VIII. Bezirk Afiliaci\u00f3n a la C\u00e1mara: C\u00e1mara de Comercio de Viena N\u00famero UID: ATU 68582205 Direcci\u00f3n: Laudongasse 54\/2, 1080 Viena, [&hellip;]<\/p>\n","protected":false},"author":1,"featured_media":0,"parent":0,"menu_order":0,"comment_status":"closed","ping_status":"closed","template":"","meta":{"inline_featured_image":false,"footnotes":""},"class_list":["post-456","page","type-page","status-publish","hentry"],"_links":{"self":[{"href":"https:\/\/www.software-reuse.eu\/es\/wp-json\/wp\/v2\/pages\/456","targetHints":{"allow":["GET"]}}],"collection":[{"href":"https:\/\/www.software-reuse.eu\/es\/wp-json\/wp\/v2\/pages"}],"about":[{"href":"https:\/\/www.software-reuse.eu\/es\/wp-json\/wp\/v2\/types\/page"}],"author":[{"embeddable":true,"href":"https:\/\/www.software-reuse.eu\/es\/wp-json\/wp\/v2\/users\/1"}],"replies":[{"embeddable":true,"href":"https:\/\/www.software-reuse.eu\/es\/wp-json\/wp\/v2\/comments?post=456"}],"version-history":[{"count":0,"href":"https:\/\/www.software-reuse.eu\/es\/wp-json\/wp\/v2\/pages\/456\/revisions"}],"wp:attachment":[{"href":"https:\/\/www.software-reuse.eu\/es\/wp-json\/wp\/v2\/media?parent=456"}],"curies":[{"name":"wp","href":"https:\/\/api.w.org\/{rel}","templated":true}]}}