{"id":470,"date":"2018-01-03T15:04:56","date_gmt":"2018-01-03T14:04:56","guid":{"rendered":"https:\/\/swr1.wpenginepowered.com\/informacion-software-de-segunda-mano\/preguntas-frecuentes\/"},"modified":"2024-07-03T09:31:26","modified_gmt":"2024-07-03T07:31:26","slug":"preguntas-frecuentes","status":"publish","type":"page","link":"https:\/\/www.software-reuse.eu\/es\/hechos\/preguntas-frecuentes\/","title":{"rendered":"Preguntas frecuentes"},"content":{"rendered":"<section><div class=\"container\"><div class=\"row\"><div class=\"wpb_column hcode-column-container vc_col-sm-2 col-xs-mobile-fullwidth\" data-front-class=\"col-xs-mobile-fullwidth\"><div class=\"vc-column-innner-wrapper\"><\/div><\/div><div class=\"wpb_column hcode-column-container vc_col-sm-8 col-xs-mobile-fullwidth\" data-front-class=\"col-xs-mobile-fullwidth\"><div class=\"vc-column-innner-wrapper\">[vc_single_image source=\"featured_image\" img_size=\"full\" css=\"\"][vc_empty_space height=\"24px\"][vc_tta_accordion active_section=\"1\"][vc_tta_section title=\"\u00bfC\u00f3mo funciona el modelo de negocio de Software ReUse?\" tab_id=\"1512743225442-544b2c1a-7e05\"]<p>Compramos y vendemos software de segunda mano en toda Europa, principalmente de los grandes fabricantes como Microsoft, Adobe, SAP, Oracle, Quark. De este modo empresas pueden ahorrar hasta un 75% de los costos o utilizar recursos o sea licencias de software sin uso. Le atendemos con placer, tambi\u00e9n para que sepa c\u00f3mo puede comprar licencias de software de mejor manera.<\/p>\n[\/vc_tta_section][vc_tta_section title=\"\u00bfQu\u00e9 significa \u201csoftware de segunda mano\u201d?\" tab_id=\"1512743225495-9c9b1dcc-22b5\"]<p>El t\u00e9rmino es enga\u00f1oso ya que software consiste de bits y bytes, por lo tanto no se puede gastar. Tal vez el embalaje ya no es tan bonito, pero aparte de eso el software es como \u201cnuevo\u201d.<\/p>\n[\/vc_tta_section][vc_tta_section title=\"\u00bfSon legales la compra y venta de software de segunda mano?\" tab_id=\"1512743276114-60670e38-2ede\"]<p>S\u00ed, ciertamente. El 3 de julio de 2012 el Tribunal de Justicia de la Uni\u00f3n Europea declar\u00f3 lo siguiente: Un fabricante de software no puede impedir la reventa de sus licencias \u201cde segunda mano\u201d que facilitan el uso de sus programas descargadas de Internet. Tampoco puede impedir la reventa de una copia si el contrato de licencias prohibe una venta m\u00e1s tarde.<\/p>\n[\/vc_tta_section][vc_tta_section title=\"\u00bfC\u00f3mo se compruebe el software?\" tab_id=\"1512743276979-2c6b9113-b665\"]<p>S\u00f3lo compramos de fuentes fiables que nos tienen que comprobar que el software ya no se usa.<br \/>\nComprobamos el estado de soportes de datos, si es bueno y legible.<br \/>\nAdem\u00e1s verificamos si el software ha sido registrado por el fabricante y procedemos una transferencia leg\u00edtima de las licencias.<br \/>\n\u00a1Estos tres pasos facilitan el uso correcto en su empresa!<\/p>\n[\/vc_tta_section][vc_tta_section title=\"\u00bfQu\u00e9 recibo si compro una licencia por volumen de segunda mano de Software ReUse?\" tab_id=\"1512743277869-efa4e927-92ec\"]<p>Dependiente de qu\u00e9 licencia ha pedido recibe lo siguiente:<\/p>\n<ul>\n<li>Los keys originales y los n\u00fameros de serie (MAK y KMS)<\/li>\n<li>Los datos del propietario anterior<\/li>\n<li>Opcionalmente: los soportes de datos (si aplicables o pedidos)<\/li>\n<li>La factura y el albar\u00e1n<\/li>\n<\/ul>\n[\/vc_tta_section][\/vc_tta_accordion]<\/div><\/div><div class=\"wpb_column hcode-column-container vc_col-sm-2 col-xs-mobile-fullwidth\" data-front-class=\"col-xs-mobile-fullwidth\"><div class=\"vc-column-innner-wrapper\"><\/div><\/div><\/div><\/div><\/section>","protected":false},"excerpt":{"rendered":"<p>[vc_single_image source=&#8221;featured_image&#8221; img_size=&#8221;full&#8221; css=&#8221;&#8221;][vc_empty_space height=&#8221;24px&#8221;][vc_tta_accordion active_section=&#8221;1&#8243;][vc_tta_section title=&#8221;\u00bfC\u00f3mo funciona el modelo de negocio de Software ReUse?&#8221; tab_id=&#8221;1512743225442-544b2c1a-7e05&#8243;]Compramos y vendemos software de segunda mano en toda Europa, principalmente de los grandes fabricantes como Microsoft, Adobe, SAP, Oracle, Quark. De este modo empresas pueden ahorrar hasta un 75% de los costos o utilizar recursos o sea licencias de [&hellip;]<\/p>\n","protected":false},"author":1,"featured_media":52208,"parent":461,"menu_order":0,"comment_status":"closed","ping_status":"closed","template":"","meta":{"inline_featured_image":false,"footnotes":""},"class_list":["post-470","page","type-page","status-publish","has-post-thumbnail","hentry"],"_links":{"self":[{"href":"https:\/\/www.software-reuse.eu\/es\/wp-json\/wp\/v2\/pages\/470","targetHints":{"allow":["GET"]}}],"collection":[{"href":"https:\/\/www.software-reuse.eu\/es\/wp-json\/wp\/v2\/pages"}],"about":[{"href":"https:\/\/www.software-reuse.eu\/es\/wp-json\/wp\/v2\/types\/page"}],"author":[{"embeddable":true,"href":"https:\/\/www.software-reuse.eu\/es\/wp-json\/wp\/v2\/users\/1"}],"replies":[{"embeddable":true,"href":"https:\/\/www.software-reuse.eu\/es\/wp-json\/wp\/v2\/comments?post=470"}],"version-history":[{"count":0,"href":"https:\/\/www.software-reuse.eu\/es\/wp-json\/wp\/v2\/pages\/470\/revisions"}],"up":[{"embeddable":true,"href":"https:\/\/www.software-reuse.eu\/es\/wp-json\/wp\/v2\/pages\/461"}],"wp:featuredmedia":[{"embeddable":true,"href":"https:\/\/www.software-reuse.eu\/es\/wp-json\/wp\/v2\/media\/52208"}],"wp:attachment":[{"href":"https:\/\/www.software-reuse.eu\/es\/wp-json\/wp\/v2\/media?parent=470"}],"curies":[{"name":"wp","href":"https:\/\/api.w.org\/{rel}","templated":true}]}}