{"id":487,"date":"2018-01-04T14:34:32","date_gmt":"2018-01-04T13:34:32","guid":{"rendered":"https:\/\/swr1.wpenginepowered.com\/informacion-software-de-segunda-mano\/informacion-juridica-vender\/"},"modified":"2026-01-30T11:22:55","modified_gmt":"2026-01-30T10:22:55","slug":"informacion-juridica-vender","status":"publish","type":"page","link":"https:\/\/www.software-reuse.eu\/es\/hechos\/informacion-juridica\/","title":{"rendered":"Informaci\u00f3n jur\u00eddica"},"content":{"rendered":"<section><div class=\"container\"><div class=\"row\"><div class=\"wpb_column hcode-column-container vc_col-sm-2 col-xs-mobile-fullwidth\" data-front-class=\"col-xs-mobile-fullwidth\"><div class=\"vc-column-innner-wrapper\"><\/div><\/div><div class=\"wpb_column hcode-column-container vc_col-sm-8 col-xs-mobile-fullwidth\" data-front-class=\"col-xs-mobile-fullwidth\"><div class=\"vc-column-innner-wrapper\">[vc_single_image source=\"featured_image\" img_size=\"full\" css=\"\"][vc_empty_space height=\"24px\"]<h2>\u00a1Comprar y vender software de segunda mano es legal!<\/h2>\n<p>El 3 de julio de 2012 el Tribunal de Justicia de la Uni\u00f3n Europea decidi\u00f3 de modo siguiente (sentencia en el asunto <a href=\"https:\/\/www.software-reuse.eu\/wp-content\/uploads\/2026\/01\/EU-Court-ruling-Espanol.pdf\" target=\"_blank\" rel=\"noopener noreferrer\">C128\/11<\/a>):<\/p>\n<blockquote><p>Un productor de programas de ordenadores no puede oponerse a la reventa de sus licencias de \u201csegunda mano\u201d que facilitan el uso de sus programas descargados de Internet. (\u2026) tampoco si el contrato de licencias prohibe una venta m\u00e1s tarde.<\/p><\/blockquote>\n<p>Con ello se liber\u00f3 el mercado para licencias de software descargadas de Internet de segunda mano (como por ejemplo licencias por volumen de Microsoft o Adobe). El trasfondo: Software, los denominados productos de paquetes o bien las licencias OEM pudieron venderse en todo caso, por el denominado \u201cprincipio de agotamiento\u201d. Significa que en cuanto un productor venda un producto agotan sus derechos de prohibir la reventa. Esto tambi\u00e9n se aplica para las licencias de software como ya se vendieron de forma f\u00edsica. En caso de las licencias que s\u00f3lo se descargaron de Internet como por ejemplo licencias por volumen, se argument\u00f3 que no hab\u00eda transferencia f\u00edsica por lo cual no se pod\u00eda aplicar el principio de agotamiento. En muchos pa\u00edses europeos la ley de la propiedad intelectual ya tiene cientos de a\u00f1os por lo cual no sigue siendo actual. El Tribunal de Justicia de la Uni\u00f3n Europea reconoci\u00f3 correctamente que no importa si se compra el software en un paquete o si se lo descarga de Internet \u2013 es el mismo producto. Importante es que se trata de una licencia ilimitada y durable. Gracias a la sentencia del Tribunal de Justicia de la Uni\u00f3n Europea se legitim\u00f3 la venta de licencias de software descargadas de Internet y con ello se colm\u00f3 una laguna importante en la ley.<\/p>\n<\/div><\/div><div class=\"wpb_column hcode-column-container vc_col-sm-2 col-xs-mobile-fullwidth\" data-front-class=\"col-xs-mobile-fullwidth\"><div class=\"vc-column-innner-wrapper\"><\/div><\/div><\/div><\/div><\/section>","protected":false},"excerpt":{"rendered":"<p>[vc_single_image source=&#8221;featured_image&#8221; img_size=&#8221;full&#8221; css=&#8221;&#8221;][vc_empty_space height=&#8221;24px&#8221;]\u00a1Comprar y vender software de segunda mano es legal! El 3 de julio de 2012 el Tribunal de Justicia de la Uni\u00f3n Europea decidi\u00f3 de modo siguiente (sentencia en el asunto C128\/11): Un productor de programas de ordenadores no puede oponerse a la reventa de sus licencias de \u201csegunda mano\u201d que [&hellip;]<\/p>\n","protected":false},"author":1,"featured_media":52196,"parent":461,"menu_order":0,"comment_status":"closed","ping_status":"closed","template":"","meta":{"inline_featured_image":false,"footnotes":""},"class_list":["post-487","page","type-page","status-publish","has-post-thumbnail","hentry"],"_links":{"self":[{"href":"https:\/\/www.software-reuse.eu\/es\/wp-json\/wp\/v2\/pages\/487","targetHints":{"allow":["GET"]}}],"collection":[{"href":"https:\/\/www.software-reuse.eu\/es\/wp-json\/wp\/v2\/pages"}],"about":[{"href":"https:\/\/www.software-reuse.eu\/es\/wp-json\/wp\/v2\/types\/page"}],"author":[{"embeddable":true,"href":"https:\/\/www.software-reuse.eu\/es\/wp-json\/wp\/v2\/users\/1"}],"replies":[{"embeddable":true,"href":"https:\/\/www.software-reuse.eu\/es\/wp-json\/wp\/v2\/comments?post=487"}],"version-history":[{"count":0,"href":"https:\/\/www.software-reuse.eu\/es\/wp-json\/wp\/v2\/pages\/487\/revisions"}],"up":[{"embeddable":true,"href":"https:\/\/www.software-reuse.eu\/es\/wp-json\/wp\/v2\/pages\/461"}],"wp:featuredmedia":[{"embeddable":true,"href":"https:\/\/www.software-reuse.eu\/es\/wp-json\/wp\/v2\/media\/52196"}],"wp:attachment":[{"href":"https:\/\/www.software-reuse.eu\/es\/wp-json\/wp\/v2\/media?parent=487"}],"curies":[{"name":"wp","href":"https:\/\/api.w.org\/{rel}","templated":true}]}}