{"id":489,"date":"2018-01-04T14:37:50","date_gmt":"2018-01-04T13:37:50","guid":{"rendered":"https:\/\/swr1.wpenginepowered.com\/informacion-software-de-segunda-mano\/informacion-para-adminstrador-de-la-quiebra\/"},"modified":"2024-07-03T09:34:59","modified_gmt":"2024-07-03T07:34:59","slug":"informacion-para-adminstrador-de-la-quiebra","status":"publish","type":"page","link":"https:\/\/www.software-reuse.eu\/es\/hechos\/administrador-de-la-quiebra\/","title":{"rendered":"Administrador de la quiebra"},"content":{"rendered":"<section><div class=\"container\"><div class=\"row\"><div class=\"wpb_column hcode-column-container vc_col-sm-2 col-xs-mobile-fullwidth\" data-front-class=\"col-xs-mobile-fullwidth\"><div class=\"vc-column-innner-wrapper\"><\/div><\/div><div class=\"wpb_column hcode-column-container vc_col-sm-8 col-xs-mobile-fullwidth\" data-front-class=\"col-xs-mobile-fullwidth\"><div class=\"vc-column-innner-wrapper\">[vc_single_image source=\"featured_image\" img_size=\"full\" css=\"\"][vc_empty_space height=\"24px\"]<p>En caso de insolvencias existe a menudo una cantidad de software con gran valor que no se puede vender en la liquidaci\u00f3n de la empresa. Sin embargo y seg\u00fan nuestra experiencia muchas veces no se utiliza este software por las siguientes razones:<\/p>\n<p>\u2013 El inform\u00e1tico responsable de las licencias ya no est\u00e1 en la empresa. Como las licencias de software existen hoy en d\u00eda principalmente en forma de descargas son dif\u00edcilmente tangibles para el administrador de la quiebra.<\/p>\n<p>\u2013 Dada la complejidad es muy dif\u00edcil averiguar el valor del software aunque exista un inventario.<\/p>\n<p><strong>\u00a1Es un placer para el equipo de Software ReUse de apoyarle gratuitamente en ambos casos!<\/strong><\/p>\n<p>\u2013 Si ya no existen registros exactos intentamos de averiguar en contacto con el productor de software cu\u00e1l software se utiliz\u00f3 en la empresa y se puede vender entonces.<\/p>\n<p>\u2013 Sobre la base de esta lista nos gustar\u00eda proponer una oferta para el software existente.<\/p>\n<\/div><\/div><div class=\"wpb_column hcode-column-container vc_col-sm-2 col-xs-mobile-fullwidth\" data-front-class=\"col-xs-mobile-fullwidth\"><div class=\"vc-column-innner-wrapper\"><\/div><\/div><\/div><\/div><\/section>","protected":false},"excerpt":{"rendered":"<p>[vc_single_image source=&#8221;featured_image&#8221; img_size=&#8221;full&#8221; css=&#8221;&#8221;][vc_empty_space height=&#8221;24px&#8221;]En caso de insolvencias existe a menudo una cantidad de software con gran valor que no se puede vender en la liquidaci\u00f3n de la empresa. Sin embargo y seg\u00fan nuestra experiencia muchas veces no se utiliza este software por las siguientes razones: \u2013 El inform\u00e1tico responsable de las licencias ya no [&hellip;]<\/p>\n","protected":false},"author":1,"featured_media":52215,"parent":461,"menu_order":0,"comment_status":"closed","ping_status":"closed","template":"","meta":{"inline_featured_image":false,"footnotes":""},"class_list":["post-489","page","type-page","status-publish","has-post-thumbnail","hentry"],"_links":{"self":[{"href":"https:\/\/www.software-reuse.eu\/es\/wp-json\/wp\/v2\/pages\/489","targetHints":{"allow":["GET"]}}],"collection":[{"href":"https:\/\/www.software-reuse.eu\/es\/wp-json\/wp\/v2\/pages"}],"about":[{"href":"https:\/\/www.software-reuse.eu\/es\/wp-json\/wp\/v2\/types\/page"}],"author":[{"embeddable":true,"href":"https:\/\/www.software-reuse.eu\/es\/wp-json\/wp\/v2\/users\/1"}],"replies":[{"embeddable":true,"href":"https:\/\/www.software-reuse.eu\/es\/wp-json\/wp\/v2\/comments?post=489"}],"version-history":[{"count":0,"href":"https:\/\/www.software-reuse.eu\/es\/wp-json\/wp\/v2\/pages\/489\/revisions"}],"up":[{"embeddable":true,"href":"https:\/\/www.software-reuse.eu\/es\/wp-json\/wp\/v2\/pages\/461"}],"wp:featuredmedia":[{"embeddable":true,"href":"https:\/\/www.software-reuse.eu\/es\/wp-json\/wp\/v2\/media\/52215"}],"wp:attachment":[{"href":"https:\/\/www.software-reuse.eu\/es\/wp-json\/wp\/v2\/media?parent=489"}],"curies":[{"name":"wp","href":"https:\/\/api.w.org\/{rel}","templated":true}]}}