{"id":491,"date":"2018-01-04T14:43:16","date_gmt":"2018-01-04T13:43:16","guid":{"rendered":"https:\/\/swr1.wpenginepowered.com\/informacion-software-de-segunda-mano\/las-ventajas\/"},"modified":"2024-07-03T09:26:15","modified_gmt":"2024-07-03T07:26:15","slug":"las-ventajas","status":"publish","type":"page","link":"https:\/\/www.software-reuse.eu\/es\/hechos\/ventajas\/","title":{"rendered":"Ventajas"},"content":{"rendered":"<section><div class=\"container\"><div class=\"row\"><div class=\"wpb_column hcode-column-container  vc_custom_1581282046709 vc_col-sm-2 col-xs-mobile-fullwidth\" data-front-class=\" vc_custom_1581282046709 col-xs-mobile-fullwidth\"><div class=\"vc-column-innner-wrapper\"><\/div><\/div><div class=\"wpb_column hcode-column-container vc_col-sm-8 col-xs-mobile-fullwidth\" data-front-class=\"col-xs-mobile-fullwidth\"><div class=\"vc-column-innner-wrapper\">[vc_single_image source=\"featured_image\" img_size=\"full\" alignment=\"center\" css=\"\"][vc_empty_space height=\"24px\"]<h2>\u00bfCu\u00e1les son las ventajas del software usado?<\/h2>\n<p><strong>Si est\u00e1 considerando comprar o vender su software usado, esta p\u00e1gina puede ayudarlo a decidir. Hemos resumido las ventajas para usted y las hemos presentado claramente.<\/strong><\/p>\n<p>La compra de software usado tiene especial sentido en los siguientes casos:<\/p>\n<h3 style=\"text-align: left;\">Nivel de publicaci\u00f3n uniforme<\/h3>\n<p>\u00bfLe gustar\u00eda otorgar licencias a nuevos departamentos\/empleados y tener un estado de liberaci\u00f3n uniforme?<\/p>\n<p>Estudio de caso 1: necesita 50 licencias para estaciones de trabajo nuevas. Actualmente est\u00e1 utilizando Microsoft Office 2013 o 2016. Si desea comprar este \"nuevo\", solo puede comprar Office 2019. Aunque tiene la opci\u00f3n (con contratos por volumen) de cambiar a la versi\u00f3n deseada, paga el precio total de un producto que no necesita como tal.<\/p>\n<p>Estudio de caso 2: Windows 8 en lugar de Windows 10. Los ordenadores nuevos suelen estar equipados con una licencia de Windows 10, que suele costar m\u00e1s de 100 \u20ac. Si busca un estado de lanzamiento uniforme con las PC que ya est\u00e1 usando, debe cambiar a Windows 8. En este caso, tiene m\u00e1s sentido comprar las PC sin sistema operativo y equipar las computadoras con licencias de Windows 8 Professional usadas. Esto puede ahorrarle tiempo y dinero.<\/p>\n<h3 style=\"text-align: left;\">Ahorros potenciales<\/h3>\n<p>Debe migrar a una versi\u00f3n m\u00e1s reciente de Microsoft Office, p. B. \u00bfDe Office 2010 a 2013 o 2016, pero solo tiene un presupuesto de TI limitado? Tambi\u00e9n en este caso, puede ahorrar recursos con el software usado. Adem\u00e1s, estaremos encantados de recibir su software usado a cambio de una parte.<\/p>\n<p>Si el software comprado tambi\u00e9n incluye un derecho de actualizaci\u00f3n, por supuesto tambi\u00e9n lo comprar\u00e1 en sus derechos de uso y ahorrar\u00e1 dinero adicional. Porque ha guardado en la versi\u00f3n anterior, pero a\u00fan puede actualizar a la nueva versi\u00f3n.<\/p>\n<h3 style=\"text-align: left;\">Costos de formaci\u00f3n<\/h3>\n<p>El nuevo software significa mayores costos de capacitaci\u00f3n. Y los gastos de formaci\u00f3n siempre est\u00e1n en lo m\u00e1s alto de la clasificaci\u00f3n de costes. Cualquiera que ya haya organizado capacitaciones para sus empleados lo sabe muy bien. Si est\u00e1 utilizando una versi\u00f3n anterior, los costos de capacitaci\u00f3n suelen ser m\u00e1s bajos o incluso pueden eliminarse por completo.<\/p>\n<h3 style=\"text-align: left;\">El software usado no est\u00e1 sujeto a desgaste<\/h3>\n<p>Una raz\u00f3n que a menudo habla en contra de comprar bienes usados \u200b\u200bes que los objetos en cuesti\u00f3n sufren desgaste. \u00a1As\u00ed que no tienes problemas con el software! Incluso si las licencias son de segunda mano, esto no degrada el rendimiento del software. Los productos en s\u00ed son tan buenos como nuevos como la compra original, \u00a1pero ahorras dinero con ellos!<\/p>\n<h3 style=\"text-align: left;\">Conclusi\u00f3n<\/h3>\n<p>Ahora hemos enumerado algunas de las ventajas que puede traer la compra de software usado. Una de las principales razones es el ahorro de costes. Finalmente, podemos darle otro incentivo. \"Nunca cambies un equipo ganador\". Si est\u00e1 satisfecho con su versi\u00f3n anterior y todo se ha importado bien, perm\u00edtame decirle: el software m\u00e1s antiguo y maduro suele causar menos problemas que la versi\u00f3n m\u00e1s actualizada. Las \u00faltimas versiones a menudo tienen problemas iniciales cuando salen al mercado y que el fabricante solo corrige gradualmente.<\/p>\n<p>Ver\u00e1: <strong>\u00a1el uso de software usado vale la pena!<\/strong><\/p>\n<\/div><\/div><div class=\"wpb_column hcode-column-container vc_col-sm-2 col-xs-mobile-fullwidth\" data-front-class=\"col-xs-mobile-fullwidth\"><div class=\"vc-column-innner-wrapper\"><\/div><\/div><\/div><\/div><\/section><section class=\" vc_custom_1607508772717\"><div class=\"container\"><div class=\"row\"><div class=\"wpb_column hcode-column-container vc_col-sm-12 col-xs-mobile-fullwidth\" data-front-class=\"col-xs-mobile-fullwidth\"><div class=\"vc-column-innner-wrapper\"><h2 style=\"text-align: center;\">\u00bfInteresado en comprar o vender software para su negocio?<\/h2>\n<div class=\"cta-buttons hcode-inner-row\"><div class=\"wpb_column hcode-column-container vc_col-sm-12 col-xs-mobile-fullwidth\" data-front-class=\"col-xs-mobile-fullwidth\"><div class=\"vc-column-innner-wrapper\">[vc_btn title=\"A la tienda\" link=\"url:https%3A%2F%2Fwww.software-reuse.eu%2Fes%2Fshop%2F|title:A%20la%20tienda|\" el_class=\"primary-button\"][vc_btn title=\"Asesoramiento sin compromiso\" el_class=\"secondary-button\" link=\"url:https%3A%2F%2Fwww.software-reuse.eu%2Fes%2Fcontacto%2F|title:Asesoramiento%20sin%20compromiso|\"]<\/div><\/div><\/div><\/div><\/div><\/div><\/div><\/section><section class=\"fakten-cta\"><div class=\"container\"><div class=\"row\"><div class=\"wpb_column hcode-column-container vc_col-sm-12 col-xs-mobile-fullwidth\" data-front-class=\"col-xs-mobile-fullwidth\"><div class=\"vc-column-innner-wrapper\"><div class=\"padding-three-bottom sm-padding-three-bottom xs-padding-three-tb\"><h2 style=\"text-align: center;\">Informes sobre la reutilizaci\u00f3n de software<\/h2>\n<\/div>[vc_raw_html]W2xvZ29zaG93Y2FzZSBjYXRfaWQ9IjI2IiBkb3RzPSJmYWxzZSJd[\/vc_raw_html]<\/div><\/div><\/div><\/div><\/section>","protected":false},"excerpt":{"rendered":"<p>[vc_single_image source=&#8221;featured_image&#8221; img_size=&#8221;full&#8221; alignment=&#8221;center&#8221; css=&#8221;&#8221;][vc_empty_space height=&#8221;24px&#8221;]\u00bfCu\u00e1les son las ventajas del software usado? Si est\u00e1 considerando comprar o vender su software usado, esta p\u00e1gina puede ayudarlo a decidir. Hemos resumido las ventajas para usted y las hemos presentado claramente. La compra de software usado tiene especial sentido en los siguientes casos: Nivel de publicaci\u00f3n uniforme \u00bfLe [&hellip;]<\/p>\n","protected":false},"author":1,"featured_media":52189,"parent":461,"menu_order":0,"comment_status":"closed","ping_status":"closed","template":"","meta":{"inline_featured_image":false,"footnotes":""},"class_list":["post-491","page","type-page","status-publish","has-post-thumbnail","hentry"],"_links":{"self":[{"href":"https:\/\/www.software-reuse.eu\/es\/wp-json\/wp\/v2\/pages\/491","targetHints":{"allow":["GET"]}}],"collection":[{"href":"https:\/\/www.software-reuse.eu\/es\/wp-json\/wp\/v2\/pages"}],"about":[{"href":"https:\/\/www.software-reuse.eu\/es\/wp-json\/wp\/v2\/types\/page"}],"author":[{"embeddable":true,"href":"https:\/\/www.software-reuse.eu\/es\/wp-json\/wp\/v2\/users\/1"}],"replies":[{"embeddable":true,"href":"https:\/\/www.software-reuse.eu\/es\/wp-json\/wp\/v2\/comments?post=491"}],"version-history":[{"count":0,"href":"https:\/\/www.software-reuse.eu\/es\/wp-json\/wp\/v2\/pages\/491\/revisions"}],"up":[{"embeddable":true,"href":"https:\/\/www.software-reuse.eu\/es\/wp-json\/wp\/v2\/pages\/461"}],"wp:featuredmedia":[{"embeddable":true,"href":"https:\/\/www.software-reuse.eu\/es\/wp-json\/wp\/v2\/media\/52189"}],"wp:attachment":[{"href":"https:\/\/www.software-reuse.eu\/es\/wp-json\/wp\/v2\/media?parent=491"}],"curies":[{"name":"wp","href":"https:\/\/api.w.org\/{rel}","templated":true}]}}