{"id":493,"date":"2018-01-04T14:49:50","date_gmt":"2018-01-04T13:49:50","guid":{"rendered":"https:\/\/swr1.wpenginepowered.com\/home\/"},"modified":"2026-01-26T12:12:13","modified_gmt":"2026-01-26T11:12:13","slug":"home","status":"publish","type":"page","link":"https:\/\/www.software-reuse.eu\/es\/","title":{"rendered":"Home"},"content":{"rendered":"<section class=\"slider  vc_custom_1572274077678\"><div class=\"container\"><div class=\"row\"><div id=\"slider\" class=\"wpb_column hcode-column-container  vc_custom_1572274095252 vc_col-sm-12 col-xs-mobile-fullwidth\" data-front-class=\" vc_custom_1572274095252 col-xs-mobile-fullwidth\"><div class=\"vc-column-innner-wrapper\">[rev_slider_vc alias=\"new-ci-slider-de-1\"]<\/div><\/div><\/div><\/div><\/section><section class=\" vc_custom_1607342630985\"><div class=\"container\"><div class=\"row\"><div class=\"wpb_column hcode-column-container  vc_custom_1581187246887 vc_col-sm-12 col-xs-mobile-fullwidth\" data-front-class=\" vc_custom_1581187246887 col-xs-mobile-fullwidth\"><div class=\"vc-column-innner-wrapper\">[vc_raw_html css=\".vc_custom_1608026560598{padding-top: 10px !important;padding-bottom: 20px !important;}\" el_class=\"client-logo-slider\"]JTVCbG9nb3Nob3djYXNlJTIwY2F0X2lkJTNEJTIyMjUlMjIlMjBhdXRvcGxheSUzRCUyMmZhbHNlJTIyJTIwZG90cyUzRCUyMmZhbHNlJTIyJTVE[\/vc_raw_html]<\/div><\/div><\/div><\/div><\/section><section class=\"row-equal-height row-content-middle\" style=\"background-color:rgba(33,33,33,0.03);\"><div class=\"container\"><div class=\"row hcode-row-flex\"><div class=\"wpb_column hcode-column-container vc_col-sm-6 col-xs-mobile-fullwidth\" data-front-class=\"col-xs-mobile-fullwidth\"><div class=\"vc-column-innner-wrapper\">[vc_video link=\"https:\/\/www.youtube.com\/watch?v=bxWdHJatiuo\" align=\"center\"]<\/div><\/div><div class=\"wpb_column hcode-column-container vc_col-sm-6 col-xs-mobile-fullwidth\" data-front-class=\"col-xs-mobile-fullwidth\"><div class=\"vc-column-innner-wrapper\"><h2>Comprar licencias de segunda mano: \u00a1Ahorre dinero para su empresa!<\/h2>\n<h3>Comprar software original m\u00e1s barato: seguro, legal, econ\u00f3mico.<\/h3>\n<p>A ning\u00fan empresario le gusta desperdiciar el dinero. \u00bfPor qu\u00e9 entonces hacerlo diferente con software? Con Software ReUse puede ahorrar sin p\u00e9rdida de calidad: Paga hasta un 75 % menos que para un producto nuevo \u2013 y como software no se desgasta \u00a1no notar\u00e1 la diferencia! Microsoft Office, Microsoft Windows, Adobe CS (Photoshop, Illustrator, InDesign, \u2026), Acrobat Professional y mucho m\u00e1s.<\/p>\n<\/div><\/div><\/div><\/div><\/section><section class=\" vc_custom_1605537026582\"><div class=\"container\"><div class=\"row\"><div class=\"wpb_column hcode-column-container  vc_custom_1605537033787 vc_col-sm-12 col-xs-mobile-fullwidth\" data-front-class=\" vc_custom_1605537033787 col-xs-mobile-fullwidth\"><div class=\"vc-column-innner-wrapper\"><div class=\"hcode-inner-row\"><div class=\"wpb_column hcode-column-container vc_col-sm-2 col-xs-mobile-fullwidth\" data-front-class=\"col-xs-mobile-fullwidth\"><div class=\"vc-column-innner-wrapper\"><\/div><\/div><div class=\"wpb_column hcode-column-container vc_col-sm-8 col-xs-mobile-fullwidth\" data-front-class=\"col-xs-mobile-fullwidth\"><div class=\"vc-column-innner-wrapper\"><h3>Las ventajas son evidentes:<\/h3>\n<ul>\n<li><strong>Ahorre hasta 75%: <\/strong>\u00a1Alivie su presupuesto de IT con software de segunda mano!<\/li>\n<li><strong>En perfecto estado: <\/strong>Software no se desgasta, \u00a1por eso paga menos para el mismo producto!<\/li>\n<li><strong>100 % legal<\/strong>: Compramos y vendemos software un <a href=\"\/?page_id=90\">100 % conforme a la legislaci\u00f3n de la UE.<\/a><\/li>\n<li><strong>Disponibilidad:\u00a0<\/strong>A menudo se necesita software que los fabricantes ya no venden.<\/li>\n<\/ul>\n<p>Aproveche de nuestra oferta y alivie su presupuesto - con las <a href=\"\/?page_id=75\">licencias de software<\/a> de Software ReUse!<\/p>\n<\/div><\/div><div class=\"wpb_column hcode-column-container vc_col-sm-2 col-xs-mobile-fullwidth\" data-front-class=\"col-xs-mobile-fullwidth\"><div class=\"vc-column-innner-wrapper\"><\/div><\/div><\/div><div class=\"hcode-inner-row\"><div class=\"wpb_column hcode-column-container vc_col-sm-6 col-xs-mobile-fullwidth\" data-front-class=\"col-xs-mobile-fullwidth\"><div class=\"vc-column-innner-wrapper\">[vc_btn title=\"Asesoramiento no vinculante\" style=\"custom\" custom_background=\"#164095\" custom_text=\"#ffffff\" shape=\"square\" size=\"lg\" align=\"center\" i_icon_fontawesome=\"fas fa-phone-alt\" css=\".vc_custom_1605538737253{border-radius: 4px !important;}\" add_icon=\"true\" link=\"url:https%3A%2F%2Fwww.software-reuse.eu%2Fes%2Fcontacto%2F|||\"]<\/div><\/div><div class=\"wpb_column hcode-column-container vc_col-sm-6 col-xs-mobile-fullwidth\" data-front-class=\"col-xs-mobile-fullwidth\"><div class=\"vc-column-innner-wrapper\">[vc_btn title=\"6 ventajas del software usado\" style=\"custom\" custom_background=\"#164095\" custom_text=\"#ffffff\" shape=\"square\" size=\"lg\" align=\"center\" i_icon_fontawesome=\"fas fa-download\" css=\".vc_custom_1769425925893{border-radius: 4px !important;}\" add_icon=\"true\" link=\"url:https%3A%2F%2Fwww.software-reuse.eu%2Fwp-content%2Fuploads%2F2025%2F12%2FSWR-Lista-de-Valor-Anadido-ES.pdf|target:_blank\"]<\/div><\/div><\/div><\/div><\/div><\/div><\/div><\/section><section><div class=\"container\"><div class=\"row\"><div class=\"wpb_column hcode-column-container vc_col-sm-2 col-xs-mobile-fullwidth\" data-front-class=\"col-xs-mobile-fullwidth\"><div class=\"vc-column-innner-wrapper\">[vc_single_image image=\"7538\" img_size=\"medium\" alignment=\"center\"]<h3 style=\"text-align: center;\"><strong>Seguridad para la auditor\u00eda<\/strong><\/h3>\n<p style=\"text-align: center;\">\u00a1Incluyendo todos los documentos para la auditor\u00eda!<\/p>\n<\/div><\/div><div class=\"wpb_column hcode-column-container vc_col-sm-2 col-xs-mobile-fullwidth\" data-front-class=\"col-xs-mobile-fullwidth\"><div class=\"vc-column-innner-wrapper\">[vc_single_image image=\"7546\" img_size=\"medium\" alignment=\"center\"]<h3 style=\"text-align: center;\"><strong>100 % Legal<\/strong><\/h3>\n<p style=\"text-align: center;\">\u00a1Con nosotros compra <a href=\"\/?page_id=90\">conforme a la legislaci\u00f3n de la UE<\/a>!<\/p>\n<\/div><\/div><div class=\"wpb_column hcode-column-container vc_col-sm-2 col-xs-mobile-fullwidth\" data-front-class=\"col-xs-mobile-fullwidth\"><div class=\"vc-column-innner-wrapper\">[vc_single_image image=\"7542\" img_size=\"medium\" alignment=\"center\"]<h3 style=\"text-align: center;\"><strong>Garantizado<\/strong><\/h3>\n<p style=\"text-align: center;\">\u00a1Software original garantizado!<\/p>\n<\/div><\/div><div class=\"wpb_column hcode-column-container vc_col-sm-2 col-xs-mobile-fullwidth\" data-front-class=\"col-xs-mobile-fullwidth\"><div class=\"vc-column-innner-wrapper\">[vc_single_image image=\"7554\" img_size=\"medium\" alignment=\"center\"]<h3 style=\"text-align: center;\"><strong>Ventajoso<\/strong><\/h3>\n<p style=\"text-align: center;\">\u00a1Con nosotros ahorra hasta -75 %!<\/p>\n<\/div><\/div><div class=\"wpb_column hcode-column-container vc_col-sm-2 col-xs-mobile-fullwidth\" data-front-class=\"col-xs-mobile-fullwidth\"><div class=\"vc-column-innner-wrapper\">[vc_single_image image=\"7550\" img_size=\"medium\" alignment=\"center\"]<h3 style=\"text-align: center;\"><strong>Desde 2011<\/strong><\/h3>\n<p style=\"text-align: center;\">\u00a1M\u00e1s de 1000 clientes comerciales satisfechos!<\/p>\n<\/div><\/div><div class=\"wpb_column hcode-column-container vc_col-sm-2 col-xs-mobile-fullwidth\" data-front-class=\"col-xs-mobile-fullwidth\"><div class=\"vc-column-innner-wrapper\">[vc_single_image image=\"7558\" img_size=\"medium\" alignment=\"center\"]<h3 style=\"text-align: center;\"><strong>Soporte<\/strong><\/h3>\n<p style=\"text-align: center;\">\u00a1Le aconsejamos con la compra y venta!<\/p>\n<\/div><\/div><\/div><\/div><\/section><section><div class=\"container\"><div class=\"row\"><div class=\"wpb_column hcode-column-container  vc_custom_1605537431248 vc_col-sm-6 col-xs-mobile-fullwidth\" data-front-class=\" vc_custom_1605537431248 col-xs-mobile-fullwidth\"><div class=\"vc-column-innner-wrapper\">[vc_single_image image=\"2854\" img_size=\"large\" style=\"vc_box_border\"]<\/div><\/div><div class=\"wpb_column hcode-column-container  vc_custom_1605537424760 vc_col-sm-6 col-xs-mobile-fullwidth\" data-front-class=\" vc_custom_1605537424760 col-xs-mobile-fullwidth\"><div class=\"vc-column-innner-wrapper\"><h2>Comprar licencias de software de segunda mano<\/h2>\n<h4>Comprar licencias de Microsoft legalmente y recibir los documentos de licenciamento transparentes<\/h4>\n<p><span class=\"\">Con Software ReUse recibe desde 2011 licencias de Microsoft y Adobe de segunda mano transferidas <a href=\"\/?page_id=90\">conforme a la legislaci\u00f3n de UE<\/a><\/span><span class=\"\"> a su empresa. Puede ahorrar hasta -75 % en comparaci\u00f3n con el precio original \u2013 y en calidad 100% como nueva!<\/span>\u00a0El surtido incluye, por ejemplo <a href=\"\/?p=303\">Microsoft Office 2016<\/a>, <a href=\"\/?p=2003\">Microsoft Office 2019 Professional Plus<\/a> o\u00a0<a href=\"\/?p=279\">Windows 10 Professional<\/a>. Adem\u00e1s le ofrecemos licencias server como <a href=\"\/?p=817\">Windows Server 2012<\/a>, <a href=\"\/?p=328\">SQL Server 2016<\/a> y m\u00e1s actuales, como <a href=\"\/?p=309\">Adobe Creative Suites CS6<\/a>. Recibe tambi\u00e9n VMWare como por ejemplo <a href=\"\/?p=333\">licencias VSphere Enterprise<\/a> de nosotros. En s\u00f3lo unos pocos pasos puede licenciar y preparar su empresa para la auditor\u00eda y lanzar el software.<\/p>\n<a  href=\"https:\/\/www.software-reuse.eu\/es\/comprar-software\/\" target=\"_self\"  class=\"inner-link button btn btn-small-black-border-light btn-round btn-medium\">Comprar software<\/a><\/div><\/div><\/div><\/div><\/section><section><div class=\"container\"><div class=\"row\"><div class=\"wpb_column hcode-column-container vc_col-sm-12 col-xs-mobile-fullwidth\" data-front-class=\"col-xs-mobile-fullwidth\"><div class=\"vc-column-innner-wrapper\"><h2 id=\"tw-target-text\" class=\"tw-data-text tw-text-large XcVN5d tw-ta\" dir=\"ltr\" data-placeholder=\"\u00dcbersetzung\"><span lang=\"es\">El principio del Software ReUse:<\/span><\/h2>\n[vc_single_image image=\"8799\" img_size=\"full\"]<\/div><\/div><\/div><\/div><\/section><section><div class=\"container\"><div class=\"row\"><div class=\"wpb_column hcode-column-container vc_col-sm-6 col-xs-mobile-fullwidth\" data-front-class=\"col-xs-mobile-fullwidth\"><div class=\"vc-column-innner-wrapper\"><h2>Vender licencias de software de segunda mano<\/h2>\n<h4>Compramos las licencias de Microsoft, Adobe etc. ya no utilizadas de usted<\/h4>\n<p>\u00bfTiene software que ya no utiliza? \u00a1Compramos sus licencias! Escr\u00edbanos para convertir sus licencias de Microsoft Office 2013, Office 2016, Windows 10, SQL y Windows Server en dinero. Le ofrecemos un buen precio tambi\u00e9n para Adobe Creative Suites (CS5-CS6) y software Autodesk. Si tiene software de fabricantes no mencionados, <a href=\"\/?page_id=30\">escr\u00edbanos<\/a>. \u00a1Esperamos su mensaje!<\/p>\n<a  href=\"https:\/\/www.software-reuse.eu\/es\/vender-software\/\" target=\"_self\"  class=\"inner-link button btn btn-small-black-border-light btn-round btn-medium\">Vender software<\/a><\/div><\/div><div class=\"wpb_column hcode-column-container vc_col-sm-6 col-xs-mobile-fullwidth\" data-front-class=\"col-xs-mobile-fullwidth\"><div class=\"vc-column-innner-wrapper\">[vc_single_image image=\"2862\" img_size=\"large\" style=\"vc_box_border\"]<\/div><\/div><\/div><\/div><\/section><section><div class=\"container\"><div class=\"row\"><div class=\"wpb_column hcode-column-container vc_col-sm-12 col-xs-mobile-fullwidth\" data-front-class=\"col-xs-mobile-fullwidth\"><div class=\"vc-column-innner-wrapper\"><div class=\"padding-three-bottom sm-padding-three-bottom xs-padding-three-tb\"><h2 style=\"text-align: center;\">Software ReUse en la prensa<\/h2>\n<\/div><img loading=\"lazy\" decoding=\"async\" width=\"1140\" height=\"72\" src=\"https:\/\/www.software-reuse.eu\/wp-content\/uploads\/2017\/12\/presse.png\" class=\" xs-img-full\" alt=\"Presse\" srcset=\"https:\/\/www.software-reuse.eu\/wp-content\/uploads\/2017\/12\/presse.png 1140w, https:\/\/www.software-reuse.eu\/wp-content\/uploads\/2017\/12\/presse-600x38.png 600w, https:\/\/www.software-reuse.eu\/wp-content\/uploads\/2017\/12\/presse-300x19.png 300w, https:\/\/www.software-reuse.eu\/wp-content\/uploads\/2017\/12\/presse-768x49.png 768w, https:\/\/www.software-reuse.eu\/wp-content\/uploads\/2017\/12\/presse-1024x65.png 1024w, https:\/\/www.software-reuse.eu\/wp-content\/uploads\/2017\/12\/presse-81x5.png 81w\" sizes=\"auto, (max-width: 1140px) 100vw, 1140px\" title=\"\"><\/div><\/div><\/div><\/div><\/section><section><div class=\"container\"><div class=\"row\"><div class=\"wpb_column hcode-column-container vc_col-sm-12 col-xs-mobile-fullwidth\" data-front-class=\"col-xs-mobile-fullwidth\"><div class=\"vc-column-innner-wrapper\"><h2 style=\"text-align: center;\">\u00bfEst\u00e1 interesado en la compra o venta de software para su empresa?<br \/>\nEscr\u00edbanos una consulta no vinculante.<\/h2>\n<\/div><\/div><\/div><\/div><\/section><section><div class=\"container\"><div class=\"row\"><div class=\"wpb_column hcode-column-container vc_col-sm-6 col-xs-mobile-fullwidth\" data-front-class=\"col-xs-mobile-fullwidth\"><div class=\"vc-column-innner-wrapper\">[vc_single_image image=\"7624\" img_size=\"full\"]<\/div><\/div><div class=\"wpb_column hcode-column-container vc_col-sm-6 col-xs-mobile-fullwidth\" data-front-class=\"col-xs-mobile-fullwidth\"><div class=\"vc-column-innner-wrapper\">\n<div class=\"wpcf7 no-js\" id=\"wpcf7-f54412-o1\" lang=\"es-ES\" dir=\"ltr\" data-wpcf7-id=\"54412\">\n<div class=\"screen-reader-response\"><p role=\"status\" aria-live=\"polite\" aria-atomic=\"true\"><\/p> <ul><\/ul><\/div>\n<form action=\"\/es\/wp-json\/wp\/v2\/pages\/493#wpcf7-f54412-o1\" method=\"post\" class=\"wpcf7-form init\" aria-label=\"Formulario de contacto\" novalidate=\"novalidate\" data-status=\"init\">\n<fieldset class=\"hidden-fields-container\"><input type=\"hidden\" name=\"_wpcf7\" value=\"54412\" \/><input type=\"hidden\" name=\"_wpcf7_version\" value=\"6.1.1\" \/><input type=\"hidden\" name=\"_wpcf7_locale\" value=\"es_ES\" \/><input type=\"hidden\" name=\"_wpcf7_unit_tag\" value=\"wpcf7-f54412-o1\" \/><input type=\"hidden\" name=\"_wpcf7_container_post\" value=\"0\" \/><input type=\"hidden\" name=\"_wpcf7_posted_data_hash\" value=\"\" \/>\n<\/fieldset>\n<div>\n\t<p><label> Saludo*<br \/>\n<span class=\"wpcf7-form-control-wrap\" data-name=\"salutation\"><select class=\"wpcf7-form-control wpcf7-select wpcf7-validates-as-required\" aria-required=\"true\" aria-invalid=\"false\" name=\"salutation\"><option value=\"Sr.\">Sr.<\/option><option value=\"Sra.\">Sra.<\/option><option value=\"Empresa\">Empresa<\/option><\/select><\/span><\/label>\n\t<\/p>\n\t<p><label> Tu nombre<br \/>\n<span class=\"wpcf7-form-control-wrap\" data-name=\"your-name\"><input size=\"40\" maxlength=\"400\" class=\"wpcf7-form-control wpcf7-text wpcf7-validates-as-required\" aria-required=\"true\" aria-invalid=\"false\" value=\"\" type=\"text\" name=\"your-name\" \/><\/span> <\/label>\n\t<\/p>\n<\/div>\n<p><label> El nombre de tu empresa<br \/>\n<span class=\"wpcf7-form-control-wrap\" data-name=\"your-company\"><input size=\"40\" maxlength=\"400\" class=\"wpcf7-form-control wpcf7-text\" aria-invalid=\"false\" value=\"\" type=\"text\" name=\"your-company\" \/><\/span> <\/label>\n<\/p>\n<div>\n\t<p><label> Tu direcci\u00f3n de correo electr\u00f3nico*<br \/>\n<span class=\"wpcf7-form-control-wrap\" data-name=\"your-email\"><input size=\"40\" maxlength=\"400\" class=\"wpcf7-form-control wpcf7-email wpcf7-validates-as-required wpcf7-text wpcf7-validates-as-email\" aria-required=\"true\" aria-invalid=\"false\" value=\"\" type=\"email\" name=\"your-email\" \/><\/span> <\/label>\n\t<\/p>\n\t<p><label>Tel\u00e9fono<br \/>\n<span class=\"wpcf7-form-control-wrap\" data-name=\"telefon\"><input size=\"40\" maxlength=\"400\" class=\"wpcf7-form-control wpcf7-tel wpcf7-validates-as-required wpcf7-text wpcf7-validates-as-tel\" aria-required=\"true\" aria-invalid=\"false\" value=\"\" type=\"tel\" name=\"telefon\" \/><\/span><\/label>\n\t<\/p>\n<\/div>\n<div>\n\t<p><label> Presupuesto<br \/>\n<span class=\"wpcf7-form-control-wrap\" data-name=\"budget\"><select class=\"wpcf7-form-control wpcf7-select\" aria-invalid=\"false\" name=\"budget\"><option value=\"No especificado\">No especificado<\/option><option value=\"0-1.000 euros\">0-1.000 euros<\/option><option value=\"1.000-5.000 euros\">1.000-5.000 euros<\/option><option value=\"5.000-10.000 euros\">5.000-10.000 euros<\/option><option value=\"a partir de 10.000 euros\">a partir de 10.000 euros<\/option><\/select><\/span><\/label>\n\t<\/p>\n\t<p><label> Cantidad<br \/>\n<span class=\"wpcf7-form-control-wrap\" data-name=\"budget\"><select class=\"wpcf7-form-control wpcf7-select\" aria-invalid=\"false\" name=\"budget\"><option value=\"1-10\">1-10<\/option><option value=\"11-50\">11-50<\/option><option value=\"101-1000\">101-1000<\/option><option value=\"1000+\">1000+<\/option><\/select><\/span><\/label>\n\t<\/p>\n<\/div>\n<p><label> Cliente final\/revendedor<\/label><br \/>\n<span class=\"wpcf7-form-control-wrap\" data-name=\"kunde\"><span class=\"wpcf7-form-control wpcf7-radio\"><span class=\"wpcf7-list-item first\"><label><input type=\"radio\" name=\"kunde\" value=\"No especificado\" checked=\"checked\" \/><span class=\"wpcf7-list-item-label\">No especificado<\/span><\/label><\/span><span class=\"wpcf7-list-item\"><label><input type=\"radio\" name=\"kunde\" value=\"Cliente final\" \/><span class=\"wpcf7-list-item-label\">Cliente final<\/span><\/label><\/span><span class=\"wpcf7-list-item last\"><label><input type=\"radio\" name=\"kunde\" value=\"Revendedor\" \/><span class=\"wpcf7-list-item-label\">Revendedor<\/span><\/label><\/span><\/span><\/span><br \/>\n<span id=\"wpcf7-69d50548a7c3f-wrapper\" class=\"wpcf7-form-control-wrap honeypot-100-wrap\" style=\"display:none !important; visibility:hidden !important;\"><label for=\"wpcf7-69d50548a7c3f-field\" class=\"hp-message\">Por favor, deja este campo vac\u00edo.<\/label><input id=\"wpcf7-69d50548a7c3f-field\"  class=\"wpcf7-form-control wpcf7-text\" type=\"text\" name=\"honeypot-100\" value=\"\" size=\"40\" tabindex=\"-1\" autocomplete=\"new-password\" \/><\/span><br \/>\n<label> Productos<br \/>\n<span class=\"wpcf7-form-control-wrap\" data-name=\"produkte\"><select class=\"wpcf7-form-control wpcf7-select\" aria-invalid=\"false\" name=\"produkte\"><option value=\"No especificado\">No especificado<\/option><option value=\"Microsoft Office\">Microsoft Office<\/option><option value=\"Microsoft Windows\">Microsoft Windows<\/option><option value=\"Microsoft SQL Server und CALs\">Microsoft SQL Server und CALs<\/option><option value=\"Microsoft Windows Server und CALs\">Microsoft Windows Server und CALs<\/option><option value=\"Microsoft Exchange Server und CALs\">Microsoft Exchange Server und CALs<\/option><option value=\"Microsoft\">Microsoft<\/option><option value=\"Adobe Acrobat\">Adobe Acrobat<\/option><option value=\"Adobe CS6 Programme\">Adobe CS6 Programme<\/option><option value=\"Autodesk-Produkte\">Autodesk-Produkte<\/option><option value=\"VMware\">VMware<\/option><\/select><\/span><\/label>\n<\/p>\n<p><label> Asunto*<br \/>\n<span class=\"wpcf7-form-control-wrap\" data-name=\"subject\"><select class=\"wpcf7-form-control wpcf7-select wpcf7-validates-as-required\" aria-required=\"true\" aria-invalid=\"false\" name=\"subject\"><option value=\"Consulta no vinculante sobre la licencia\">Consulta no vinculante sobre la licencia<\/option><option value=\"Pregunta sobre la compra\/venta\">Pregunta sobre la compra\/venta<\/option><option value=\"Peticiones\/sugerencias\">Peticiones\/sugerencias<\/option><option value=\"Inscripci\u00f3n como socio (revendedor)\">Inscripci\u00f3n como socio (revendedor)<\/option><option value=\"Preguntas sobre la factura\">Preguntas sobre la factura<\/option><option value=\"Oferta individual\">Oferta individual<\/option><option value=\"Otras peticiones\">Otras peticiones<\/option><\/select><\/span> <\/label>\n<\/p>\n<p><label> Tu solicitud<br \/>\n<span class=\"wpcf7-form-control-wrap\" data-name=\"message\"><textarea cols=\"40\" rows=\"10\" maxlength=\"2000\" class=\"wpcf7-form-control wpcf7-textarea\" aria-invalid=\"false\" name=\"message\"><\/textarea><\/span> <\/label>\n<\/p>\n<p><label>\u00bfC\u00f3mo nos conociste?<br \/>\n<span class=\"wpcf7-form-control-wrap\" data-name=\"wie-erfahren\"><input size=\"40\" maxlength=\"400\" class=\"wpcf7-form-control wpcf7-text\" aria-invalid=\"false\" value=\"\" type=\"text\" name=\"wie-erfahren\" \/><\/span><\/label>\n<\/p>\n<p><!-- Mailchimp for WordPress v4.10.7 - https:\/\/www.mc4wp.com\/ --><input type=\"hidden\" name=\"_mc4wp_subscribe_contact-form-7\" value=\"0\" \/><span class=\"mc4wp-checkbox mc4wp-checkbox-contact-form-7 \"><label><input type=\"checkbox\" name=\"_mc4wp_subscribe_contact-form-7\" value=\"1\" ><span>Ich m\u00f6chte den Software ReUse-Newsletter bekommen, um laufend \u00fcber Sonderangebote informiert zu werden. Dies kann jederzeit widerrufen werden. <\/span><\/label><\/span><!-- \/ Mailchimp for WordPress -->\n<\/p>\n<div class=\"f-dsgvo\">\n\t<p><span class=\"wpcf7-form-control-wrap\" data-name=\"acceptance-534\"><span class=\"wpcf7-form-control wpcf7-acceptance\"><span class=\"wpcf7-list-item\"><label><input type=\"checkbox\" name=\"acceptance-534\" value=\"1\" aria-invalid=\"false\" \/><span class=\"wpcf7-list-item-label\">* He tomado nota de la <a href=\"https:\/\/www.software-reuse.eu\/datenschutz\/\" target=\"_blank\">pol\u00edtica de privacidad<\/a>. Acepto que mis datos, apellidos, nombre, direcci\u00f3n de correo electr\u00f3nico y mi mensaje sean procesados exclusivamente con el fin de tramitar y gestionar mi consulta. Tratamos estos datos sobre la base de tu consentimiento, de conformidad con el art. 6, apdo. 1 a) del RGPD.<\/span><\/label><\/span><\/span><\/span>\n\t<\/p>\n<\/div>\n<div class=\"h-captcha\" data-sitekey=\"cd7c840c-b42c-4ae4-80a2-9bca6866534a\" data-size=\"normal\" data-theme=\"light\" data-lang=\"es\"><\/div><span class=\"wpcf7-form-control-wrap cf7apps-hcaptcha\" data-name=\"cf7apps-hcaptcha\"><input type=\"hidden\" name=\"cf7apps-hcaptcha\" value=\"\" class=\"wpcf7-form-control\"><\/span>\n<\/p>\n<p><input class=\"wpcf7-form-control wpcf7-submit has-spinner btn\" type=\"submit\" value=\"Env\u00edo de\" \/>\n<\/p>\n<input class=\"wpcf7-form-control wpcf7-hidden\" value=\"\" type=\"hidden\" name=\"gclid\" \/><div class=\"wpcf7-response-output\" aria-hidden=\"true\"><\/div>\n<\/form>\n<\/div>\n\n<\/div><\/div><\/div><\/div><\/section>","protected":false},"excerpt":{"rendered":"<p>[rev_slider_vc alias=&#8221;new-ci-slider-de-1&#8243;][vc_raw_html css=&#8221;.vc_custom_1608026560598{padding-top: 10px !important;padding-bottom: 20px !important;}&#8221; el_class=&#8221;client-logo-slider&#8221;]JTVCbG9nb3Nob3djYXNlJTIwY2F0X2lkJTNEJTIyMjUlMjIlMjBhdXRvcGxheSUzRCUyMmZhbHNlJTIyJTIwZG90cyUzRCUyMmZhbHNlJTIyJTVE[\/vc_raw_html][vc_video link=&#8221;https:\/\/www.youtube.com\/watch?v=bxWdHJatiuo&#8221; align=&#8221;center&#8221;]Comprar licencias de segunda mano: \u00a1Ahorre dinero para su empresa! Comprar software original m\u00e1s barato: seguro, legal, econ\u00f3mico. A ning\u00fan empresario le gusta desperdiciar el dinero. \u00bfPor qu\u00e9 entonces hacerlo diferente con software? Con Software ReUse puede ahorrar sin p\u00e9rdida de calidad: Paga hasta un 75 [&hellip;]<\/p>\n","protected":false},"author":1,"featured_media":15448,"parent":0,"menu_order":0,"comment_status":"closed","ping_status":"closed","template":"","meta":{"inline_featured_image":false,"footnotes":""},"class_list":["post-493","page","type-page","status-publish","has-post-thumbnail","hentry"],"_links":{"self":[{"href":"https:\/\/www.software-reuse.eu\/es\/wp-json\/wp\/v2\/pages\/493","targetHints":{"allow":["GET"]}}],"collection":[{"href":"https:\/\/www.software-reuse.eu\/es\/wp-json\/wp\/v2\/pages"}],"about":[{"href":"https:\/\/www.software-reuse.eu\/es\/wp-json\/wp\/v2\/types\/page"}],"author":[{"embeddable":true,"href":"https:\/\/www.software-reuse.eu\/es\/wp-json\/wp\/v2\/users\/1"}],"replies":[{"embeddable":true,"href":"https:\/\/www.software-reuse.eu\/es\/wp-json\/wp\/v2\/comments?post=493"}],"version-history":[{"count":0,"href":"https:\/\/www.software-reuse.eu\/es\/wp-json\/wp\/v2\/pages\/493\/revisions"}],"wp:featuredmedia":[{"embeddable":true,"href":"https:\/\/www.software-reuse.eu\/es\/wp-json\/wp\/v2\/media\/15448"}],"wp:attachment":[{"href":"https:\/\/www.software-reuse.eu\/es\/wp-json\/wp\/v2\/media?parent=493"}],"curies":[{"name":"wp","href":"https:\/\/api.w.org\/{rel}","templated":true}]}}