{"id":498,"date":"2018-01-04T14:59:31","date_gmt":"2018-01-04T13:59:31","guid":{"rendered":"https:\/\/swr1.wpenginepowered.com\/comprar-software\/"},"modified":"2020-10-08T16:59:56","modified_gmt":"2020-10-08T14:59:56","slug":"comprar-software","status":"publish","type":"page","link":"https:\/\/www.software-reuse.eu\/es\/comprar-software\/","title":{"rendered":"Comprar"},"content":{"rendered":"<section><div class=\"container\"><div class=\"row\"><div class=\"wpb_column hcode-column-container vc_col-sm-12 col-xs-mobile-fullwidth\" data-front-class=\"col-xs-mobile-fullwidth\"><div class=\"vc-column-innner-wrapper\"><h2>Comprar software barato de segunda mano de Microsoft y Adobe<\/h2>\n<p>Env\u00ede aqu\u00ed su solicitud sin compromiso de software de segunda mano. Rogamos que introduzca el n\u00famero deseado de la versi\u00f3n y la cantidad. Le contactaremos en breve con una oferta.<\/p>\n<p>\u00bfTiene prisa o prefiere hablar personalmente?<br \/>\nPor favor llame al\u00a0<a href=\"tel:0043199727871\">+34 91 \/ 4191 749<\/a>.<\/p>\n<\/div><\/div><\/div><\/div><\/section><section class=\" vc_custom_1576185762628\"><div class=\"container\"><div class=\"row\"><div class=\"wpb_column hcode-column-container vc_col-sm-12 col-xs-mobile-fullwidth\" data-front-class=\"col-xs-mobile-fullwidth\"><div class=\"vc-column-innner-wrapper\">[vc_raw_html css=\".vc_custom_1576185857577{padding-top: 10px !important;padding-bottom: 10px !important;}\"]JTVCbG9nb3Nob3djYXNlJTIwY2F0X2lkJTNEJTIyMjUlMjIlNUQ=[\/vc_raw_html]<\/div><\/div><\/div><\/div><\/section><section class=\"no-padding-top sm-no-padding-top xs-no-padding-top\"><div class=\"container\"><div class=\"row\"><div class=\"wpb_column hcode-column-container vc_col-sm-12 col-xs-mobile-fullwidth\" data-front-class=\"col-xs-mobile-fullwidth\"><div class=\"vc-column-innner-wrapper\"><h2>Nuestros productos m\u00e1s vendidos<\/h2>\n[vc_masonry_grid post_type=\"products\" max_items=\"-1\" show_filter=\"yes\" orderby=\"rand\" item=\"340\" grid_id=\"vc_gid:1602169168975-24e40d0f-8db0-10\" filter_source=\"category\"]<\/div><\/div><\/div><\/div><\/section><section class=\" vc_custom_1514913250588\"><div class=\"container\"><div class=\"row\"><div class=\"wpb_column hcode-column-container vc_col-sm-12 col-xs-mobile-fullwidth\" data-front-class=\"col-xs-mobile-fullwidth\"><div class=\"vc-column-innner-wrapper\">\n<div class=\"wpcf7 no-js\" id=\"wpcf7-f54412-o1\" lang=\"es-ES\" dir=\"ltr\" data-wpcf7-id=\"54412\">\n<div class=\"screen-reader-response\"><p role=\"status\" aria-live=\"polite\" aria-atomic=\"true\"><\/p> <ul><\/ul><\/div>\n<form action=\"\/es\/wp-json\/wp\/v2\/pages\/498#wpcf7-f54412-o1\" method=\"post\" class=\"wpcf7-form init\" aria-label=\"Formulario de contacto\" novalidate=\"novalidate\" data-status=\"init\">\n<fieldset class=\"hidden-fields-container\"><input type=\"hidden\" name=\"_wpcf7\" value=\"54412\" \/><input type=\"hidden\" name=\"_wpcf7_version\" value=\"6.1.1\" \/><input type=\"hidden\" name=\"_wpcf7_locale\" value=\"es_ES\" \/><input type=\"hidden\" name=\"_wpcf7_unit_tag\" value=\"wpcf7-f54412-o1\" \/><input type=\"hidden\" name=\"_wpcf7_container_post\" value=\"0\" \/><input type=\"hidden\" name=\"_wpcf7_posted_data_hash\" value=\"\" \/>\n<\/fieldset>\n<div>\n\t<p><label> Saludo*<br \/>\n<span class=\"wpcf7-form-control-wrap\" data-name=\"salutation\"><select class=\"wpcf7-form-control wpcf7-select wpcf7-validates-as-required\" aria-required=\"true\" aria-invalid=\"false\" name=\"salutation\"><option value=\"Sr.\">Sr.<\/option><option value=\"Sra.\">Sra.<\/option><option value=\"Empresa\">Empresa<\/option><\/select><\/span><\/label>\n\t<\/p>\n\t<p><label> Tu nombre<br \/>\n<span class=\"wpcf7-form-control-wrap\" data-name=\"your-name\"><input size=\"40\" maxlength=\"400\" class=\"wpcf7-form-control wpcf7-text wpcf7-validates-as-required\" aria-required=\"true\" aria-invalid=\"false\" value=\"\" type=\"text\" name=\"your-name\" \/><\/span> <\/label>\n\t<\/p>\n<\/div>\n<p><label> El nombre de tu empresa<br \/>\n<span class=\"wpcf7-form-control-wrap\" data-name=\"your-company\"><input size=\"40\" maxlength=\"400\" class=\"wpcf7-form-control wpcf7-text\" aria-invalid=\"false\" value=\"\" type=\"text\" name=\"your-company\" \/><\/span> <\/label>\n<\/p>\n<div>\n\t<p><label> Tu direcci\u00f3n de correo electr\u00f3nico*<br \/>\n<span class=\"wpcf7-form-control-wrap\" data-name=\"your-email\"><input size=\"40\" maxlength=\"400\" class=\"wpcf7-form-control wpcf7-email wpcf7-validates-as-required wpcf7-text wpcf7-validates-as-email\" aria-required=\"true\" aria-invalid=\"false\" value=\"\" type=\"email\" name=\"your-email\" \/><\/span> <\/label>\n\t<\/p>\n\t<p><label>Tel\u00e9fono<br \/>\n<span class=\"wpcf7-form-control-wrap\" data-name=\"telefon\"><input size=\"40\" maxlength=\"400\" class=\"wpcf7-form-control wpcf7-tel wpcf7-validates-as-required wpcf7-text wpcf7-validates-as-tel\" aria-required=\"true\" aria-invalid=\"false\" value=\"\" type=\"tel\" name=\"telefon\" \/><\/span><\/label>\n\t<\/p>\n<\/div>\n<div>\n\t<p><label> Presupuesto<br \/>\n<span class=\"wpcf7-form-control-wrap\" data-name=\"budget\"><select class=\"wpcf7-form-control wpcf7-select\" aria-invalid=\"false\" name=\"budget\"><option value=\"No especificado\">No especificado<\/option><option value=\"0-1.000 euros\">0-1.000 euros<\/option><option value=\"1.000-5.000 euros\">1.000-5.000 euros<\/option><option value=\"5.000-10.000 euros\">5.000-10.000 euros<\/option><option value=\"a partir de 10.000 euros\">a partir de 10.000 euros<\/option><\/select><\/span><\/label>\n\t<\/p>\n\t<p><label> Cantidad<br \/>\n<span class=\"wpcf7-form-control-wrap\" data-name=\"budget\"><select class=\"wpcf7-form-control wpcf7-select\" aria-invalid=\"false\" name=\"budget\"><option value=\"1-10\">1-10<\/option><option value=\"11-50\">11-50<\/option><option value=\"101-1000\">101-1000<\/option><option value=\"1000+\">1000+<\/option><\/select><\/span><\/label>\n\t<\/p>\n<\/div>\n<p><label> Cliente final\/revendedor<\/label><br \/>\n<span class=\"wpcf7-form-control-wrap\" data-name=\"kunde\"><span class=\"wpcf7-form-control wpcf7-radio\"><span class=\"wpcf7-list-item first\"><label><input type=\"radio\" name=\"kunde\" value=\"No especificado\" checked=\"checked\" \/><span class=\"wpcf7-list-item-label\">No especificado<\/span><\/label><\/span><span class=\"wpcf7-list-item\"><label><input type=\"radio\" name=\"kunde\" value=\"Cliente final\" \/><span class=\"wpcf7-list-item-label\">Cliente final<\/span><\/label><\/span><span class=\"wpcf7-list-item last\"><label><input type=\"radio\" name=\"kunde\" value=\"Revendedor\" \/><span class=\"wpcf7-list-item-label\">Revendedor<\/span><\/label><\/span><\/span><\/span><br \/>\n<span id=\"wpcf7-69d374fc81169-wrapper\" class=\"wpcf7-form-control-wrap honeypot-100-wrap\" style=\"display:none !important; visibility:hidden !important;\"><label for=\"wpcf7-69d374fc81169-field\" class=\"hp-message\">Por favor, deja este campo vac\u00edo.<\/label><input id=\"wpcf7-69d374fc81169-field\"  class=\"wpcf7-form-control wpcf7-text\" type=\"text\" name=\"honeypot-100\" value=\"\" size=\"40\" tabindex=\"-1\" autocomplete=\"new-password\" \/><\/span><br \/>\n<label> Productos<br \/>\n<span class=\"wpcf7-form-control-wrap\" data-name=\"produkte\"><select class=\"wpcf7-form-control wpcf7-select\" aria-invalid=\"false\" name=\"produkte\"><option value=\"No especificado\">No especificado<\/option><option value=\"Microsoft Office\">Microsoft Office<\/option><option value=\"Microsoft Windows\">Microsoft Windows<\/option><option value=\"Microsoft SQL Server und CALs\">Microsoft SQL Server und CALs<\/option><option value=\"Microsoft Windows Server und CALs\">Microsoft Windows Server und CALs<\/option><option value=\"Microsoft Exchange Server und CALs\">Microsoft Exchange Server und CALs<\/option><option value=\"Microsoft\">Microsoft<\/option><option value=\"Adobe Acrobat\">Adobe Acrobat<\/option><option value=\"Adobe CS6 Programme\">Adobe CS6 Programme<\/option><option value=\"Autodesk-Produkte\">Autodesk-Produkte<\/option><option value=\"VMware\">VMware<\/option><\/select><\/span><\/label>\n<\/p>\n<p><label> Asunto*<br \/>\n<span class=\"wpcf7-form-control-wrap\" data-name=\"subject\"><select class=\"wpcf7-form-control wpcf7-select wpcf7-validates-as-required\" aria-required=\"true\" aria-invalid=\"false\" name=\"subject\"><option value=\"Consulta no vinculante sobre la licencia\">Consulta no vinculante sobre la licencia<\/option><option value=\"Pregunta sobre la compra\/venta\">Pregunta sobre la compra\/venta<\/option><option value=\"Peticiones\/sugerencias\">Peticiones\/sugerencias<\/option><option value=\"Inscripci\u00f3n como socio (revendedor)\">Inscripci\u00f3n como socio (revendedor)<\/option><option value=\"Preguntas sobre la factura\">Preguntas sobre la factura<\/option><option value=\"Oferta individual\">Oferta individual<\/option><option value=\"Otras peticiones\">Otras peticiones<\/option><\/select><\/span> <\/label>\n<\/p>\n<p><label> Tu solicitud<br \/>\n<span class=\"wpcf7-form-control-wrap\" data-name=\"message\"><textarea cols=\"40\" rows=\"10\" maxlength=\"2000\" class=\"wpcf7-form-control wpcf7-textarea\" aria-invalid=\"false\" name=\"message\"><\/textarea><\/span> <\/label>\n<\/p>\n<p><label>\u00bfC\u00f3mo nos conociste?<br \/>\n<span class=\"wpcf7-form-control-wrap\" data-name=\"wie-erfahren\"><input size=\"40\" maxlength=\"400\" class=\"wpcf7-form-control wpcf7-text\" aria-invalid=\"false\" value=\"\" type=\"text\" name=\"wie-erfahren\" \/><\/span><\/label>\n<\/p>\n<p><!-- Mailchimp for WordPress v4.10.7 - https:\/\/www.mc4wp.com\/ --><input type=\"hidden\" name=\"_mc4wp_subscribe_contact-form-7\" value=\"0\" \/><span class=\"mc4wp-checkbox mc4wp-checkbox-contact-form-7 \"><label><input type=\"checkbox\" name=\"_mc4wp_subscribe_contact-form-7\" value=\"1\" ><span>Ich m\u00f6chte den Software ReUse-Newsletter bekommen, um laufend \u00fcber Sonderangebote informiert zu werden. Dies kann jederzeit widerrufen werden. <\/span><\/label><\/span><!-- \/ Mailchimp for WordPress -->\n<\/p>\n<div class=\"f-dsgvo\">\n\t<p><span class=\"wpcf7-form-control-wrap\" data-name=\"acceptance-534\"><span class=\"wpcf7-form-control wpcf7-acceptance\"><span class=\"wpcf7-list-item\"><label><input type=\"checkbox\" name=\"acceptance-534\" value=\"1\" aria-invalid=\"false\" \/><span class=\"wpcf7-list-item-label\">* He tomado nota de la <a href=\"https:\/\/www.software-reuse.eu\/datenschutz\/\" target=\"_blank\">pol\u00edtica de privacidad<\/a>. Acepto que mis datos, apellidos, nombre, direcci\u00f3n de correo electr\u00f3nico y mi mensaje sean procesados exclusivamente con el fin de tramitar y gestionar mi consulta. Tratamos estos datos sobre la base de tu consentimiento, de conformidad con el art. 6, apdo. 1 a) del RGPD.<\/span><\/label><\/span><\/span><\/span>\n\t<\/p>\n<\/div>\n<div class=\"h-captcha\" data-sitekey=\"cd7c840c-b42c-4ae4-80a2-9bca6866534a\" data-size=\"normal\" data-theme=\"light\" data-lang=\"es\"><\/div><span class=\"wpcf7-form-control-wrap cf7apps-hcaptcha\" data-name=\"cf7apps-hcaptcha\"><input type=\"hidden\" name=\"cf7apps-hcaptcha\" value=\"\" class=\"wpcf7-form-control\"><\/span>\n<\/p>\n<p><input class=\"wpcf7-form-control wpcf7-submit has-spinner btn\" type=\"submit\" value=\"Env\u00edo de\" \/>\n<\/p>\n<input class=\"wpcf7-form-control wpcf7-hidden\" value=\"\" type=\"hidden\" name=\"gclid\" \/><div class=\"wpcf7-response-output\" aria-hidden=\"true\"><\/div>\n<\/form>\n<\/div>\n<\/div><\/div><\/div><\/div><\/section>","protected":false},"excerpt":{"rendered":"<p>Comprar software barato de segunda mano de Microsoft y Adobe Env\u00ede aqu\u00ed su solicitud sin compromiso de software de segunda mano. Rogamos que introduzca el n\u00famero deseado de la versi\u00f3n y la cantidad. Le contactaremos en breve con una oferta. \u00bfTiene prisa o prefiere hablar personalmente? Por favor llame al\u00a0+34 91 \/ 4191 749. [vc_raw_html [&hellip;]<\/p>\n","protected":false},"author":1,"featured_media":0,"parent":0,"menu_order":0,"comment_status":"closed","ping_status":"closed","template":"","meta":{"inline_featured_image":false,"footnotes":""},"class_list":["post-498","page","type-page","status-publish","hentry"],"_links":{"self":[{"href":"https:\/\/www.software-reuse.eu\/es\/wp-json\/wp\/v2\/pages\/498","targetHints":{"allow":["GET"]}}],"collection":[{"href":"https:\/\/www.software-reuse.eu\/es\/wp-json\/wp\/v2\/pages"}],"about":[{"href":"https:\/\/www.software-reuse.eu\/es\/wp-json\/wp\/v2\/types\/page"}],"author":[{"embeddable":true,"href":"https:\/\/www.software-reuse.eu\/es\/wp-json\/wp\/v2\/users\/1"}],"replies":[{"embeddable":true,"href":"https:\/\/www.software-reuse.eu\/es\/wp-json\/wp\/v2\/comments?post=498"}],"version-history":[{"count":0,"href":"https:\/\/www.software-reuse.eu\/es\/wp-json\/wp\/v2\/pages\/498\/revisions"}],"wp:attachment":[{"href":"https:\/\/www.software-reuse.eu\/es\/wp-json\/wp\/v2\/media?parent=498"}],"curies":[{"name":"wp","href":"https:\/\/api.w.org\/{rel}","templated":true}]}}