{"id":504,"date":"2018-01-04T15:12:53","date_gmt":"2018-01-04T14:12:53","guid":{"rendered":"https:\/\/swr1.wpenginepowered.com\/vender-software\/"},"modified":"2020-06-26T10:48:04","modified_gmt":"2020-06-26T08:48:04","slug":"vender-software","status":"publish","type":"page","link":"https:\/\/www.software-reuse.eu\/es\/vender-software\/","title":{"rendered":"Vender software"},"content":{"rendered":"<section><div class=\"container\"><div class=\"row\"><div class=\"wpb_column hcode-column-container vc_col-sm-12 col-xs-mobile-fullwidth\" data-front-class=\"col-xs-mobile-fullwidth\"><div class=\"vc-column-innner-wrapper\"><h2>Vender o cambiar software<\/h2>\n<p><strong>\u00a1Convierta su software ya no usado en dinero!<\/strong><\/p>\n<div>A menudo existe software en empresas que ya no se necesita y no tiene otro uso.<\/div>\n<p>Si tambi\u00e9n es el caso en su empresa puede aumentar la liquidez y venderlo a nosotros. Si se trata de vol\u00famenes mayores de software posiblemente ser\u00e1 un importe mayor.<\/p>\n<p>Nos interesan especialmente:<\/p>\n<ul>\n<li>Varios programas de<strong>\u00a0Microsoft\u00ae<\/strong>. Tambi\u00e9n las denominadas versiones \u201cOEM\u201d que son paquetes de software que ya compraron con un ordenador nuevo<\/li>\n<li>Todos los programas\u00a0<strong>Adobe\u00ae<\/strong>, sueltos o tambi\u00e9n Creative Suites<\/li>\n<li>Tambi\u00e9n compramos\u00a0<strong>licencias por volumen<\/strong>\u00a0de estos productores<\/li>\n<li>Eventualmente compramos paquetes de software de otros productores<\/li>\n<\/ul>\n<p>Compramos todo en uno, \u00a1simple y r\u00e1pido! Tambi\u00e9n versiones m\u00e1s antiguas como Office 2007, Windows XP, Photoshop CS5 etc. \u00a1Software de Windows y Mac!<\/p>\n<p>\u00bfCompr\u00f3 recientemente un nuevo software o ordenador o tiene puestos vacantes que no quiere ocupar de nuevo? En caso que s\u00ed es muy probable que tenga software sin uso en su empresa.<\/p>\n<p>Compruebe su inventario de software o pregunte a su responsable de inform\u00e1tica si tienen licencias de software sin uso<\/p>\n<ul>\n<li>\u00a1se puede rentabilizar tambi\u00e9n con versiones m\u00e1s antiguas!<\/li>\n<\/ul>\n<div id=anfrageformular class=\"padding-three-top\">\n<div class=\"wpcf7 no-js\" id=\"wpcf7-f693-o1\" lang=\"es-ES\" dir=\"ltr\" data-wpcf7-id=\"693\">\n<div class=\"screen-reader-response\"><p role=\"status\" aria-live=\"polite\" aria-atomic=\"true\"><\/p> <ul><\/ul><\/div>\n<form action=\"\/es\/wp-json\/wp\/v2\/pages\/504#wpcf7-f693-o1\" method=\"post\" class=\"wpcf7-form init\" aria-label=\"Formulario de contacto\" novalidate=\"novalidate\" data-status=\"init\">\n<fieldset class=\"hidden-fields-container\"><input type=\"hidden\" name=\"_wpcf7\" value=\"693\" \/><input type=\"hidden\" name=\"_wpcf7_version\" value=\"6.1.1\" \/><input type=\"hidden\" name=\"_wpcf7_locale\" value=\"es_ES\" \/><input type=\"hidden\" name=\"_wpcf7_unit_tag\" value=\"wpcf7-f693-o1\" \/><input type=\"hidden\" name=\"_wpcf7_container_post\" value=\"0\" \/><input type=\"hidden\" name=\"_wpcf7_posted_data_hash\" value=\"\" \/>\n<\/fieldset>\n<h2>Formulario de solicitud \u2013 Vender software\n<\/h2>\n<p>Por favor rellene los campos marcados con * sin falta. Muchas gracias.\n<\/p>\n<p>Queremos vender las siguientes licencias de software a Software ReUse:*<br \/>\n<small>Por favor indique las VERSIONES para las quisiera recibir una oferta (por ejemplo Office 2010, 2013 etc.) y la CANTIDAD aproximada:<\/small>\n<\/p>\n<p><span class=\"wpcf7-form-control-wrap\" data-name=\"Softwareverkaufen\"><textarea cols=\"40\" rows=\"10\" maxlength=\"2000\" class=\"wpcf7-form-control wpcf7-textarea wpcf7-validates-as-required\" aria-required=\"true\" aria-invalid=\"false\" name=\"Softwareverkaufen\"><\/textarea><\/span>\n<\/p>\n<p>Queremos adquirir las licencias siguientes (opcional):<br \/>\n<small>\u00bfNecesita software nuevo? Entonces marque este campo e introduzca las licencias buscadas (VERSION y CANTIDAD disponible).<\/small>\n<\/p>\n<p><span class=\"wpcf7-form-control-wrap\" data-name=\"Softwarekaufen\"><textarea cols=\"40\" rows=\"10\" maxlength=\"2000\" class=\"wpcf7-form-control wpcf7-textarea\" aria-invalid=\"false\" name=\"Softwarekaufen\"><\/textarea><\/span>\n<\/p>\n<p><label> Tratamiento*<br \/>\n<span class=\"wpcf7-form-control-wrap\" data-name=\"menu-159\"><select class=\"wpcf7-form-control wpcf7-select wpcf7-validates-as-required\" aria-required=\"true\" aria-invalid=\"false\" name=\"menu-159\"><option value=\"Se\u00f1or\">Se\u00f1or<\/option><option value=\"Se\u00f1ora\">Se\u00f1ora<\/option><option value=\"Empresa\">Empresa<\/option><\/select><\/span><\/label>\n<\/p>\n<p><label> Nombre*<br \/>\n<span class=\"wpcf7-form-control-wrap\" data-name=\"your-name\"><input size=\"40\" maxlength=\"400\" class=\"wpcf7-form-control wpcf7-text wpcf7-validates-as-required\" aria-required=\"true\" aria-invalid=\"false\" value=\"\" type=\"text\" name=\"your-name\" \/><\/span> <\/label>\n<\/p>\n<p><label> E-Mail*<br \/>\n<span class=\"wpcf7-form-control-wrap\" data-name=\"your-email\"><input size=\"40\" maxlength=\"400\" class=\"wpcf7-form-control wpcf7-email wpcf7-validates-as-required wpcf7-text wpcf7-validates-as-email\" aria-required=\"true\" aria-invalid=\"false\" value=\"\" type=\"email\" name=\"your-email\" \/><\/span> <\/label>\n<\/p>\n<p><label> Tel\u00e9fono*<br \/>\n<span class=\"wpcf7-form-control-wrap\" data-name=\"telefon\"><input size=\"40\" maxlength=\"400\" class=\"wpcf7-form-control wpcf7-tel wpcf7-validates-as-required wpcf7-text wpcf7-validates-as-tel\" aria-required=\"true\" aria-invalid=\"false\" value=\"\" type=\"tel\" name=\"telefon\" \/><\/span> <\/label>\n<\/p>\n<p><label> Su comentario<br \/>\n<span class=\"wpcf7-form-control-wrap\" data-name=\"your-message\"><textarea cols=\"40\" rows=\"10\" maxlength=\"2000\" class=\"wpcf7-form-control wpcf7-textarea\" aria-invalid=\"false\" name=\"your-message\"><\/textarea><\/span> <\/label>\n<\/p>\n<div class=\"f-dsgvo\">\n\t<p><span class=\"wpcf7-form-control-wrap\" data-name=\"acceptance-534\"><span class=\"wpcf7-form-control wpcf7-acceptance\"><span class=\"wpcf7-list-item\"><label><input type=\"checkbox\" name=\"acceptance-534\" value=\"1\" aria-invalid=\"false\" \/><span class=\"wpcf7-list-item-label\">He tomado nota de <a href=\"https:\/\/www.software-reuse.eu\/en\/privacy-statement\/\" target=\"_blank\">la Pol\u00edtica de Privacidad<\/a>.<\/span><\/label><\/span><\/span><\/span>\n\t<\/p>\n<\/div>\n<p><input class=\"wpcf7-form-control wpcf7-submit has-spinner btn\" type=\"submit\" value=\"Enviar\" \/>\n<\/p>\n<input class=\"wpcf7-form-control wpcf7-hidden\" value=\"\" type=\"hidden\" name=\"gclid\" \/><div class=\"wpcf7-response-output\" aria-hidden=\"true\"><\/div>\n<\/form>\n<\/div>\n\n<\/div><\/div><\/div><\/div><\/div><\/section>","protected":false},"excerpt":{"rendered":"<p>Vender o cambiar software \u00a1Convierta su software ya no usado en dinero! A menudo existe software en empresas que ya no se necesita y no tiene otro uso. Si tambi\u00e9n es el caso en su empresa puede aumentar la liquidez y venderlo a nosotros. Si se trata de vol\u00famenes mayores de software posiblemente ser\u00e1 un [&hellip;]<\/p>\n","protected":false},"author":1,"featured_media":0,"parent":0,"menu_order":0,"comment_status":"closed","ping_status":"closed","template":"","meta":{"inline_featured_image":false,"footnotes":""},"class_list":["post-504","page","type-page","status-publish","hentry"],"_links":{"self":[{"href":"https:\/\/www.software-reuse.eu\/es\/wp-json\/wp\/v2\/pages\/504","targetHints":{"allow":["GET"]}}],"collection":[{"href":"https:\/\/www.software-reuse.eu\/es\/wp-json\/wp\/v2\/pages"}],"about":[{"href":"https:\/\/www.software-reuse.eu\/es\/wp-json\/wp\/v2\/types\/page"}],"author":[{"embeddable":true,"href":"https:\/\/www.software-reuse.eu\/es\/wp-json\/wp\/v2\/users\/1"}],"replies":[{"embeddable":true,"href":"https:\/\/www.software-reuse.eu\/es\/wp-json\/wp\/v2\/comments?post=504"}],"version-history":[{"count":0,"href":"https:\/\/www.software-reuse.eu\/es\/wp-json\/wp\/v2\/pages\/504\/revisions"}],"wp:attachment":[{"href":"https:\/\/www.software-reuse.eu\/es\/wp-json\/wp\/v2\/media?parent=504"}],"curies":[{"name":"wp","href":"https:\/\/api.w.org\/{rel}","templated":true}]}}