{"id":506,"date":"2018-01-04T15:17:31","date_gmt":"2018-01-04T14:17:31","guid":{"rendered":"https:\/\/swr1.wpenginepowered.com\/vender-software\/cambiar-licencias\/"},"modified":"2020-06-26T10:47:23","modified_gmt":"2020-06-26T08:47:23","slug":"cambiar-licencias","status":"publish","type":"page","link":"https:\/\/www.software-reuse.eu\/es\/vender-software\/cambiar-licencias\/","title":{"rendered":"Cambiar licencias"},"content":{"rendered":"<section><div class=\"container\"><div class=\"row\"><div class=\"wpb_column hcode-column-container  col-xs-mobile-fullwidth\" data-front-class=\"col-xs-mobile-fullwidth front-column-class\"><div class=\"vc-column-innner-wrapper\"><h2>Cambiar licencias<\/h2>\n<ul>\n<li>\u00bfEst\u00e1 planificando una nueva adquisici\u00f3n pero falta el presupuesto correspondiente?<\/li>\n<li>\u00bfEst\u00e1 planificando de sustituir el software antiguo por la nueva adquisici\u00f3n?<\/li>\n<\/ul>\n<p>Puede ahorrar dos veces con nosotros \u2013 por un lado ahorra mucho dinero comprando software de segunda mano relativamente nuevo como Office 2016, 2013 o Windows 10 Professional, por otro lado tambi\u00e9n aceptamos sus versiones anteriores como medio de pago.<\/p>\n<p>Indique aqu\u00ed en el formulario de solicitud cu\u00e1ntas licencias quiere vender y qu\u00e9 software quiere comprar. Por supuesto que compramos tambi\u00e9n sus licencias sin que compre de nosotros.<\/p>\n<a  href=\"https:\/\/www.software-reuse.eu\/es\/vender-software\/#anfrageformular\" target=\"_self\"  class=\"inner-link button btn btn-small-black-border-light btn-round btn-medium\">Formulario de solicitud<\/a><\/div><\/div><\/div><\/div><\/section>","protected":false},"excerpt":{"rendered":"<p>Cambiar licencias \u00bfEst\u00e1 planificando una nueva adquisici\u00f3n pero falta el presupuesto correspondiente? \u00bfEst\u00e1 planificando de sustituir el software antiguo por la nueva adquisici\u00f3n? Puede ahorrar dos veces con nosotros \u2013 por un lado ahorra mucho dinero comprando software de segunda mano relativamente nuevo como Office 2016, 2013 o Windows 10 Professional, por otro lado tambi\u00e9n [&hellip;]<\/p>\n","protected":false},"author":1,"featured_media":0,"parent":504,"menu_order":0,"comment_status":"closed","ping_status":"closed","template":"","meta":{"inline_featured_image":false,"footnotes":""},"class_list":["post-506","page","type-page","status-publish","hentry"],"_links":{"self":[{"href":"https:\/\/www.software-reuse.eu\/es\/wp-json\/wp\/v2\/pages\/506","targetHints":{"allow":["GET"]}}],"collection":[{"href":"https:\/\/www.software-reuse.eu\/es\/wp-json\/wp\/v2\/pages"}],"about":[{"href":"https:\/\/www.software-reuse.eu\/es\/wp-json\/wp\/v2\/types\/page"}],"author":[{"embeddable":true,"href":"https:\/\/www.software-reuse.eu\/es\/wp-json\/wp\/v2\/users\/1"}],"replies":[{"embeddable":true,"href":"https:\/\/www.software-reuse.eu\/es\/wp-json\/wp\/v2\/comments?post=506"}],"version-history":[{"count":0,"href":"https:\/\/www.software-reuse.eu\/es\/wp-json\/wp\/v2\/pages\/506\/revisions"}],"up":[{"embeddable":true,"href":"https:\/\/www.software-reuse.eu\/es\/wp-json\/wp\/v2\/pages\/504"}],"wp:attachment":[{"href":"https:\/\/www.software-reuse.eu\/es\/wp-json\/wp\/v2\/media?parent=506"}],"curies":[{"name":"wp","href":"https:\/\/api.w.org\/{rel}","templated":true}]}}