{"id":508,"date":"2018-01-04T15:22:53","date_gmt":"2018-01-04T14:22:53","guid":{"rendered":"https:\/\/swr1.wpenginepowered.com\/vender-software\/premisas-software-segunda-mano\/"},"modified":"2020-06-26T10:46:46","modified_gmt":"2020-06-26T08:46:46","slug":"premisas-software-segunda-mano","status":"publish","type":"page","link":"https:\/\/www.software-reuse.eu\/es\/vender-software\/vender-licencias-de-microsoft\/","title":{"rendered":"Premisas"},"content":{"rendered":"<section><div class=\"container\"><div class=\"row\"><div class=\"wpb_column hcode-column-container  col-xs-mobile-fullwidth\" data-front-class=\"col-xs-mobile-fullwidth front-column-class\"><div class=\"vc-column-innner-wrapper\"><h2>Premisas para la compra de software de segunda mano<\/h2>\n<p>Tiene que cumplir las siguientes premisas para que nosotros podamos comprar su software:<\/p>\n<ul>\n<li>En caso de licencias por volumen es importante que se puedan usar comercialmente. El Software Assurance (como es parcialmente habitual con contratos con Microsoft) deber\u00eda ser pagado.<\/li>\n<li>En caso de licencias OEM o Retail, la caja deber\u00eda contener todo. Las versiones de cajas de Microsoft contienen el manual (si contenido originalmente), CD\/DVD, el certificado de autenticidad, el n\u00famero de serie y EULA (End User Licence Agreement). Para el software de Adobe los soportes de datos y el n\u00famero de serie son imprescindibles.<\/li>\n<li>Cuidado con las actualizaciones: Si tiene por ejemplo el Creative Suite 5.5 y lo actualiz\u00f3 a la versi\u00f3n CS 6, NO puede vender el Creative Suite 5,5. La actualizaci\u00f3n se refiere a la versi\u00f3n anterior y la denominada \"ruta de la versi\u00f3n completa\" ya no estar\u00eda completa para venderla.<\/li>\n<\/ul>\n<p>Si no est\u00e1 seguro si su software est\u00e1 completo o no, tambi\u00e9n nos puede mandar una foto y le aconsejaremos.<\/p>\n<h2>Ejemplos<\/h2>\n<ul>\n<li>Se ha reducido el personal y sus sitios ya no se necesitan. Todos ten\u00edan Microsoft Office 2016 y Adobe Creative Suite CS 6 instalado.<\/li>\n<li>Tuvo 50 PCs de oficina con 50 Microsoft \u00adWindows 7 y Microsoft Office 2016 instalados. Despu\u00e9s de una nueva adquisici\u00f3n ya no necesita los paquetes de software. Nosotros compramos todas la versiones OEM de Office y Windows 7.<\/li>\n<li>Un grupo compr\u00f3 su empresa y la empresa matriz ofrece todo el software. Entonces puede vender todo el software que ya no necesita.<\/li>\n<\/ul>\n<p>Como puede ver es muy probable que a\u00fan tenga software que ya no necesita.<\/p>\n<p>=&gt; Compramos todas las licencias en grandes y peque\u00f1as cantidades - \u00a1es un proceso r\u00e1pido y simple!<\/p>\n<a  href=\"https:\/\/www.software-reuse.eu\/es\/vender-software\/#anfrageformular\" target=\"_self\"  class=\"inner-link button btn btn-small-black-border-light btn-round btn-medium\">Formulario de venta<\/a><\/div><\/div><\/div><\/div><\/section>","protected":false},"excerpt":{"rendered":"<p>Premisas para la compra de software de segunda mano Tiene que cumplir las siguientes premisas para que nosotros podamos comprar su software: En caso de licencias por volumen es importante que se puedan usar comercialmente. El Software Assurance (como es parcialmente habitual con contratos con Microsoft) deber\u00eda ser pagado. En caso de licencias OEM o [&hellip;]<\/p>\n","protected":false},"author":1,"featured_media":0,"parent":504,"menu_order":0,"comment_status":"closed","ping_status":"closed","template":"","meta":{"inline_featured_image":false,"footnotes":""},"class_list":["post-508","page","type-page","status-publish","hentry"],"_links":{"self":[{"href":"https:\/\/www.software-reuse.eu\/es\/wp-json\/wp\/v2\/pages\/508","targetHints":{"allow":["GET"]}}],"collection":[{"href":"https:\/\/www.software-reuse.eu\/es\/wp-json\/wp\/v2\/pages"}],"about":[{"href":"https:\/\/www.software-reuse.eu\/es\/wp-json\/wp\/v2\/types\/page"}],"author":[{"embeddable":true,"href":"https:\/\/www.software-reuse.eu\/es\/wp-json\/wp\/v2\/users\/1"}],"replies":[{"embeddable":true,"href":"https:\/\/www.software-reuse.eu\/es\/wp-json\/wp\/v2\/comments?post=508"}],"version-history":[{"count":0,"href":"https:\/\/www.software-reuse.eu\/es\/wp-json\/wp\/v2\/pages\/508\/revisions"}],"up":[{"embeddable":true,"href":"https:\/\/www.software-reuse.eu\/es\/wp-json\/wp\/v2\/pages\/504"}],"wp:attachment":[{"href":"https:\/\/www.software-reuse.eu\/es\/wp-json\/wp\/v2\/media?parent=508"}],"curies":[{"name":"wp","href":"https:\/\/api.w.org\/{rel}","templated":true}]}}