{"id":510,"date":"2018-01-04T15:44:30","date_gmt":"2018-01-04T14:44:30","guid":{"rendered":"https:\/\/swr1.wpenginepowered.com\/empresa\/"},"modified":"2020-06-26T10:37:51","modified_gmt":"2020-06-26T08:37:51","slug":"empresa","status":"publish","type":"page","link":"https:\/\/www.software-reuse.eu\/es\/empresa\/","title":{"rendered":"Empresa"},"content":{"rendered":"<section><div class=\"container\"><div class=\"row\"><div class=\"wpb_column hcode-column-container vc_col-sm-12 col-xs-mobile-fullwidth\" data-front-class=\"col-xs-mobile-fullwidth\"><div class=\"vc-column-innner-wrapper\"><p>Somos una empresa especializada en el comercio con software de segunda mano a nivel europeo. con especial enf\u00e1sis en Microsoft, Adobe y software VMware. Desde la creaci\u00f3n en el a\u00f1o 2011 ya cuentan cientos de clientes con nuestro equipo experimentado.<\/p>\n<p>Con nuestra experiencia le ayudamos a licenciar su empresa compatiblemente logrando el mayor ahorro posible.<\/p>\n<\/div><\/div><\/div><\/div><\/section><section><div class=\"container\"><div class=\"row\"><div class=\"wpb_column hcode-column-container text-center sm-text-center xs-text-center vc_col-sm-4 col-xs-mobile-fullwidth\" data-front-class=\"text-center sm-text-center xs-text-center col-xs-mobile-fullwidth\"><div class=\"vc-column-innner-wrapper\"><a  href=\"https:\/\/www.software-reuse.eu\/es\/empresa\/equipo\/\" target=\"_self\"  class=\"inner-link button btn btn-small-black-border-light btn-round btn-medium\">Equipo<\/a><\/div><\/div><div class=\"wpb_column hcode-column-container text-center sm-text-center xs-text-center vc_col-sm-4 col-xs-mobile-fullwidth\" data-front-class=\"text-center sm-text-center xs-text-center col-xs-mobile-fullwidth\"><div class=\"vc-column-innner-wrapper\"><a  href=\"https:\/\/www.software-reuse.eu\/es\/empresa\/asesoramiento-sobre-licencias-ayuda-con-el-audit\/\" target=\"_self\"  class=\"inner-link button btn btn-small-black-border-light btn-round btn-medium\">Consulta de licencias<\/a><\/div><\/div><div class=\"wpb_column hcode-column-container text-center sm-text-center xs-text-center vc_col-sm-4 col-xs-mobile-fullwidth\" data-front-class=\"text-center sm-text-center xs-text-center col-xs-mobile-fullwidth\"><div class=\"vc-column-innner-wrapper\"><a  href=\"https:\/\/www.software-reuse.eu\/es\/comprar-software\/\" target=\"_self\"  class=\"inner-link button btn btn-small-black-border-light btn-round btn-medium\">Productos<\/a><\/div><\/div><\/div><\/div><\/section>","protected":false},"excerpt":{"rendered":"<p>Somos una empresa especializada en el comercio con software de segunda mano a nivel europeo. con especial enf\u00e1sis en Microsoft, Adobe y software VMware. Desde la creaci\u00f3n en el a\u00f1o 2011 ya cuentan cientos de clientes con nuestro equipo experimentado. Con nuestra experiencia le ayudamos a licenciar su empresa compatiblemente logrando el mayor ahorro posible. [&hellip;]<\/p>\n","protected":false},"author":1,"featured_media":0,"parent":0,"menu_order":0,"comment_status":"closed","ping_status":"closed","template":"","meta":{"inline_featured_image":false,"footnotes":""},"class_list":["post-510","page","type-page","status-publish","hentry"],"_links":{"self":[{"href":"https:\/\/www.software-reuse.eu\/es\/wp-json\/wp\/v2\/pages\/510","targetHints":{"allow":["GET"]}}],"collection":[{"href":"https:\/\/www.software-reuse.eu\/es\/wp-json\/wp\/v2\/pages"}],"about":[{"href":"https:\/\/www.software-reuse.eu\/es\/wp-json\/wp\/v2\/types\/page"}],"author":[{"embeddable":true,"href":"https:\/\/www.software-reuse.eu\/es\/wp-json\/wp\/v2\/users\/1"}],"replies":[{"embeddable":true,"href":"https:\/\/www.software-reuse.eu\/es\/wp-json\/wp\/v2\/comments?post=510"}],"version-history":[{"count":0,"href":"https:\/\/www.software-reuse.eu\/es\/wp-json\/wp\/v2\/pages\/510\/revisions"}],"wp:attachment":[{"href":"https:\/\/www.software-reuse.eu\/es\/wp-json\/wp\/v2\/media?parent=510"}],"curies":[{"name":"wp","href":"https:\/\/api.w.org\/{rel}","templated":true}]}}