{"id":515,"date":"2018-01-04T15:53:56","date_gmt":"2018-01-04T14:53:56","guid":{"rendered":"https:\/\/swr1.wpenginepowered.com\/empresa\/asesoramiento-sobre-licencias-ayuda-con-el-audit\/"},"modified":"2025-11-13T15:47:20","modified_gmt":"2025-11-13T14:47:20","slug":"asesoramiento-sobre-licencias","status":"publish","type":"page","link":"https:\/\/www.software-reuse.eu\/es\/empresa\/proporcionamos-apoyo-para-auditorias-de-software\/","title":{"rendered":"Proporcionamos apoyo para auditor\u00edas de software"},"content":{"rendered":"<section><div class=\"container\"><div class=\"row\"><div class=\"wpb_column hcode-column-container vc_col-sm-12 col-xs-mobile-fullwidth\" data-front-class=\"col-xs-mobile-fullwidth\"><div class=\"vc-column-innner-wrapper\"><h2>Asesoramiento sobre licencias \u2013 Ayuda con la auditor\u00eda<\/h2>\n<p>\u00bfUn productor de software pide que revela su licencia?<\/p>\n<p>\u00bfSu empresa no tiene las suficientes licencias?<\/p>\n<p>\u00a1El equipo de Software ReUse le ayuda con placer para que su empresa sea conforme!<\/p>\n\n<div class=\"wpcf7 no-js\" id=\"wpcf7-f54412-o1\" lang=\"es-ES\" dir=\"ltr\" data-wpcf7-id=\"54412\">\n<div class=\"screen-reader-response\"><p role=\"status\" aria-live=\"polite\" aria-atomic=\"true\"><\/p> <ul><\/ul><\/div>\n<form action=\"\/es\/wp-json\/wp\/v2\/pages\/515#wpcf7-f54412-o1\" method=\"post\" class=\"wpcf7-form init\" aria-label=\"Formulario de contacto\" novalidate=\"novalidate\" data-status=\"init\">\n<fieldset class=\"hidden-fields-container\"><input type=\"hidden\" name=\"_wpcf7\" value=\"54412\" \/><input type=\"hidden\" name=\"_wpcf7_version\" value=\"6.1.1\" \/><input type=\"hidden\" name=\"_wpcf7_locale\" value=\"es_ES\" \/><input type=\"hidden\" name=\"_wpcf7_unit_tag\" value=\"wpcf7-f54412-o1\" \/><input type=\"hidden\" name=\"_wpcf7_container_post\" value=\"0\" \/><input type=\"hidden\" name=\"_wpcf7_posted_data_hash\" value=\"\" \/>\n<\/fieldset>\n<div>\n\t<p><label> Saludo*<br \/>\n<span class=\"wpcf7-form-control-wrap\" data-name=\"salutation\"><select class=\"wpcf7-form-control wpcf7-select wpcf7-validates-as-required\" aria-required=\"true\" aria-invalid=\"false\" name=\"salutation\"><option value=\"Sr.\">Sr.<\/option><option value=\"Sra.\">Sra.<\/option><option value=\"Empresa\">Empresa<\/option><\/select><\/span><\/label>\n\t<\/p>\n\t<p><label> Tu nombre<br \/>\n<span class=\"wpcf7-form-control-wrap\" data-name=\"your-name\"><input size=\"40\" maxlength=\"400\" class=\"wpcf7-form-control wpcf7-text wpcf7-validates-as-required\" aria-required=\"true\" aria-invalid=\"false\" value=\"\" type=\"text\" name=\"your-name\" \/><\/span> <\/label>\n\t<\/p>\n<\/div>\n<p><label> El nombre de tu empresa<br \/>\n<span class=\"wpcf7-form-control-wrap\" data-name=\"your-company\"><input size=\"40\" maxlength=\"400\" class=\"wpcf7-form-control wpcf7-text\" aria-invalid=\"false\" value=\"\" type=\"text\" name=\"your-company\" \/><\/span> <\/label>\n<\/p>\n<div>\n\t<p><label> Tu direcci\u00f3n de correo electr\u00f3nico*<br \/>\n<span class=\"wpcf7-form-control-wrap\" data-name=\"your-email\"><input size=\"40\" maxlength=\"400\" class=\"wpcf7-form-control wpcf7-email wpcf7-validates-as-required wpcf7-text wpcf7-validates-as-email\" aria-required=\"true\" aria-invalid=\"false\" value=\"\" type=\"email\" name=\"your-email\" \/><\/span> <\/label>\n\t<\/p>\n\t<p><label>Tel\u00e9fono<br \/>\n<span class=\"wpcf7-form-control-wrap\" data-name=\"telefon\"><input size=\"40\" maxlength=\"400\" class=\"wpcf7-form-control wpcf7-tel wpcf7-validates-as-required wpcf7-text wpcf7-validates-as-tel\" aria-required=\"true\" aria-invalid=\"false\" value=\"\" type=\"tel\" name=\"telefon\" \/><\/span><\/label>\n\t<\/p>\n<\/div>\n<div>\n\t<p><label> Presupuesto<br \/>\n<span class=\"wpcf7-form-control-wrap\" data-name=\"budget\"><select class=\"wpcf7-form-control wpcf7-select\" aria-invalid=\"false\" name=\"budget\"><option value=\"No especificado\">No especificado<\/option><option value=\"0-1.000 euros\">0-1.000 euros<\/option><option value=\"1.000-5.000 euros\">1.000-5.000 euros<\/option><option value=\"5.000-10.000 euros\">5.000-10.000 euros<\/option><option value=\"a partir de 10.000 euros\">a partir de 10.000 euros<\/option><\/select><\/span><\/label>\n\t<\/p>\n\t<p><label> Cantidad<br \/>\n<span class=\"wpcf7-form-control-wrap\" data-name=\"budget\"><select class=\"wpcf7-form-control wpcf7-select\" aria-invalid=\"false\" name=\"budget\"><option value=\"1-10\">1-10<\/option><option value=\"11-50\">11-50<\/option><option value=\"101-1000\">101-1000<\/option><option value=\"1000+\">1000+<\/option><\/select><\/span><\/label>\n\t<\/p>\n<\/div>\n<p><label> Cliente final\/revendedor<\/label><br \/>\n<span class=\"wpcf7-form-control-wrap\" data-name=\"kunde\"><span class=\"wpcf7-form-control wpcf7-radio\"><span class=\"wpcf7-list-item first\"><label><input type=\"radio\" name=\"kunde\" value=\"No especificado\" checked=\"checked\" \/><span class=\"wpcf7-list-item-label\">No especificado<\/span><\/label><\/span><span class=\"wpcf7-list-item\"><label><input type=\"radio\" name=\"kunde\" value=\"Cliente final\" \/><span class=\"wpcf7-list-item-label\">Cliente final<\/span><\/label><\/span><span class=\"wpcf7-list-item last\"><label><input type=\"radio\" name=\"kunde\" value=\"Revendedor\" \/><span class=\"wpcf7-list-item-label\">Revendedor<\/span><\/label><\/span><\/span><\/span><br \/>\n<span id=\"wpcf7-69e9d666b934f-wrapper\" class=\"wpcf7-form-control-wrap honeypot-100-wrap\" style=\"display:none !important; visibility:hidden !important;\"><label for=\"wpcf7-69e9d666b934f-field\" class=\"hp-message\">Por favor, deja este campo vac\u00edo.<\/label><input id=\"wpcf7-69e9d666b934f-field\"  class=\"wpcf7-form-control wpcf7-text\" type=\"text\" name=\"honeypot-100\" value=\"\" size=\"40\" tabindex=\"-1\" autocomplete=\"new-password\" \/><\/span><br \/>\n<label> Productos<br \/>\n<span class=\"wpcf7-form-control-wrap\" data-name=\"produkte\"><select class=\"wpcf7-form-control wpcf7-select\" aria-invalid=\"false\" name=\"produkte\"><option value=\"No especificado\">No especificado<\/option><option value=\"Microsoft Office\">Microsoft Office<\/option><option value=\"Microsoft Windows\">Microsoft Windows<\/option><option value=\"Microsoft SQL Server und CALs\">Microsoft SQL Server und CALs<\/option><option value=\"Microsoft Windows Server und CALs\">Microsoft Windows Server und CALs<\/option><option value=\"Microsoft Exchange Server und CALs\">Microsoft Exchange Server und CALs<\/option><option value=\"Microsoft\">Microsoft<\/option><option value=\"Adobe Acrobat\">Adobe Acrobat<\/option><option value=\"Adobe CS6 Programme\">Adobe CS6 Programme<\/option><option value=\"Autodesk-Produkte\">Autodesk-Produkte<\/option><option value=\"VMware\">VMware<\/option><\/select><\/span><\/label>\n<\/p>\n<p><label> Asunto*<br \/>\n<span class=\"wpcf7-form-control-wrap\" data-name=\"subject\"><select class=\"wpcf7-form-control wpcf7-select wpcf7-validates-as-required\" aria-required=\"true\" aria-invalid=\"false\" name=\"subject\"><option value=\"Consulta no vinculante sobre la licencia\">Consulta no vinculante sobre la licencia<\/option><option value=\"Pregunta sobre la compra\/venta\">Pregunta sobre la compra\/venta<\/option><option value=\"Peticiones\/sugerencias\">Peticiones\/sugerencias<\/option><option value=\"Inscripci\u00f3n como socio (revendedor)\">Inscripci\u00f3n como socio (revendedor)<\/option><option value=\"Preguntas sobre la factura\">Preguntas sobre la factura<\/option><option value=\"Oferta individual\">Oferta individual<\/option><option value=\"Otras peticiones\">Otras peticiones<\/option><\/select><\/span> <\/label>\n<\/p>\n<p><label> Tu solicitud<br \/>\n<span class=\"wpcf7-form-control-wrap\" data-name=\"message\"><textarea cols=\"40\" rows=\"10\" maxlength=\"2000\" class=\"wpcf7-form-control wpcf7-textarea\" aria-invalid=\"false\" name=\"message\"><\/textarea><\/span> <\/label>\n<\/p>\n<p><label>\u00bfC\u00f3mo nos conociste?<br \/>\n<span class=\"wpcf7-form-control-wrap\" data-name=\"wie-erfahren\"><input size=\"40\" maxlength=\"400\" class=\"wpcf7-form-control wpcf7-text\" aria-invalid=\"false\" value=\"\" type=\"text\" name=\"wie-erfahren\" \/><\/span><\/label>\n<\/p>\n<p><!-- Mailchimp for WordPress v4.10.7 - https:\/\/www.mc4wp.com\/ --><input type=\"hidden\" name=\"_mc4wp_subscribe_contact-form-7\" value=\"0\" \/><span class=\"mc4wp-checkbox mc4wp-checkbox-contact-form-7 \"><label><input type=\"checkbox\" name=\"_mc4wp_subscribe_contact-form-7\" value=\"1\" ><span>Ich m\u00f6chte den Software ReUse-Newsletter bekommen, um laufend \u00fcber Sonderangebote informiert zu werden. Dies kann jederzeit widerrufen werden. <\/span><\/label><\/span><!-- \/ Mailchimp for WordPress -->\n<\/p>\n<div class=\"f-dsgvo\">\n\t<p><span class=\"wpcf7-form-control-wrap\" data-name=\"acceptance-534\"><span class=\"wpcf7-form-control wpcf7-acceptance\"><span class=\"wpcf7-list-item\"><label><input type=\"checkbox\" name=\"acceptance-534\" value=\"1\" aria-invalid=\"false\" \/><span class=\"wpcf7-list-item-label\">* He tomado nota de la <a href=\"https:\/\/www.software-reuse.eu\/datenschutz\/\" target=\"_blank\">pol\u00edtica de privacidad<\/a>. Acepto que mis datos, apellidos, nombre, direcci\u00f3n de correo electr\u00f3nico y mi mensaje sean procesados exclusivamente con el fin de tramitar y gestionar mi consulta. Tratamos estos datos sobre la base de tu consentimiento, de conformidad con el art. 6, apdo. 1 a) del RGPD.<\/span><\/label><\/span><\/span><\/span>\n\t<\/p>\n<\/div>\n<div class=\"h-captcha\" data-sitekey=\"cd7c840c-b42c-4ae4-80a2-9bca6866534a\" data-size=\"normal\" data-theme=\"light\" data-lang=\"es\"><\/div><span class=\"wpcf7-form-control-wrap cf7apps-hcaptcha\" data-name=\"cf7apps-hcaptcha\"><input type=\"hidden\" name=\"cf7apps-hcaptcha\" value=\"\" class=\"wpcf7-form-control\"><\/span>\n<\/p>\n<p><input class=\"wpcf7-form-control wpcf7-submit has-spinner btn\" type=\"submit\" value=\"Env\u00edo de\" \/>\n<\/p>\n<input class=\"wpcf7-form-control wpcf7-hidden\" value=\"\" type=\"hidden\" name=\"gclid\" \/><div class=\"wpcf7-response-output\" aria-hidden=\"true\"><\/div>\n<\/form>\n<\/div>\n\n<\/div><\/div><\/div><\/div><\/section>","protected":false},"excerpt":{"rendered":"<p>Asesoramiento sobre licencias \u2013 Ayuda con la auditor\u00eda \u00bfUn productor de software pide que revela su licencia? \u00bfSu empresa no tiene las suficientes licencias? \u00a1El equipo de Software ReUse le ayuda con placer para que su empresa sea conforme! Saludo* Sr.Sra.Empresa Tu nombre El nombre de tu empresa Tu direcci\u00f3n de correo electr\u00f3nico* Tel\u00e9fono Presupuesto [&hellip;]<\/p>\n","protected":false},"author":1,"featured_media":0,"parent":510,"menu_order":0,"comment_status":"closed","ping_status":"closed","template":"","meta":{"inline_featured_image":false,"footnotes":""},"class_list":["post-515","page","type-page","status-publish","hentry"],"_links":{"self":[{"href":"https:\/\/www.software-reuse.eu\/es\/wp-json\/wp\/v2\/pages\/515","targetHints":{"allow":["GET"]}}],"collection":[{"href":"https:\/\/www.software-reuse.eu\/es\/wp-json\/wp\/v2\/pages"}],"about":[{"href":"https:\/\/www.software-reuse.eu\/es\/wp-json\/wp\/v2\/types\/page"}],"author":[{"embeddable":true,"href":"https:\/\/www.software-reuse.eu\/es\/wp-json\/wp\/v2\/users\/1"}],"replies":[{"embeddable":true,"href":"https:\/\/www.software-reuse.eu\/es\/wp-json\/wp\/v2\/comments?post=515"}],"version-history":[{"count":0,"href":"https:\/\/www.software-reuse.eu\/es\/wp-json\/wp\/v2\/pages\/515\/revisions"}],"up":[{"embeddable":true,"href":"https:\/\/www.software-reuse.eu\/es\/wp-json\/wp\/v2\/pages\/510"}],"wp:attachment":[{"href":"https:\/\/www.software-reuse.eu\/es\/wp-json\/wp\/v2\/media?parent=515"}],"curies":[{"name":"wp","href":"https:\/\/api.w.org\/{rel}","templated":true}]}}