{"id":56224,"date":"2026-02-12T14:45:47","date_gmt":"2026-02-12T13:45:47","guid":{"rendered":"https:\/\/www.software-reuse.eu\/blog\/son-legales-las-licencias-vmware-usadas\/"},"modified":"2026-02-12T14:56:54","modified_gmt":"2026-02-12T13:56:54","slug":"son-legales-las-licencias-vmware-usadas","status":"publish","type":"page","link":"https:\/\/www.software-reuse.eu\/es\/blog\/son-legales-las-licencias-vmware-usadas\/","title":{"rendered":"\u00bfSon legales las licencias VMware usadas?"},"content":{"rendered":"<p>\u00bfEs realmente posible comprar o vender licencias VMware usadas? S\u00ed, la reventa est\u00e1 permitida por la ley. Explicamos lo que las empresas deben saber al respecto y por qu\u00e9 las licencias perpetuas siguen siendo una opci\u00f3n interesante.   <\/p>\n","protected":false},"excerpt":{"rendered":"<p>\u00bfEs realmente posible comprar o vender licencias VMware usadas? S\u00ed, la reventa est\u00e1 permitida por la ley. Explicamos lo que las empresas deben saber al respecto y por qu\u00e9 las licencias perpetuas siguen siendo una opci\u00f3n interesante.   <\/p>\n","protected":false},"author":2,"featured_media":56223,"parent":39761,"menu_order":0,"comment_status":"closed","ping_status":"closed","template":"","meta":{"inline_featured_image":false,"footnotes":""},"class_list":["post-56224","page","type-page","status-publish","has-post-thumbnail","hentry"],"_links":{"self":[{"href":"https:\/\/www.software-reuse.eu\/es\/wp-json\/wp\/v2\/pages\/56224","targetHints":{"allow":["GET"]}}],"collection":[{"href":"https:\/\/www.software-reuse.eu\/es\/wp-json\/wp\/v2\/pages"}],"about":[{"href":"https:\/\/www.software-reuse.eu\/es\/wp-json\/wp\/v2\/types\/page"}],"author":[{"embeddable":true,"href":"https:\/\/www.software-reuse.eu\/es\/wp-json\/wp\/v2\/users\/2"}],"replies":[{"embeddable":true,"href":"https:\/\/www.software-reuse.eu\/es\/wp-json\/wp\/v2\/comments?post=56224"}],"version-history":[{"count":0,"href":"https:\/\/www.software-reuse.eu\/es\/wp-json\/wp\/v2\/pages\/56224\/revisions"}],"up":[{"embeddable":true,"href":"https:\/\/www.software-reuse.eu\/es\/wp-json\/wp\/v2\/pages\/39761"}],"wp:featuredmedia":[{"embeddable":true,"href":"https:\/\/www.software-reuse.eu\/es\/wp-json\/wp\/v2\/media\/56223"}],"wp:attachment":[{"href":"https:\/\/www.software-reuse.eu\/es\/wp-json\/wp\/v2\/media?parent=56224"}],"curies":[{"name":"wp","href":"https:\/\/api.w.org\/{rel}","templated":true}]}}