{"id":33550,"date":"2017-01-02T00:00:00","date_gmt":"2017-01-02T00:00:00","guid":{"rendered":"https:\/\/swr1.wpenginepowered.com\/?product=adobe-creative-suite-55-design-premium-deutsch-mac"},"modified":"2022-06-09T20:33:42","modified_gmt":"2022-06-09T20:33:42","slug":"adobe-creative-suite-55-design-premium-deutsch-mac-1","status":"publish","type":"product","link":"https:\/\/www.software-reuse.eu\/es\/shop\/adobe\/adobe-creative-suite-55\/macintosh\/adobe\/adobe-creative-suite-55\/macintosh\/adobe-creative-suite-55-design-premium-deutsch-mac\/","title":{"rendered":"Adobe Creative Suite 5.5 Design Premium Deutsch Mac"},"content":{"rendered":"<p><b>Die ideale Software f\u00fcr Printdesigner, Grafiker und Illustratoren! <\/b><br> Diese Design Suite enth\u00e4lt die folgenden Profiprogramme:<\/p>\n<ul>\n<li>InDesign CS5.5 \u2014 Layoutsoftware, die keine W\u00fcnsche offen l\u00e4sst.<\/li>\n<li>Photoshop CS5 \u2014 Bildbearbeitungsprogramm f\u00fcr Profis.<\/li>\n<li>Illustrator CS5 \u2014 Vektorbasiertes Grafik- und Zeichenprogramm, f\u00fcr z.B. Logogestaltung<\/li>\n<li>Acrobat X Pro \u2014 Gruppe von Programmen, die zum Lesen, Erstellen,   Verwalten, Kommentieren und Verteilen von PDF-Dateien verwendet werden<\/li>\n<li>Bridge CS5<\/li>\n<li>Dreamweaver CS 5.5<\/li>\n<li>Flash CS 5.5<\/li>\n<\/ul>\n<p><b><b> <b>Sprache:<\/b> <\/b><\/b>Deutsch<\/p>\n<p><b>Lieferumfang: <\/b>Originalboxen mit Seriennummern, Originaldatentr\u00e4ger. <b>Auf Wunsch k\u00f6nnen wir Ihnen vorab die Lizenzkeys per Mail zukommen  lassen, damit Sie eine Testversion sofort freischalten k\u00f6nnen! <\/b><\/p>\n<p><b>Plattform\/Mindestanforderungen:<\/b><br>Apple Mac OS X<\/p>\n<p><b><b>Weitere Features:<br><\/b><\/b><\/p>\n<ul>\n<li>Gepr\u00fcfte Originalsoftware, sehr guter Zustand<\/li>\n<li>Kommerzielle Version (kein Student etc.)<\/li>\n<li>Unlimitiert einsetzbare Kaufversion, keine Cloud<\/li>\n<\/ul>","protected":false},"excerpt":{"rendered":"<p>Die ideale Software f\u00fcr Printdesigner, Grafiker und Illustratoren! Diese Design Suite enth\u00e4lt die folgenden Profiprogramme: InDesign CS5.5 \u2014 Layoutsoftware, die keine W\u00fcnsche offen l\u00e4sst. Photoshop CS5 \u2014 Bildbearbeitungsprogramm f\u00fcr Profis. Illustrator CS5 \u2014 Vektorbasiertes Grafik- und Zeichenprogramm, f\u00fcr z.B. Logogestaltung Acrobat X Pro \u2014 Gruppe von Programmen, die zum Lesen, Erstellen, Verwalten, Kommentieren und Verteilen [&hellip;]<\/p>\n","protected":false},"featured_media":0,"template":"","meta":{"inline_featured_image":false},"product_cat":[6928],"product_tag":[],"class_list":{"0":"post-33550","1":"product","2":"type-product","3":"status-publish","5":"product_cat-adobe-creative-suite-55-1","6":"pa_betriebssysteme-mac-os-1010-yosemite-es","7":"pa_betriebssysteme-mac-os-1011-el-capitan-es","8":"pa_betriebssysteme-mac-os-1012-sierra-es","9":"pa_betriebssysteme-mac-os-1013-high-sierra-es","10":"pa_betriebssysteme-mac-os-1014-mojave-es","11":"pa_betriebssysteme-mac-os-1015-catalina-es","12":"pa_betriebssysteme-mac-os-106-snow-leopard-en-es","13":"pa_betriebssysteme-mac-os-107-lion-en-es","14":"pa_betriebssysteme-mac-os-108-mountain-lion-en-es","15":"pa_betriebssysteme-mac-os-109-mavericks-es","16":"pa_betriebssysteme-mac-os-11-big-sur-en-es","17":"pa_betriebssysteme-mac-os-12-monterey-en-es","18":"pa_betriebssysteme-mac-os-14-ventura-en-es","19":"pa_betriebssysteme-macos-v10-15-es","20":"pa_betriebssysteme-macos-v11-es","21":"pa_betriebssysteme-macos-v12-es","22":"pa_betriebssysteme-macos-v13-es","23":"pa_lizenzierung-nach-gerate-es","24":"pa_lizenzlaufzeit-kauflizenz-unlimitiert-nutzbar-es","25":"pa_lizenztyp-kommerziell-einsetzbare-volumenlizenz-es","26":"pa_maximal-erlaubte-installatio-dos-dispositivos-si-no-se-usan-simultaneamente","27":"pa_programme-acrobat-pro-es","28":"pa_programme-bridge-es","29":"pa_programme-dreamweaver-es","30":"pa_programme-flash-es","31":"pa_programme-illustrator-es","32":"pa_programme-indesign-es","33":"pa_programme-photoshop-es","34":"pa_sprache-deutsch-es","35":"pa_zustand-wie-neu-es","37":"first","38":"outofstock","39":"downloadable","40":"taxable","41":"shipping-taxable","42":"purchasable","43":"product-type-simple"},"_links":{"self":[{"href":"https:\/\/www.software-reuse.eu\/es\/wp-json\/wp\/v2\/product\/33550","targetHints":{"allow":["GET"]}}],"collection":[{"href":"https:\/\/www.software-reuse.eu\/es\/wp-json\/wp\/v2\/product"}],"about":[{"href":"https:\/\/www.software-reuse.eu\/es\/wp-json\/wp\/v2\/types\/product"}],"wp:attachment":[{"href":"https:\/\/www.software-reuse.eu\/es\/wp-json\/wp\/v2\/media?parent=33550"}],"wp:term":[{"taxonomy":"product_cat","embeddable":true,"href":"https:\/\/www.software-reuse.eu\/es\/wp-json\/wp\/v2\/product_cat?post=33550"},{"taxonomy":"product_tag","embeddable":true,"href":"https:\/\/www.software-reuse.eu\/es\/wp-json\/wp\/v2\/product_tag?post=33550"}],"curies":[{"name":"wp","href":"https:\/\/api.w.org\/{rel}","templated":true}]}}