{"id":33670,"date":"2017-02-28T01:00:00","date_gmt":"2017-02-28T00:00:00","guid":{"rendered":"https:\/\/swr1.wpenginepowered.com\/?product=adobe-photoshop-cs5-ingles-mac"},"modified":"2023-10-05T11:00:12","modified_gmt":"2023-10-05T09:00:12","slug":"adobe-photoshop-cs5-ingles-mac","status":"publish","type":"product","link":"https:\/\/www.software-reuse.eu\/es\/shop\/adobe\/photoshop-cs5\/macintosh\/adobe\/photoshop-cs5\/macintosh\/adobe-photoshop-cs5-ingles-mac\/","title":{"rendered":"Adobe Photoshop CS5 Ingl\u00e9s Mac"},"content":{"rendered":"<p><b>\u00bfPor qu\u00e9 elegir Photoshop con la Cloud si aqu\u00ed puede comprar una versi\u00f3n perpetua que le servir\u00e1 para muchos a\u00f1os? Photoshop CS5 cumple con las exigencias tambi\u00e9n de la mayor\u00eda de usuarios profesionales y se puede usar para optimizar los gr\u00e1ficos y dise\u00f1os de su empresa.&nbsp;<\/b><\/p>\n<p><b><b>Idioma:<\/b>&nbsp;<\/b>Ingl\u00e9s<\/p>\n<p><b>Alcance de suministro:&nbsp;<\/b>N\u00famero de serie original, documentos de licencia, enlace de descarga oficial de Adobe para el archivo de instalaci\u00f3n,&nbsp;<b>despu\u00e9s de su compra y un corto tiempo de procesamiento puede directamente (normalmente dentro de 1-2 horas) instalar y activar el software.&nbsp;<\/b><br><br><b>Transmisi\u00f3n de la clave de activaci\u00f3n \/ los archivos de instalaci\u00f3n \/ la activaci\u00f3n del producto:<\/b><br>Despu\u00e9s de su compra y un corto tiempo de procesamiento le enviamos por e-mail la clave de activaci\u00f3n con los datos de licencia conforme a la legislaci\u00f3n de la UE (n\u00fameros de contrato, menci\u00f3n del comprador inicial etc.) y un enlace de descarga para el archivo de instalaci\u00f3n. Entonces el producto se puede instalar y activar inmediatamente.<\/p>\n<p><b>Instalaci\u00f3n v\u00e1lida para:&nbsp;<\/b><br>1 usuario<\/p>\n<p><b>Plataforma\/Requisitos m\u00ednimos:<\/b><br>Apple Mac OS X<\/p>\n<p><b>M\u00e1s caracter\u00edsticas:&nbsp;<\/b><\/p>\n<ul>\n<li>Software original, comprobado en muy buen estado&nbsp;<\/li>\n<li>Versi\u00f3n comercial (no versi\u00f3n de estudiante etc.)<\/li>\n<li>Versi\u00f3n perpetua ilimitada, sin nube<\/li>\n<\/ul>","protected":false},"excerpt":{"rendered":"<p>\u00bfPor qu\u00e9 elegir Photoshop con la Cloud si aqu\u00ed puede comprar una versi\u00f3n perpetua que le servir\u00e1 para muchos a\u00f1os? Photoshop CS5 cumple con las exigencias tambi\u00e9n de la mayor\u00eda de usuarios profesionales y se puede usar para optimizar los gr\u00e1ficos y dise\u00f1os de su empresa.&nbsp; Idioma:&nbsp;Ingl\u00e9s Alcance de suministro:&nbsp;N\u00famero de serie original, documentos de [&hellip;]<\/p>\n","protected":false},"featured_media":36590,"template":"","meta":{"inline_featured_image":false},"product_cat":[6969],"product_tag":[],"class_list":{"0":"post-33670","1":"product","2":"type-product","3":"status-publish","4":"has-post-thumbnail","6":"product_cat-photoshop-cs5-1","7":"pa_betriebssysteme-mac-os-106-snow-leopard-en-es","8":"pa_betriebssysteme-mac-os-107-lion-en-es","9":"pa_lizenzierung-nach-gerate-es","10":"pa_lizenzlaufzeit-kauflizenz-unlimitiert-nutzbar-es","11":"pa_lizenztyp-kommerziell-einsetzbare-volumenlizenz-es","12":"pa_maximal-erlaubte-installatio-dos-dispositivos-si-no-se-usan-simultaneamente","13":"pa_sprache-englisch-es","14":"pa_zustand-wie-neu-es","16":"first","17":"outofstock","18":"downloadable","19":"taxable","20":"shipping-taxable","21":"purchasable","22":"product-type-simple"},"_links":{"self":[{"href":"https:\/\/www.software-reuse.eu\/es\/wp-json\/wp\/v2\/product\/33670","targetHints":{"allow":["GET"]}}],"collection":[{"href":"https:\/\/www.software-reuse.eu\/es\/wp-json\/wp\/v2\/product"}],"about":[{"href":"https:\/\/www.software-reuse.eu\/es\/wp-json\/wp\/v2\/types\/product"}],"wp:featuredmedia":[{"embeddable":true,"href":"https:\/\/www.software-reuse.eu\/es\/wp-json\/wp\/v2\/media\/36590"}],"wp:attachment":[{"href":"https:\/\/www.software-reuse.eu\/es\/wp-json\/wp\/v2\/media?parent=33670"}],"wp:term":[{"taxonomy":"product_cat","embeddable":true,"href":"https:\/\/www.software-reuse.eu\/es\/wp-json\/wp\/v2\/product_cat?post=33670"},{"taxonomy":"product_tag","embeddable":true,"href":"https:\/\/www.software-reuse.eu\/es\/wp-json\/wp\/v2\/product_tag?post=33670"}],"curies":[{"name":"wp","href":"https:\/\/api.w.org\/{rel}","templated":true}]}}