{"id":34405,"date":"2020-08-31T02:00:00","date_gmt":"2020-08-31T00:00:00","guid":{"rendered":"https:\/\/swr1.wpenginepowered.com\/?product=adobe-photoshop-cs6-winmac-aleman"},"modified":"2025-11-04T10:07:53","modified_gmt":"2025-11-04T09:07:53","slug":"adobe-photoshop-cs6-winmac-aleman-1","status":"publish","type":"product","link":"https:\/\/www.software-reuse.eu\/es\/shop\/adobe\/photoshop-cs6\/adobe-photoshop-cs6-win-mac-aleman\/","title":{"rendered":"Adobe Photoshop CS6 Win\/Mac Alem\u00e1n"},"content":{"rendered":"<p><b>No hay que decir m\u00e1s sobre Photoshop CS6 que \u00a1es el software est\u00e1ndar para gr\u00e1ficos y dise\u00f1adores! Comparada con&nbsp;<\/b><b>la versi\u00f3n anterior CS5, e<\/b><b>sta versi\u00f3n incluye novedades como la herramienta \"Iris Blur\" o \"Content Aware Move\" y un rendimiento mejorado.<\/b><\/p>\n<p><b>Idioma(s): <\/b>Alem\u00e1n<\/p>\n<p><b>Alcance de suministro: <\/b>N\u00famero de serie original, documentos de licencia, enlace de descarga para el archivo de instalaci\u00f3n,<b> despu\u00e9s de su compra y un corto tiempo de procesamiento puede directamente (normalmente dentro de 1-2 horas) instalar y activar el software.&nbsp;<\/b><br><br><b>Transmisi\u00f3n de la clave de activaci\u00f3n \/ los archivos de instalaci\u00f3n \/ la activaci\u00f3n del producto:<\/b><br>Despu\u00e9s de su compra y un corto tiempo de procesamiento le enviamos por e-mail la clave de activaci\u00f3n y un enlace de descarga para el archivo de instalaci\u00f3n. Entonces el producto se puede instalar y activar inmediatamente.<\/p>\n<p><b>Instalaci\u00f3n v\u00e1lida para:&nbsp;<\/b><br>2 PCs \/ 1 usuario<\/p>\n<p><b>Plataforma\/Requisitos m\u00ednimos:<\/b><br>Procesador&nbsp;Intel Multi-Core o Windows XP Professional, Windows 7, Windows 8, Windows 10<b><br><\/b><\/p>\n<p><b>O&nbsp;<\/b>Apple Mac OS X (hasta incluyendo Mac OS X Mojave, \u00a1NO es compatible con OS X Catalina versiones m\u00e1s recientes!)<\/p>\n<p><b>M\u00e1s caracter\u00edsticas:&nbsp;<\/b><\/p>\n<ul>\n<li>Software original, comprobado en muy buen estado&nbsp;<\/li>\n<li>Versi\u00f3n comercial (no versi\u00f3n de estudiante etc.)<\/li>\n<li>Versi\u00f3n perpetua ilimitada, sin nube<\/li>\n<\/ul>","protected":false},"excerpt":{"rendered":"<p>No hay que decir m\u00e1s sobre Photoshop CS6 que \u00a1es el software est\u00e1ndar para gr\u00e1ficos y dise\u00f1adores! Comparada con&nbsp;la versi\u00f3n anterior CS5, esta versi\u00f3n incluye novedades como la herramienta &#8220;Iris Blur&#8221; o &#8220;Content Aware Move&#8221; y un rendimiento mejorado. Idioma(s): Alem\u00e1n Alcance de suministro: N\u00famero de serie original, documentos de licencia, enlace de descarga para [&hellip;]<\/p>\n","protected":false},"featured_media":34410,"template":"","meta":{"inline_featured_image":false},"product_cat":[6922,6972],"product_tag":[],"class_list":{"0":"post-34405","1":"product","2":"type-product","3":"status-publish","4":"has-post-thumbnail","6":"product_cat-adobe","7":"product_cat-photoshop-cs6-1","8":"pa_betriebssysteme-mac-os-1010-yosemite-es","9":"pa_betriebssysteme-mac-os-1011-el-capitan-es","10":"pa_betriebssysteme-mac-os-1012-sierra-es","11":"pa_betriebssysteme-mac-os-1013-high-sierra-es","12":"pa_betriebssysteme-mac-os-1014-mojave-es","13":"pa_betriebssysteme-mac-os-106-snow-leopard-en-es","14":"pa_betriebssysteme-mac-os-107-lion-en-es","15":"pa_betriebssysteme-mac-os-108-mountain-lion-en-es","16":"pa_betriebssysteme-mac-os-109-mavericks-es","17":"pa_betriebssysteme-windows-10-es","18":"pa_betriebssysteme-windows-7-es","19":"pa_betriebssysteme-windows-8-es","20":"pa_betriebssysteme-windows-vista-es","21":"pa_betriebssysteme-windows-xp-es","22":"pa_lizenzierung-nach-gerate-es","23":"pa_lizenzlaufzeit-kauflizenz-unlimitiert-nutzbar-es","24":"pa_lizenztyp-kommerziell-einsetzbare-volumenlizenz-es","25":"pa_maximal-erlaubte-installatio-dos-dispositivos-si-no-se-usan-simultaneamente","26":"pa_programme-photoshop-extended-es","27":"pa_sprache-deutsch-es","28":"pa_zustand-wie-neu-es","30":"first","31":"outofstock","32":"downloadable","33":"taxable","34":"shipping-taxable","35":"purchasable","36":"product-type-simple"},"_links":{"self":[{"href":"https:\/\/www.software-reuse.eu\/es\/wp-json\/wp\/v2\/product\/34405","targetHints":{"allow":["GET"]}}],"collection":[{"href":"https:\/\/www.software-reuse.eu\/es\/wp-json\/wp\/v2\/product"}],"about":[{"href":"https:\/\/www.software-reuse.eu\/es\/wp-json\/wp\/v2\/types\/product"}],"wp:featuredmedia":[{"embeddable":true,"href":"https:\/\/www.software-reuse.eu\/es\/wp-json\/wp\/v2\/media\/34410"}],"wp:attachment":[{"href":"https:\/\/www.software-reuse.eu\/es\/wp-json\/wp\/v2\/media?parent=34405"}],"wp:term":[{"taxonomy":"product_cat","embeddable":true,"href":"https:\/\/www.software-reuse.eu\/es\/wp-json\/wp\/v2\/product_cat?post=34405"},{"taxonomy":"product_tag","embeddable":true,"href":"https:\/\/www.software-reuse.eu\/es\/wp-json\/wp\/v2\/product_tag?post=34405"}],"curies":[{"name":"wp","href":"https:\/\/api.w.org\/{rel}","templated":true}]}}