{"id":34415,"date":"2020-08-31T02:00:00","date_gmt":"2020-08-31T00:00:00","guid":{"rendered":"https:\/\/swr1.wpenginepowered.com\/?product=adobe-premiere-pro-cs6-winmac-aleman"},"modified":"2025-03-16T23:02:51","modified_gmt":"2025-03-16T22:02:51","slug":"adobe-premiere-pro-cs6-winmac-aleman","status":"publish","type":"product","link":"https:\/\/www.software-reuse.eu\/es\/shop\/adobe\/premiere-pro-cs6\/adobe\/premiere-pro-cs6\/adobe-premiere-pro-cs6-winmac-aleman\/","title":{"rendered":"Adobe Premiere Pro CS6 Win\/Mac alem\u00e1n"},"content":{"rendered":"<p><b>Premiere Pro CS6 es el software de edici\u00f3n de video profesional de Adobe.<\/b><\/p>\n<p><b>Idioma: <\/b>Alem\u00e1n<\/p>\n<p><b><b><b>Alcance de suministro<\/b>:<\/b>&nbsp;<\/b>N\u00famero de serie original, documentos de licencia, archivo de instalaci\u00f3n,&nbsp;<b>despu\u00e9s de su compra y un corto tiempo de procesamiento puede directamente (normalmente dentro de 1 a 2 horas) instalar y activar el software.&nbsp;<\/b><br><br><b>Transmisi\u00f3n de la clave de activaci\u00f3n \/ los archivos de instalaci\u00f3n \/ la activaci\u00f3n del producto:<\/b><br>Despu\u00e9s de su compra y un corto tiempo de procesamiento le enviamos por e-mail la clave de activaci\u00f3n y el enlace de descarga para los archivos de instalaci\u00f3n. El producto se puede instalar y activar online de inmediato.&nbsp; &nbsp;<\/p>","protected":false},"excerpt":{"rendered":"<p>Premiere Pro CS6 es el software de edici\u00f3n de video profesional de Adobe. Idioma: Alem\u00e1n Alcance de suministro:&nbsp;N\u00famero de serie original, documentos de licencia, archivo de instalaci\u00f3n,&nbsp;despu\u00e9s de su compra y un corto tiempo de procesamiento puede directamente (normalmente dentro de 1 a 2 horas) instalar y activar el software.&nbsp;Transmisi\u00f3n de la clave de activaci\u00f3n [&hellip;]<\/p>\n","protected":false},"featured_media":34420,"template":"","meta":{"inline_featured_image":false},"product_cat":[7081],"product_tag":[],"class_list":{"0":"post-34415","1":"product","2":"type-product","3":"status-publish","4":"has-post-thumbnail","6":"product_cat-premiere-pro-cs6-1","7":"pa_betriebssysteme-windows-10-es","8":"pa_betriebssysteme-windows-7-es","9":"pa_betriebssysteme-windows-8-es","10":"pa_betriebssysteme-windows-vista-es","11":"pa_betriebssysteme-windows-xp-es","12":"pa_lizenzierung-nach-gerate-es","13":"pa_lizenzlaufzeit-kauflizenz-unlimitiert-nutzbar-es","14":"pa_lizenztyp-kommerziell-einsetzbare-volumenlizenz-es","15":"pa_maximal-erlaubte-installatio-dos-dispositivos-si-no-se-usan-simultaneamente","16":"pa_programme-premiere-pro-es","17":"pa_sprache-deutsch-es","18":"pa_zustand-wie-neu-es","20":"first","21":"instock","22":"downloadable","23":"taxable","24":"shipping-taxable","25":"purchasable","26":"product-type-simple"},"_links":{"self":[{"href":"https:\/\/www.software-reuse.eu\/es\/wp-json\/wp\/v2\/product\/34415","targetHints":{"allow":["GET"]}}],"collection":[{"href":"https:\/\/www.software-reuse.eu\/es\/wp-json\/wp\/v2\/product"}],"about":[{"href":"https:\/\/www.software-reuse.eu\/es\/wp-json\/wp\/v2\/types\/product"}],"wp:featuredmedia":[{"embeddable":true,"href":"https:\/\/www.software-reuse.eu\/es\/wp-json\/wp\/v2\/media\/34420"}],"wp:attachment":[{"href":"https:\/\/www.software-reuse.eu\/es\/wp-json\/wp\/v2\/media?parent=34415"}],"wp:term":[{"taxonomy":"product_cat","embeddable":true,"href":"https:\/\/www.software-reuse.eu\/es\/wp-json\/wp\/v2\/product_cat?post=34415"},{"taxonomy":"product_tag","embeddable":true,"href":"https:\/\/www.software-reuse.eu\/es\/wp-json\/wp\/v2\/product_tag?post=34415"}],"curies":[{"name":"wp","href":"https:\/\/api.w.org\/{rel}","templated":true}]}}