{"id":34765,"date":"2020-12-18T00:00:00","date_gmt":"2020-12-18T00:00:00","guid":{"rendered":"https:\/\/swr1.wpenginepowered.com\/?product=adobe-creative-suite-6-production-premium-deutsch-winmac"},"modified":"2020-12-18T13:16:33","modified_gmt":"2020-12-18T13:16:33","slug":"adobe-creative-suite-6-production-premium-deutsch-winmac-1","status":"publish","type":"product","link":"https:\/\/www.software-reuse.eu\/es\/shop\/adobe-creative-suite-6-production-premium-deutsch-winmac\/","title":{"rendered":"Adobe Creative Suite 6 Production Premium Deutsch Win\/Mac"},"content":{"rendered":"<p><b>Die Production Premium Suite ist ideal f\u00fcr Videoprofis und digitale Medienk\u00fcnstler! <\/b><br> Diese Design Suite enth\u00e4lt die folgenden Profiprogramme:<\/p>\n<ul>\n<li>Photoshop CS5.1 Extended \u2014 Bildbearbeitungsprogramm f\u00fcr Profis.<\/li>\n<li>Illustrator CS5.1 \u2014 Vektorbasiertes Grafik- und Zeichenprogramm, f\u00fcr z.B. Logogestaltung<\/li>\n<li>After Effects CS5.5 \u2014 Special Effects und Animationen f\u00fcr Film, TV und Web<\/li>\n<li>Premiere Pro CS5.5 \u2014 Professioneller Videoschnitt<\/li>\n<li>Audition CS5.5 \u2014 Musik professionell schneiden<\/li>\n<li>Flash Professional CS5.5 \u2014 erstellen Sie interaktive Animationen<\/li>\n<li>Flash Catalyst CS5.5<\/li>\n<li>Encore CS5.1<\/li>\n<li>Bridge CS5<\/li>\n<\/ul>\n<p><b><b> <b>Sprache:<\/b> Deutsch<\/b><\/b><\/p>\n<p><b>Lieferumfang: <\/b>Originalseriennummer, Lizenzpapiere. offizieller Downloadlink von Adobe f\u00fcr die Installationsdatei, <b>Sie   k\u00f6nnen unmittelbar nach einer kurzen Bearbeitungszeit nach Ihrer   Bestellung (in der Regel binnen 1-2 Stunden) die Software installieren   und aktivieren! <br><br>\u00dcbermittlungs des Aktivierungskeys \/ Installationsdateien \/ Aktivierung des Produkts:<br><\/b>Nach  Kaufabschluss und kurzer Bearbeitungszeit schicken wir Ihnen den  Aktivierungskey, mit EU-rechtkonformen Lizenztransferdaten  (Vertragsnummern, Nennung des Ersterwerbers etc.) sowie einen  Downloadlink f\u00fcr die Installationsdateien per E-mail. Das Produkt kann  damit sofort installiert und aktiviert werden.<b><br><\/b><\/p>\n<p><b>Plattform\/Mindestanforderungen:<\/b><br>Intel Multi-Core Prozessor oder Windows XP Professional, Windows 7, Windows 8, Windows 10<\/p>\n<p><b>ODER<\/b> Apple Mac OS X<\/p>\n<p><b><b>Weitere Features:<br><\/b><\/b><\/p>\n<ul>\n<li>Gepr\u00fcfte Originalsoftware, sehr guter Zustand<\/li>\n<li>Kommerzielle Version (kein Student etc.)<\/li>\n<\/ul>","protected":false},"excerpt":{"rendered":"<p>Die Production Premium Suite ist ideal f\u00fcr Videoprofis und digitale Medienk\u00fcnstler! Diese Design Suite enth\u00e4lt die folgenden Profiprogramme: Photoshop CS5.1 Extended \u2014 Bildbearbeitungsprogramm f\u00fcr Profis. Illustrator CS5.1 \u2014 Vektorbasiertes Grafik- und Zeichenprogramm, f\u00fcr z.B. Logogestaltung After Effects CS5.5 \u2014 Special Effects und Animationen f\u00fcr Film, TV und Web Premiere Pro CS5.5 \u2014 Professioneller Videoschnitt Audition [&hellip;]<\/p>\n","protected":false},"featured_media":34770,"template":"","meta":{"inline_featured_image":false},"product_cat":[7830],"product_tag":[],"class_list":{"0":"post-34765","1":"product","2":"type-product","3":"status-publish","4":"has-post-thumbnail","6":"product_cat-unkategorisiert","8":"first","9":"outofstock","10":"downloadable","11":"taxable","12":"shipping-taxable","13":"purchasable","14":"product-type-simple"},"_links":{"self":[{"href":"https:\/\/www.software-reuse.eu\/es\/wp-json\/wp\/v2\/product\/34765","targetHints":{"allow":["GET"]}}],"collection":[{"href":"https:\/\/www.software-reuse.eu\/es\/wp-json\/wp\/v2\/product"}],"about":[{"href":"https:\/\/www.software-reuse.eu\/es\/wp-json\/wp\/v2\/types\/product"}],"wp:featuredmedia":[{"embeddable":true,"href":"https:\/\/www.software-reuse.eu\/es\/wp-json\/wp\/v2\/media\/34770"}],"wp:attachment":[{"href":"https:\/\/www.software-reuse.eu\/es\/wp-json\/wp\/v2\/media?parent=34765"}],"wp:term":[{"taxonomy":"product_cat","embeddable":true,"href":"https:\/\/www.software-reuse.eu\/es\/wp-json\/wp\/v2\/product_cat?post=34765"},{"taxonomy":"product_tag","embeddable":true,"href":"https:\/\/www.software-reuse.eu\/es\/wp-json\/wp\/v2\/product_tag?post=34765"}],"curies":[{"name":"wp","href":"https:\/\/api.w.org\/{rel}","templated":true}]}}