{"id":34830,"date":"2020-12-18T00:00:00","date_gmt":"2020-12-18T00:00:00","guid":{"rendered":"https:\/\/swr1.wpenginepowered.com\/?product=adobe-creative-suite-3-design-standard-deutsch-winmac"},"modified":"2020-12-18T13:16:40","modified_gmt":"2020-12-18T13:16:40","slug":"adobe-creative-suite-3-design-standard-deutsch-winmac-1","status":"publish","type":"product","link":"https:\/\/www.software-reuse.eu\/es\/shop\/adobe-creative-suite-3-design-standard-deutsch-winmac\/","title":{"rendered":"Adobe Creative Suite 3 Design Standard Deutsch WIN\/MAC"},"content":{"rendered":"<p><b>Das gro\u00dfe Softwarepaket zum kleinen Preis! <\/b><br> Diese Design Suite enth\u00e4lt die folgenden Profiprogramme:<\/p>\n<ul>\n<li>InDesign CS4 \u2014 Layoutsoftware, die keine W\u00fcnsche offen l\u00e4sst.<\/li>\n<li>Photoshop CS4 \u2014 Bildbearbeitungsprogramm f\u00fcr Profis.<\/li>\n<li>Illustrator CS4 \u2014 Vektorbasiertes Grafik- und Zeichenprogramm, f\u00fcr z.B. Logogestaltung<\/li>\n<li>Acrobat 9 Pro \u2014 Gruppe von Programmen, die zum Lesen, Erstellen,   Verwalten, Kommentieren und Verteilen von PDF-Dateien verwendet werden<\/li>\n<li>Bridge CS4<\/li>\n<\/ul>\n<p><b><b> <b>Sprache:<\/b> Deutsch<\/b><\/b><\/p>\n<p><b>Lieferumfang:<\/b> Originaldatentr\u00e4ger mit Seriennummern. Es handelt sich um eine Vollversion. <b>Auf Wunsch k\u00f6nnen wir Ihnen vorab die Lizenzkeys per Mail zukommen lassen, damit Sie eine Testversion sofort freischalten k\u00f6nnen!<\/b><br><br><b>\u00dcbermittlungs des Aktivierungskeys \/ Installationsdateien \/ Aktivierung des Produkts:<\/b><br>Versand der Originaldatentr\u00e4ger mit Aktivierungskeys per Post. Das Produkt kann online aktiviert werden.<\/p>\n<p><b>Plattform\/Mindestanforderungen:<\/b><br>Windows 7, Windows 8, Windows 10<\/p>\n<p><b><b>Weitere Features:<br><\/b><\/b><\/p>\n<ul>\n<li>Gepr\u00fcfte Originalsoftware, sehr guter Zustand<\/li>\n<li>Kommerzielle Version (kein Student etc.)<\/li>\n<li>Unlimitiert einsetzbare Kaufversion, keine Cloud<\/li>\n<\/ul>","protected":false},"excerpt":{"rendered":"<p>Das gro\u00dfe Softwarepaket zum kleinen Preis! Diese Design Suite enth\u00e4lt die folgenden Profiprogramme: InDesign CS4 \u2014 Layoutsoftware, die keine W\u00fcnsche offen l\u00e4sst. Photoshop CS4 \u2014 Bildbearbeitungsprogramm f\u00fcr Profis. Illustrator CS4 \u2014 Vektorbasiertes Grafik- und Zeichenprogramm, f\u00fcr z.B. Logogestaltung Acrobat 9 Pro \u2014 Gruppe von Programmen, die zum Lesen, Erstellen, Verwalten, Kommentieren und Verteilen von PDF-Dateien [&hellip;]<\/p>\n","protected":false},"featured_media":34835,"template":"","meta":{"inline_featured_image":false},"product_cat":[7830],"product_tag":[],"class_list":{"0":"post-34830","1":"product","2":"type-product","3":"status-publish","4":"has-post-thumbnail","6":"product_cat-unkategorisiert","8":"first","9":"outofstock","10":"downloadable","11":"taxable","12":"shipping-taxable","13":"purchasable","14":"product-type-simple"},"_links":{"self":[{"href":"https:\/\/www.software-reuse.eu\/es\/wp-json\/wp\/v2\/product\/34830","targetHints":{"allow":["GET"]}}],"collection":[{"href":"https:\/\/www.software-reuse.eu\/es\/wp-json\/wp\/v2\/product"}],"about":[{"href":"https:\/\/www.software-reuse.eu\/es\/wp-json\/wp\/v2\/types\/product"}],"wp:featuredmedia":[{"embeddable":true,"href":"https:\/\/www.software-reuse.eu\/es\/wp-json\/wp\/v2\/media\/34835"}],"wp:attachment":[{"href":"https:\/\/www.software-reuse.eu\/es\/wp-json\/wp\/v2\/media?parent=34830"}],"wp:term":[{"taxonomy":"product_cat","embeddable":true,"href":"https:\/\/www.software-reuse.eu\/es\/wp-json\/wp\/v2\/product_cat?post=34830"},{"taxonomy":"product_tag","embeddable":true,"href":"https:\/\/www.software-reuse.eu\/es\/wp-json\/wp\/v2\/product_tag?post=34830"}],"curies":[{"name":"wp","href":"https:\/\/api.w.org\/{rel}","templated":true}]}}