{"id":34955,"date":"2020-12-18T00:00:00","date_gmt":"2020-12-18T00:00:00","guid":{"rendered":"https:\/\/swr1.wpenginepowered.com\/?product=adobe-flash-professional-cs6-deutsch-winmac"},"modified":"2020-12-18T13:16:52","modified_gmt":"2020-12-18T13:16:52","slug":"adobe-flash-professional-cs6-deutsch-winmac-1","status":"publish","type":"product","link":"https:\/\/www.software-reuse.eu\/es\/shop\/adobe-flash-professional-cs6-deutsch-winmac\/","title":{"rendered":"Adobe Flash Professional CS6 Deutsch Win\/Mac"},"content":{"rendered":"<p><b>Zu Photoshop CS6 gibt es nicht viel zu sagen - es ist die Standardsoftware f\u00fcr Grafiker und Designer! Diese Version hat gegen\u00fcber der Vorg\u00e4ngerversion CS5 noch einige Neuerungen, wie z.B das \"Iris Blur\" Werkzeug, \"Content Aware Move\" sowie eine verbesserte Performance.<\/b><\/p>\n<p><b><b> <b>Sprache:<\/b> <\/b><\/b>Deutsch<\/p>\n<p><b>Lieferumfang: <\/b>Originalseriennummer, Installationsdatei, <b>Sie   k\u00f6nnen unmittelbar nach einer kurzen Bearbeitungszeit nach Ihrer   Bestellung (in der Regel binnen 1-2 Stunden) die Software installieren   und aktivieren! <\/b><br><br><b>\u00dcbermittlungs des Aktivierungskeys \/ Installationsdateien \/ Aktivierung des Produkts:<\/b><br>Nach  Kaufabschluss und kurzer Bearbeitungszeit schicken wir Ihnen den  Aktivierungskey sowie einen  Downloadlink f\u00fcr die Installationsdateien per E-mail. Das Produkt kann  damit sofort installiert und online aktiviert werden.<\/p>\n<p><b>Installation g\u00fcltig f\u00fcr:<\/b><br>2 PC \/ 1 User<\/p>\n<p><b>Plattform\/Mindestanforderungen:<\/b><br>Intel Multi-Core Prozessor oder Windows XP Professional, Windows 7, Windows 8, Windows 10<b><br><br>ODER<\/b> Apple Mac OS X (bis inkl. Mac OS X Mojave)<\/p>\n<p><b><b>Weitere Features:<br><\/b><\/b><\/p>\n<ul>\n<li>Gepr\u00fcfte Originalsoftware, sehr guter Zustand<\/li>\n<li>Kommerzielle Version (kein Student etc.)<\/li>\n<li>Unlimitiert einsetzbare Kaufversion, keine Cloud<\/li>\n<\/ul>","protected":false},"excerpt":{"rendered":"<p>Zu Photoshop CS6 gibt es nicht viel zu sagen &#8211; es ist die Standardsoftware f\u00fcr Grafiker und Designer! Diese Version hat gegen\u00fcber der Vorg\u00e4ngerversion CS5 noch einige Neuerungen, wie z.B das &#8220;Iris Blur&#8221; Werkzeug, &#8220;Content Aware Move&#8221; sowie eine verbesserte Performance. Sprache: Deutsch Lieferumfang: Originalseriennummer, Installationsdatei, Sie k\u00f6nnen unmittelbar nach einer kurzen Bearbeitungszeit nach Ihrer [&hellip;]<\/p>\n","protected":false},"featured_media":34960,"template":"","meta":{"inline_featured_image":false},"product_cat":[7830],"product_tag":[],"class_list":{"0":"post-34955","1":"product","2":"type-product","3":"status-publish","4":"has-post-thumbnail","6":"product_cat-unkategorisiert","8":"first","9":"outofstock","10":"downloadable","11":"taxable","12":"shipping-taxable","13":"purchasable","14":"product-type-simple"},"_links":{"self":[{"href":"https:\/\/www.software-reuse.eu\/es\/wp-json\/wp\/v2\/product\/34955","targetHints":{"allow":["GET"]}}],"collection":[{"href":"https:\/\/www.software-reuse.eu\/es\/wp-json\/wp\/v2\/product"}],"about":[{"href":"https:\/\/www.software-reuse.eu\/es\/wp-json\/wp\/v2\/types\/product"}],"wp:featuredmedia":[{"embeddable":true,"href":"https:\/\/www.software-reuse.eu\/es\/wp-json\/wp\/v2\/media\/34960"}],"wp:attachment":[{"href":"https:\/\/www.software-reuse.eu\/es\/wp-json\/wp\/v2\/media?parent=34955"}],"wp:term":[{"taxonomy":"product_cat","embeddable":true,"href":"https:\/\/www.software-reuse.eu\/es\/wp-json\/wp\/v2\/product_cat?post=34955"},{"taxonomy":"product_tag","embeddable":true,"href":"https:\/\/www.software-reuse.eu\/es\/wp-json\/wp\/v2\/product_tag?post=34955"}],"curies":[{"name":"wp","href":"https:\/\/api.w.org\/{rel}","templated":true}]}}