{"id":35095,"date":"2020-12-18T00:00:00","date_gmt":"2020-12-18T00:00:00","guid":{"rendered":"https:\/\/swr1.wpenginepowered.com\/?product=autodesk-inventor-professional-2016"},"modified":"2020-12-18T13:17:01","modified_gmt":"2020-12-18T13:17:01","slug":"autodesk-inventor-professional-2016-1","status":"publish","type":"product","link":"https:\/\/www.software-reuse.eu\/es\/shop\/autodesk-inventor-professional-2016\/","title":{"rendered":"Autodesk Inventor Professional 2016"},"content":{"rendered":"<p><b>Uneingeschr\u00e4nkt lauff\u00e4hige Kaufversion von Autodesk AutoCAD Mechanical 2019 - Keine Mietkosten!<\/b><\/p>\n<p>Die Lizenz wird offiziell \u00fcber Autodesk an Ihre Firma \u00fcbertragen und ist dann im Kundenportal verf\u00fcgbar. Dort k\u00f6nnen Sie den Lizenzkey einsehen und auch die Installationsfiles herunterladen.&nbsp;<\/p>\n<p><b>Sprache:<\/b> Deutsch, s\u00e4mtliche andere Sprachen k\u00f6nnen \u00fcber das Autodesk-Portal downgeloadet werden<b><\/b><\/p>\n<p><b>Lieferumfang: <\/b>Seriennummer, <b>offizieller Lizenztransfer via Autodesk an Ihr Unternehmen<\/b><\/p>\n<p><b>Plattform\/Mindestanforderungen:<\/b><br>Windows 10 32Bit oder 64Bit<\/p>\n<p><b><b>Weitere Features:<br><\/b><\/b><\/p>\n<ul>\n<li>Einzelplatzlizenz<\/li>\n<li>Kommerzielle Version (kein Student etc.)<\/li>\n<li>Unlimitiert einsetzbare Kaufversion, keine Cloud<\/li>\n<\/ul>","protected":false},"excerpt":{"rendered":"<p>Uneingeschr\u00e4nkt lauff\u00e4hige Kaufversion von Autodesk AutoCAD Mechanical 2019 &#8211; Keine Mietkosten! Die Lizenz wird offiziell \u00fcber Autodesk an Ihre Firma \u00fcbertragen und ist dann im Kundenportal verf\u00fcgbar. Dort k\u00f6nnen Sie den Lizenzkey einsehen und auch die Installationsfiles herunterladen.&nbsp; Sprache: Deutsch, s\u00e4mtliche andere Sprachen k\u00f6nnen \u00fcber das Autodesk-Portal downgeloadet werden Lieferumfang: Seriennummer, offizieller Lizenztransfer via Autodesk [&hellip;]<\/p>\n","protected":false},"featured_media":35100,"template":"","meta":{"inline_featured_image":false},"product_cat":[7830],"product_tag":[],"class_list":{"0":"post-35095","1":"product","2":"type-product","3":"status-publish","4":"has-post-thumbnail","6":"product_cat-unkategorisiert","8":"first","9":"outofstock","10":"taxable","11":"shipping-taxable","12":"purchasable","13":"product-type-simple"},"_links":{"self":[{"href":"https:\/\/www.software-reuse.eu\/es\/wp-json\/wp\/v2\/product\/35095","targetHints":{"allow":["GET"]}}],"collection":[{"href":"https:\/\/www.software-reuse.eu\/es\/wp-json\/wp\/v2\/product"}],"about":[{"href":"https:\/\/www.software-reuse.eu\/es\/wp-json\/wp\/v2\/types\/product"}],"wp:featuredmedia":[{"embeddable":true,"href":"https:\/\/www.software-reuse.eu\/es\/wp-json\/wp\/v2\/media\/35100"}],"wp:attachment":[{"href":"https:\/\/www.software-reuse.eu\/es\/wp-json\/wp\/v2\/media?parent=35095"}],"wp:term":[{"taxonomy":"product_cat","embeddable":true,"href":"https:\/\/www.software-reuse.eu\/es\/wp-json\/wp\/v2\/product_cat?post=35095"},{"taxonomy":"product_tag","embeddable":true,"href":"https:\/\/www.software-reuse.eu\/es\/wp-json\/wp\/v2\/product_tag?post=35095"}],"curies":[{"name":"wp","href":"https:\/\/api.w.org\/{rel}","templated":true}]}}