{"id":35105,"date":"2020-12-18T00:00:00","date_gmt":"2020-12-18T00:00:00","guid":{"rendered":"https:\/\/swr1.wpenginepowered.com\/?product=sql-server-2012-user-cal"},"modified":"2020-12-18T13:17:01","modified_gmt":"2020-12-18T13:17:01","slug":"sql-server-2012-user-cal-1","status":"publish","type":"product","link":"https:\/\/www.software-reuse.eu\/es\/shop\/sql-server-2012-user-cal\/","title":{"rendered":"SQL Server 2012 User CAL"},"content":{"rendered":"<p><b>Mit diesen SQL Device CALs k\u00f6nnen Ihre Benutzer auf den SQL Server 2014 (oder fr\u00fcher) zugreifen.&nbsp; <\/b><br><br><b>Sprache(n):<\/b> Jegliche<br><br><b>Lieferumfang: <\/b>Lizenzdaten<br><br><b>\u00dcbermittlungs des Aktivierungskeys \/ Installationsdateien \/ Aktivierung des Produkts:<\/b><br>Nach  Kaufabschluss und kurzer Bearbeitungszeit schicken wir Ihnen die  EU-rechtkonformen Lizenztransferdaten (Vertragsnummern, Nennung des  Ersterwerbers etc.). Bei diesem Produkt ist keine Installation oder  Aktivierung notwendig.<\/p>\n<p><b><span>Installation g\u00fcltig f\u00fcr: <\/span><\/b><span>1 Ger\u00e4t, egal wieviele User<br><\/span><\/p>\n<p><span><b>Weitere Features: <\/b><\/span><\/p>\n<ul>\n<li><span>Gepr\u00fcfte gebrauchte Originalsoftware <\/span><\/li>\n<li><span>Kommerziell einsetzbar<\/span><\/li>\n<\/ul>","protected":false},"excerpt":{"rendered":"<p>Mit diesen SQL Device CALs k\u00f6nnen Ihre Benutzer auf den SQL Server 2014 (oder fr\u00fcher) zugreifen.&nbsp; Sprache(n): JeglicheLieferumfang: Lizenzdaten\u00dcbermittlungs des Aktivierungskeys \/ Installationsdateien \/ Aktivierung des Produkts:Nach Kaufabschluss und kurzer Bearbeitungszeit schicken wir Ihnen die EU-rechtkonformen Lizenztransferdaten (Vertragsnummern, Nennung des Ersterwerbers etc.). Bei diesem Produkt ist keine Installation oder Aktivierung notwendig. Installation g\u00fcltig f\u00fcr: 1 [&hellip;]<\/p>\n","protected":false},"featured_media":35110,"template":"","meta":{"inline_featured_image":false},"product_cat":[7830],"product_tag":[],"class_list":{"0":"post-35105","1":"product","2":"type-product","3":"status-publish","4":"has-post-thumbnail","6":"product_cat-unkategorisiert","8":"first","9":"outofstock","10":"taxable","11":"shipping-taxable","12":"purchasable","13":"product-type-simple"},"_links":{"self":[{"href":"https:\/\/www.software-reuse.eu\/es\/wp-json\/wp\/v2\/product\/35105","targetHints":{"allow":["GET"]}}],"collection":[{"href":"https:\/\/www.software-reuse.eu\/es\/wp-json\/wp\/v2\/product"}],"about":[{"href":"https:\/\/www.software-reuse.eu\/es\/wp-json\/wp\/v2\/types\/product"}],"wp:featuredmedia":[{"embeddable":true,"href":"https:\/\/www.software-reuse.eu\/es\/wp-json\/wp\/v2\/media\/35110"}],"wp:attachment":[{"href":"https:\/\/www.software-reuse.eu\/es\/wp-json\/wp\/v2\/media?parent=35105"}],"wp:term":[{"taxonomy":"product_cat","embeddable":true,"href":"https:\/\/www.software-reuse.eu\/es\/wp-json\/wp\/v2\/product_cat?post=35105"},{"taxonomy":"product_tag","embeddable":true,"href":"https:\/\/www.software-reuse.eu\/es\/wp-json\/wp\/v2\/product_tag?post=35105"}],"curies":[{"name":"wp","href":"https:\/\/api.w.org\/{rel}","templated":true}]}}