{"id":35235,"date":"2020-12-18T00:00:00","date_gmt":"2020-12-18T00:00:00","guid":{"rendered":"https:\/\/swr1.wpenginepowered.com\/?product=core-infrastructure-suite-cis-standard-2012-r2-2-proc"},"modified":"2020-12-18T13:17:10","modified_gmt":"2020-12-18T13:17:10","slug":"core-infrastructure-suite-cis-standard-2012-r2-2-proc-1","status":"publish","type":"product","link":"https:\/\/www.software-reuse.eu\/es\/shop\/core-infrastructure-suite-cis-standard-2012-r2-2-proc\/","title":{"rendered":"Core Infrastructure Suite (CIS) Standard 2012 R2 2 Proc"},"content":{"rendered":"<p>Der Microsoft Core Infrastructure Suite Datacenter Server wird nach Prozessoren lizenziert und unterst\u00fctzt zwei physische Prozessoren bei unlimitierter Anzahl an virtualisierten Instanzen. Damit werden also alle Virtuellen Machinen abgedeckt.<\/p>\n<p>Diese CIS Datacenter Version enth\u00e4lt:<\/p>\n<ul>\n<li>Windows Server 2012 R2 Datacenter Edition<\/li>\n<li>System Center 2012 Datacenter Edition&nbsp;<\/li>\n<\/ul>\n<p>System Center 2012 ist ein m\u00e4chtiges Tool zur Verwaltung Ihres Servers. Weiters enth\u00e4lt es die 2012 eingef\u00fchrte Endpoint Protection.<\/p>\n<p><b>Sprache(n):<\/b> Deutsch, andere europ\u00e4ische Sprachen sind auf Anfrage verf\u00fcgbar<\/p>\n<p><span><span><b>Lieferumfang:<\/b> MAK-Aktivierungskey, Lizenzdaten, Downloadlink zu Installationsfile<\/span><\/span> <span><span><br><\/span><\/span> <span><span><b><\/b><\/span><\/span><\/p>\n<p><span><span><b>\u00dcbermittlungs des Aktivierungskeys \/ Installationsdateien \/ Aktivierung des Produkts:<\/b><\/span><\/span> <span><span>Nach Kaufabschluss und kurzer Bearbeitungszeit schicken wir Ihnen den Aktivierungskey, mit EU-rechtkonformen Lizenztransferdaten (Vertragsnummern, Nennung des Ersterwerbers etc.) sowie einen Downloadlink f\u00fcr die Installationsdateien per E-mail. Das Produkt kann damit sofort installiert und aktiviert werden.<\/span><\/span> <span><span><br><\/span><\/span> <span><span><b><\/b><\/span><\/span><\/p>\n<p><span><span><b>Installation g\u00fcltig f\u00fcr: <\/b>1 Server mit 2 physischen Prozessoren<\/span><\/span><\/p>\n<p><span><span><b>Weitere Features:<\/b><\/span><\/span><\/p>\n<ul>\n<li><span>Gepr\u00fcfte gebrauchte Originalsoftware<\/span><\/li>\n<li><span>Kommerzielle Vollversion (keine Home oder Student-Version etc.)<\/span><\/li>\n<\/ul>","protected":false},"excerpt":{"rendered":"<p>Der Microsoft Core Infrastructure Suite Datacenter Server wird nach Prozessoren lizenziert und unterst\u00fctzt zwei physische Prozessoren bei unlimitierter Anzahl an virtualisierten Instanzen. Damit werden also alle Virtuellen Machinen abgedeckt. Diese CIS Datacenter Version enth\u00e4lt: Windows Server 2012 R2 Datacenter Edition System Center 2012 Datacenter Edition&nbsp; System Center 2012 ist ein m\u00e4chtiges Tool zur Verwaltung Ihres [&hellip;]<\/p>\n","protected":false},"featured_media":35240,"template":"","meta":{"inline_featured_image":false},"product_cat":[7830],"product_tag":[],"class_list":{"0":"post-35235","1":"product","2":"type-product","3":"status-publish","4":"has-post-thumbnail","6":"product_cat-unkategorisiert","8":"first","9":"outofstock","10":"taxable","11":"shipping-taxable","12":"purchasable","13":"product-type-simple"},"_links":{"self":[{"href":"https:\/\/www.software-reuse.eu\/es\/wp-json\/wp\/v2\/product\/35235","targetHints":{"allow":["GET"]}}],"collection":[{"href":"https:\/\/www.software-reuse.eu\/es\/wp-json\/wp\/v2\/product"}],"about":[{"href":"https:\/\/www.software-reuse.eu\/es\/wp-json\/wp\/v2\/types\/product"}],"wp:featuredmedia":[{"embeddable":true,"href":"https:\/\/www.software-reuse.eu\/es\/wp-json\/wp\/v2\/media\/35240"}],"wp:attachment":[{"href":"https:\/\/www.software-reuse.eu\/es\/wp-json\/wp\/v2\/media?parent=35235"}],"wp:term":[{"taxonomy":"product_cat","embeddable":true,"href":"https:\/\/www.software-reuse.eu\/es\/wp-json\/wp\/v2\/product_cat?post=35235"},{"taxonomy":"product_tag","embeddable":true,"href":"https:\/\/www.software-reuse.eu\/es\/wp-json\/wp\/v2\/product_tag?post=35235"}],"curies":[{"name":"wp","href":"https:\/\/api.w.org\/{rel}","templated":true}]}}