{"id":35450,"date":"2020-12-18T00:00:00","date_gmt":"2020-12-18T00:00:00","guid":{"rendered":"https:\/\/swr1.wpenginepowered.com\/?product=office-professional-plus-2019-licencia"},"modified":"2020-12-18T13:17:34","modified_gmt":"2020-12-18T13:17:34","slug":"office-professional-plus-2019-licencia-1","status":"publish","type":"product","link":"https:\/\/www.software-reuse.eu\/es\/shop\/office-professional-plus-2019-licencia\/","title":{"rendered":"Office Professional Plus 2019 licencia"},"content":{"rendered":"Microsoft Office Professional Plus 2019 contiene los siguientes programas profesionales:&nbsp;&nbsp;\n\nWord&nbsp;&nbsp;\nExcel&nbsp;&nbsp;\nPowerPoint&nbsp;&nbsp;\nOutlook\nPublisher&nbsp;&nbsp;\nOneNote\nAccess&nbsp;&nbsp;\nSkype for Business\n\nSe trata de una amplia suite Office para todos que tienen altas exigencias en su vida diaria profesional sin querer una versi\u00f3n cloud. Office 2019 contiene muchas mejoramientos en comparaci\u00f3n con la versi\u00f3n anterior 2016, por ejemplo es posible de trabajar en directo en equipo en Excel. Adem\u00e1s se pueden implementar bien los gr\u00e1ficos en 3D.&nbsp;Idioma(s):&nbsp;Espa\u00f1ol, otros idiomas posibles\nAlcance de suministro: Clave de activaci\u00f3n MAK y KMS, datos de licencia, enlace de descarga para el archivo de instalaci\u00f3n&nbsp;\nTransmisi\u00f3n de la clave de activaci\u00f3n&nbsp;\/ los archivos de instalaci\u00f3n&nbsp;\/ la activaci\u00f3n del producto:\nDespu\u00e9s de su compra y un corto tiempo de procesamiento le enviamos por e-mail la clave de activaci\u00f3n con los datos d","protected":false},"excerpt":{"rendered":"<p>Microsoft Office Professional Plus 2019 contiene los siguientes programas profesionales:&nbsp;&nbsp; Word&nbsp;&nbsp; Excel&nbsp;&nbsp; PowerPoint&nbsp;&nbsp; Outlook Publisher&nbsp;&nbsp; OneNote Access&nbsp;&nbsp; Skype for Business Se trata de una amplia suite Office para todos que tienen altas exigencias en su vida diaria profesional sin querer una versi\u00f3n cloud. Office 2019 contiene muchas mejoramientos en comparaci\u00f3n con la versi\u00f3n anterior 2016, [&hellip;]<\/p>\n","protected":false},"featured_media":35455,"template":"","meta":{"inline_featured_image":false},"product_cat":[7830],"product_tag":[],"class_list":{"0":"post-35450","1":"product","2":"type-product","3":"status-publish","4":"has-post-thumbnail","6":"product_cat-unkategorisiert","8":"first","9":"outofstock","10":"taxable","11":"shipping-taxable","12":"purchasable","13":"product-type-simple"},"_links":{"self":[{"href":"https:\/\/www.software-reuse.eu\/es\/wp-json\/wp\/v2\/product\/35450","targetHints":{"allow":["GET"]}}],"collection":[{"href":"https:\/\/www.software-reuse.eu\/es\/wp-json\/wp\/v2\/product"}],"about":[{"href":"https:\/\/www.software-reuse.eu\/es\/wp-json\/wp\/v2\/types\/product"}],"wp:featuredmedia":[{"embeddable":true,"href":"https:\/\/www.software-reuse.eu\/es\/wp-json\/wp\/v2\/media\/35455"}],"wp:attachment":[{"href":"https:\/\/www.software-reuse.eu\/es\/wp-json\/wp\/v2\/media?parent=35450"}],"wp:term":[{"taxonomy":"product_cat","embeddable":true,"href":"https:\/\/www.software-reuse.eu\/es\/wp-json\/wp\/v2\/product_cat?post=35450"},{"taxonomy":"product_tag","embeddable":true,"href":"https:\/\/www.software-reuse.eu\/es\/wp-json\/wp\/v2\/product_tag?post=35450"}],"curies":[{"name":"wp","href":"https:\/\/api.w.org\/{rel}","templated":true}]}}