{"id":35620,"date":"2022-06-09T00:00:00","date_gmt":"2022-06-09T00:00:00","guid":{"rendered":"https:\/\/swr1.wpenginepowered.com\/?product=windows-server-datacenter-2016-rok-16-core-lenovo-branded-nuevo"},"modified":"2023-02-24T12:52:44","modified_gmt":"2023-02-24T11:52:44","slug":"windows-server-datacenter-2016-rok-16-core-lenovo-branded-nuevo-1","status":"publish","type":"product","link":"https:\/\/www.software-reuse.eu\/es\/shop\/windows-server-datacenter-2016-rok-16-core-lenovo-branded-nuevo\/","title":{"rendered":"Windows Server Datacenter 2016 ROK (16 Core) Lenovo branded NUEVO"},"content":{"rendered":"Windows Server Datacenter 2016 permite la instalaci\u00f3n de un n\u00famero ilimitado de m\u00e1quinas virtuales.&nbsp;\r\nIdioma(s):&nbsp;Multiling\u00fce&nbsp;\r\nAlcance de suministro:&nbsp;Kit de licencia incluyendo medios, tarjeta de clave de producto (PKC)&nbsp;original con n\u00famero de serie y certificado de autenticidad\r\n\"ROK\" significa \"Reseller Option Kit\". Existe un BIOS-Lock para servidores de Lenovo, pero con este clave puede activar cada instalaci\u00f3n de Windows Server Datacenter 2016.\r\nTransmisi\u00f3n de la clave de activaci\u00f3n \/ los archivos de instalaci\u00f3n \/ la activaci\u00f3n del producto:\r\nEnv\u00edo del paquete de licencia por correo.\r\nInstalaci\u00f3n v\u00e1lida para:&nbsp;1 Servidor con hasta 16 n\u00facleos, m\u00e1quinas virtuales&nbsp;ilimitadas.&nbsp;\r\nPlataforma\/Requisitos m\u00ednimos:\r\nProcesador de 1,4-GHz-64-bit con NX\/DEP, SLAT como Windows 8.1 anal\u00f3gico y Windows 10 tambi\u00e9n las funciones CMPXCHG16b, LAHF\/SAHF, PrefetchW, memoria de&nbsp;512 MB, unidad de DVD (s\u00f3lo para la instalaci\u00f3n de medios DVD)\r\nM\u00e1s cara","protected":false},"excerpt":{"rendered":"<p>Windows Server Datacenter 2016 permite la instalaci\u00f3n de un n\u00famero ilimitado de m\u00e1quinas virtuales.&nbsp; Idioma(s):&nbsp;Multiling\u00fce&nbsp; Alcance de suministro:&nbsp;Kit de licencia incluyendo medios, tarjeta de clave de producto (PKC)&nbsp;original con n\u00famero de serie y certificado de autenticidad &#8220;ROK&#8221; significa &#8220;Reseller Option Kit&#8221;. Existe un BIOS-Lock para servidores de Lenovo, pero con este clave puede activar cada [&hellip;]<\/p>\n","protected":false},"featured_media":35625,"template":"","meta":{"inline_featured_image":false},"product_cat":[7830],"product_tag":[],"class_list":{"0":"post-35620","1":"product","2":"type-product","3":"status-publish","4":"has-post-thumbnail","6":"product_cat-unkategorisiert","8":"first","9":"outofstock","10":"downloadable","11":"taxable","12":"shipping-taxable","13":"purchasable","14":"product-type-simple"},"_links":{"self":[{"href":"https:\/\/www.software-reuse.eu\/es\/wp-json\/wp\/v2\/product\/35620","targetHints":{"allow":["GET"]}}],"collection":[{"href":"https:\/\/www.software-reuse.eu\/es\/wp-json\/wp\/v2\/product"}],"about":[{"href":"https:\/\/www.software-reuse.eu\/es\/wp-json\/wp\/v2\/types\/product"}],"wp:featuredmedia":[{"embeddable":true,"href":"https:\/\/www.software-reuse.eu\/es\/wp-json\/wp\/v2\/media\/35625"}],"wp:attachment":[{"href":"https:\/\/www.software-reuse.eu\/es\/wp-json\/wp\/v2\/media?parent=35620"}],"wp:term":[{"taxonomy":"product_cat","embeddable":true,"href":"https:\/\/www.software-reuse.eu\/es\/wp-json\/wp\/v2\/product_cat?post=35620"},{"taxonomy":"product_tag","embeddable":true,"href":"https:\/\/www.software-reuse.eu\/es\/wp-json\/wp\/v2\/product_tag?post=35620"}],"curies":[{"name":"wp","href":"https:\/\/api.w.org\/{rel}","templated":true}]}}