{"id":35645,"date":"2022-06-09T02:00:00","date_gmt":"2022-06-09T00:00:00","guid":{"rendered":"https:\/\/swr1.wpenginepowered.com\/?product=adobe-acrobat-dc-2015-professional-aleman"},"modified":"2025-10-28T13:19:36","modified_gmt":"2025-10-28T12:19:36","slug":"adobe-acrobat-dc-2015-professional-aleman-1","status":"publish","type":"product","link":"https:\/\/www.software-reuse.eu\/es\/shop\/adobe\/acrobat\/acrobat-2015\/adobe\/acrobat\/acrobat-2015\/adobe-acrobat-dc-2015-professional-aleman\/","title":{"rendered":"Adobe Acrobat DC 2015 Professional Alem\u00e1n"},"content":{"rendered":"<p><b>Acrobat DC 2015 Professional es la versi\u00f3n revisada de Acrobat XI Professional y destaca con muchas caracter\u00edsticas nuevas.<\/b><\/p>\n<p><b>Idioma(s): <\/b><span>Alem\u00e1n<\/span><br><br><b>Alcance de suministro: <\/b>N\u00famero de serie original, documentos de licencia, enlace&nbsp;<span>de descarga<\/span>&nbsp;oficial de Adobe para el archivo de instalaci\u00f3n, <b>despu\u00e9s de su compra y un corto tiempo de procesamiento puede directamente (normalmente dentro de 1-2 horas) instalar y activar el software.&nbsp;<\/b><\/p>\n<p><br><b>Transmisi\u00f3n de la clave de activaci\u00f3n \/ los archivos de instalaci\u00f3n \/ la activaci\u00f3n del producto:<\/b><br>Despu\u00e9s de su compra y un corto tiempo de procesamiento le enviamos por e-mail la clave de activaci\u00f3n con los datos de licencia conforme a la legislaci\u00f3n de la UE (n\u00fameros de contrato, menci\u00f3n del comprador inicial etc.) y un enlace de descarga para el archivo de instalaci\u00f3n. Entonces el producto se puede instalar y activar inmediatamente.<br><br><b>Instalaci\u00f3n v\u00e1lida para:&nbsp;<\/b><br>2 PCs \/ 1 usuario<br><br><b>Plataforma\/Requisitos m\u00ednimos:<\/b><br>Procesador Intel Multi-Core o Windows XP Professional, Windows 7, Windows 8, Windows 10<br><br><b>O<\/b>&nbsp;Apple Mac OS X<br><br><b>M\u00e1s caracter\u00edsticas:&nbsp;<\/b><\/p>\n<ul>\n<li>Software original, comprobado en muy buen estado&nbsp;<\/li>\n<li>Versi\u00f3n comercial (no versi\u00f3n de estudiante etc.)<\/li>\n<li>Versi\u00f3n perpetua ilimitada, sin nube<\/li>\n<\/ul>","protected":false},"excerpt":{"rendered":"<p>Acrobat DC 2015 Professional es la versi\u00f3n revisada de Acrobat XI Professional y destaca con muchas caracter\u00edsticas nuevas. Idioma(s): Alem\u00e1nAlcance de suministro: N\u00famero de serie original, documentos de licencia, enlace&nbsp;de descarga&nbsp;oficial de Adobe para el archivo de instalaci\u00f3n, despu\u00e9s de su compra y un corto tiempo de procesamiento puede directamente (normalmente dentro de 1-2 horas) [&hellip;]<\/p>\n","protected":false},"featured_media":0,"template":"","meta":{"inline_featured_image":false},"product_cat":[8309],"product_tag":[],"class_list":{"0":"post-35645","1":"product","2":"type-product","3":"status-publish","5":"product_cat-acrobat-2015-es","7":"first","8":"outofstock","9":"downloadable","10":"taxable","11":"shipping-taxable","12":"purchasable","13":"product-type-simple"},"_links":{"self":[{"href":"https:\/\/www.software-reuse.eu\/es\/wp-json\/wp\/v2\/product\/35645","targetHints":{"allow":["GET"]}}],"collection":[{"href":"https:\/\/www.software-reuse.eu\/es\/wp-json\/wp\/v2\/product"}],"about":[{"href":"https:\/\/www.software-reuse.eu\/es\/wp-json\/wp\/v2\/types\/product"}],"wp:attachment":[{"href":"https:\/\/www.software-reuse.eu\/es\/wp-json\/wp\/v2\/media?parent=35645"}],"wp:term":[{"taxonomy":"product_cat","embeddable":true,"href":"https:\/\/www.software-reuse.eu\/es\/wp-json\/wp\/v2\/product_cat?post=35645"},{"taxonomy":"product_tag","embeddable":true,"href":"https:\/\/www.software-reuse.eu\/es\/wp-json\/wp\/v2\/product_tag?post=35645"}],"curies":[{"name":"wp","href":"https:\/\/api.w.org\/{rel}","templated":true}]}}