{"id":50465,"date":"2023-09-28T14:15:39","date_gmt":"2023-12-11T09:53:19","guid":{"rendered":"https:\/\/swr1.wpenginepowered.com\/shop-product\/sin%20categor\u00eda\/office-professional-2013-aleman-pkc\/"},"modified":"2023-12-12T10:02:35","modified_gmt":"2023-12-12T09:02:35","slug":"office-professional-2013-aleman-pkc","status":"publish","type":"product","link":"https:\/\/www.software-reuse.eu\/es\/shop\/office\/office-2013-licencia-por-volumen\/office-professional-2013-aleman-pkc\/","title":{"rendered":"Office Professional 2013 Alem\u00e1n PKC"},"content":{"rendered":"<p>Office Professional 2013 PKC alem\u00e1n ofrece una amplia gama de aplicaciones como Word, PowerPoint y Outlook, as\u00ed como potentes herramientas para crear documentos y presentaciones de forma eficaz y analizar datos. Esta versi\u00f3n en alem\u00e1n es la soluci\u00f3n ideal para empresas y usuarios profesionales.<\/p>","protected":false},"excerpt":{"rendered":"<p>Office Professional 2013 PKC alem\u00e1n ofrece una amplia gama de aplicaciones como Word, PowerPoint y Outlook, as\u00ed como potentes herramientas para crear documentos y presentaciones de forma eficaz y analizar datos. Esta versi\u00f3n en alem\u00e1n es la soluci\u00f3n ideal para empresas y usuarios profesionales.<\/p>\n","protected":false},"featured_media":48811,"template":"","meta":{"inline_featured_image":false},"product_cat":[6903,6907],"product_tag":[],"class_list":{"0":"post-50465","1":"product","2":"type-product","3":"status-publish","4":"has-post-thumbnail","6":"product_cat-office-1","7":"product_cat-office-2013-licencia-por-volumen","8":"pa_betriebssysteme-windows-7-es","9":"pa_betriebssysteme-windows-8-es","10":"pa_betriebssysteme-windows-8-1-es","11":"pa_betriebssysteme-windows-server-2008-r2-es","12":"pa_betriebssysteme-windows-server-2012-es","13":"pa_lizenzierung-nach-gerate-es","14":"pa_lizenzlaufzeit-kauflizenz-unlimitiert-nutzbar-es","15":"pa_lizenztyp-kommerziell-einsetzbare-volumenlizenz-es","16":"pa_maximal-erlaubte-installatio-ein-gerat-es","17":"pa_programme-access-es","18":"pa_programme-excel-es","19":"pa_programme-onenote-es","20":"pa_programme-outlook-es","21":"pa_programme-powerpoint-es","22":"pa_programme-publisher-es","23":"pa_programme-word-es","24":"pa_sprache-deutsch-es","25":"pa_zustand-wie-neu-es","27":"first","28":"instock","29":"downloadable","30":"taxable","31":"shipping-taxable","32":"purchasable","33":"product-type-simple"},"_links":{"self":[{"href":"https:\/\/www.software-reuse.eu\/es\/wp-json\/wp\/v2\/product\/50465","targetHints":{"allow":["GET"]}}],"collection":[{"href":"https:\/\/www.software-reuse.eu\/es\/wp-json\/wp\/v2\/product"}],"about":[{"href":"https:\/\/www.software-reuse.eu\/es\/wp-json\/wp\/v2\/types\/product"}],"wp:featuredmedia":[{"embeddable":true,"href":"https:\/\/www.software-reuse.eu\/es\/wp-json\/wp\/v2\/media\/48811"}],"wp:attachment":[{"href":"https:\/\/www.software-reuse.eu\/es\/wp-json\/wp\/v2\/media?parent=50465"}],"wp:term":[{"taxonomy":"product_cat","embeddable":true,"href":"https:\/\/www.software-reuse.eu\/es\/wp-json\/wp\/v2\/product_cat?post=50465"},{"taxonomy":"product_tag","embeddable":true,"href":"https:\/\/www.software-reuse.eu\/es\/wp-json\/wp\/v2\/product_tag?post=50465"}],"curies":[{"name":"wp","href":"https:\/\/api.w.org\/{rel}","templated":true}]}}