{"id":51010,"date":"2024-01-24T08:18:35","date_gmt":"2024-01-24T07:18:35","guid":{"rendered":"https:\/\/swr1.wpenginepowered.com\/shop-product\/sin%20categor\u00eda\/producto-4\/"},"modified":"2025-11-18T10:42:45","modified_gmt":"2025-11-18T09:42:45","slug":"51010","status":"publish","type":"product","link":"https:\/\/www.software-reuse.eu\/es\/shop\/autodesk\/autodesk\/autocad-lt-2014-slm\/","title":{"rendered":""},"content":{"rendered":"<p>AutoCAD LT 2014 (SLM) es una soluci\u00f3n de software CAD probada y fiable que le ayuda a crear dibujos y dise\u00f1os precisos. Con potentes funciones y una interfaz f\u00e1cil de usar, AutoCAD LT 2014 es ideal para ingenieros, arquitectos y dise\u00f1adores que deseen crear dibujos 2D de alta calidad. Este software le permite trabajar con eficacia y le ayuda a ahorrar tiempo y recursos, al tiempo que garantiza la precisi\u00f3n y la calidad de sus proyectos.<\/p>","protected":false},"excerpt":{"rendered":"<p>AutoCAD LT 2014 (SLM) es una soluci\u00f3n de software CAD probada y fiable que le ayuda a crear dibujos y dise\u00f1os precisos. Con potentes funciones y una interfaz f\u00e1cil de usar, AutoCAD LT 2014 es ideal para ingenieros, arquitectos y dise\u00f1adores que deseen crear dibujos 2D de alta calidad. Este software le permite trabajar con [&hellip;]<\/p>\n","protected":false},"featured_media":51019,"template":"","meta":{"inline_featured_image":false},"product_cat":[6978,8340],"product_tag":[],"class_list":{"0":"post-51010","1":"product","2":"type-product","3":"status-publish","4":"has-post-thumbnail","6":"product_cat-autodesk-1","7":"product_cat-autocad-lt-es","8":"pa_lizenzlaufzeit-kauflizenz-unlimitiert-nutzbar-es","9":"pa_lizenztyp-licencia-de-usuario-unico","10":"pa_sprache-in-allen-europaischen-sprachen-es","11":"pa_zustand-wie-neu-es","13":"first","14":"outofstock","15":"taxable","16":"shipping-taxable","17":"purchasable","18":"product-type-simple"},"_links":{"self":[{"href":"https:\/\/www.software-reuse.eu\/es\/wp-json\/wp\/v2\/product\/51010","targetHints":{"allow":["GET"]}}],"collection":[{"href":"https:\/\/www.software-reuse.eu\/es\/wp-json\/wp\/v2\/product"}],"about":[{"href":"https:\/\/www.software-reuse.eu\/es\/wp-json\/wp\/v2\/types\/product"}],"wp:featuredmedia":[{"embeddable":true,"href":"https:\/\/www.software-reuse.eu\/es\/wp-json\/wp\/v2\/media\/51019"}],"wp:attachment":[{"href":"https:\/\/www.software-reuse.eu\/es\/wp-json\/wp\/v2\/media?parent=51010"}],"wp:term":[{"taxonomy":"product_cat","embeddable":true,"href":"https:\/\/www.software-reuse.eu\/es\/wp-json\/wp\/v2\/product_cat?post=51010"},{"taxonomy":"product_tag","embeddable":true,"href":"https:\/\/www.software-reuse.eu\/es\/wp-json\/wp\/v2\/product_tag?post=51010"}],"curies":[{"name":"wp","href":"https:\/\/api.w.org\/{rel}","templated":true}]}}