{"id":54292,"date":"2023-01-11T11:55:05","date_gmt":"2023-01-11T10:55:05","guid":{"rendered":"https:\/\/swr1.wpenginepowered.com\/shop-product\/sin%20categor\u00eda\/windows-server-standard-2022-2-core\/"},"modified":"2026-01-27T11:42:29","modified_gmt":"2026-01-27T10:42:29","slug":"windows-server-standard-2022-2-core","status":"publish","type":"product","link":"https:\/\/www.software-reuse.eu\/es\/shop\/serverlizenzen-cals\/windows-server-cals\/windows-server-2022\/windows-server-standard-2022-2-core\/","title":{"rendered":"Windows Server Standard 2022 2 Core"},"content":{"rendered":"<p>Windows Server Standard 2022 2 Core ofrece una plataforma de servidor fiable y potente para su empresa. Le ayuda a optimizar su infraestructura de TI y a ejecutar sus aplicaciones de forma segura y eficaz. Con 2 Cores, puede personalizar el rendimiento del servidor seg\u00fan sus requisitos espec\u00edficos, al tiempo que se beneficia de las \u00faltimas caracter\u00edsticas y mejoras que ofrece Windows Server 2022.<\/p>","protected":false},"excerpt":{"rendered":"<p>Windows Server Standard 2022 2 Core ofrece una plataforma de servidor fiable y potente para su empresa. Le ayuda a optimizar su infraestructura de TI y a ejecutar sus aplicaciones de forma segura y eficaz. Con 2 Cores, puede personalizar el rendimiento del servidor seg\u00fan sus requisitos espec\u00edficos, al tiempo que se beneficia de las [&hellip;]<\/p>\n","protected":false},"featured_media":41753,"template":"","meta":{"inline_featured_image":false},"product_cat":[8293,6938,6941],"product_tag":[],"class_list":{"0":"post-54292","1":"product","2":"type-product","3":"status-publish","4":"has-post-thumbnail","6":"product_cat-windows-server-2022-es","7":"product_cat-serverlizenzen-cals-1","8":"product_cat-windows-server-cals-1","9":"pa_bit-64-bit-es","10":"pa_lizenzierung-nach-core-es","11":"pa_lizenzlaufzeit-kauflizenz-unlimitiert-nutzbar-es","12":"pa_lizenztyp-kommerziell-einsetzbare-volumenlizenz-es","13":"pa_maximal-erlaubte-installatio-ein-gerat-es","14":"pa_sprache-in-allen-europaischen-sprachen-es","15":"pa_zustand-wie-neu-es","17":"first","18":"instock","19":"downloadable","20":"taxable","21":"shipping-taxable","22":"purchasable","23":"product-type-simple"},"_links":{"self":[{"href":"https:\/\/www.software-reuse.eu\/es\/wp-json\/wp\/v2\/product\/54292","targetHints":{"allow":["GET"]}}],"collection":[{"href":"https:\/\/www.software-reuse.eu\/es\/wp-json\/wp\/v2\/product"}],"about":[{"href":"https:\/\/www.software-reuse.eu\/es\/wp-json\/wp\/v2\/types\/product"}],"wp:featuredmedia":[{"embeddable":true,"href":"https:\/\/www.software-reuse.eu\/es\/wp-json\/wp\/v2\/media\/41753"}],"wp:attachment":[{"href":"https:\/\/www.software-reuse.eu\/es\/wp-json\/wp\/v2\/media?parent=54292"}],"wp:term":[{"taxonomy":"product_cat","embeddable":true,"href":"https:\/\/www.software-reuse.eu\/es\/wp-json\/wp\/v2\/product_cat?post=54292"},{"taxonomy":"product_tag","embeddable":true,"href":"https:\/\/www.software-reuse.eu\/es\/wp-json\/wp\/v2\/product_tag?post=54292"}],"curies":[{"name":"wp","href":"https:\/\/api.w.org\/{rel}","templated":true}]}}