{"id":54885,"date":"2026-01-27T11:52:43","date_gmt":"2026-01-27T10:52:43","guid":{"rendered":"https:\/\/www.software-reuse.eu\/shop-product\/sin%20categor\u00eda\/vmware-vsphere-8-enterprise-plus-1-procesador-3\/"},"modified":"2026-03-10T11:07:28","modified_gmt":"2026-03-10T10:07:28","slug":"vmware-vsphere-8-enterprise-plus-1-procesador-fecha-fin-soporte-10-01-2027","status":"publish","type":"product","link":"https:\/\/www.software-reuse.eu\/es\/shop\/vmware-broadcom\/vmware-vsphere-8-enterprise-plus\/vmware-vsphere-8-enterprise-plus-para-1-procesador\/","title":{"rendered":"VMware vSphere 8 Enterprise Plus para 1 procesador"},"content":{"rendered":"VMware vSphere 8 Enterprise Plus para 1 procesador ofrece completas capacidades de virtualizaci\u00f3n para empresas de cualquier tama\u00f1o. Con gesti\u00f3n automatizada de recursos, alta disponibilidad y seguridad avanzada, optimiza la infraestructura de TI y permite una escalabilidad flexible. Esta soluci\u00f3n es ideal para empresas que desean aumentar la eficiencia de su TI mientras reducen sus costes.  ","protected":false},"excerpt":{"rendered":"<p>VMware vSphere 8 Enterprise Plus para 1 procesador ofrece completas capacidades de virtualizaci\u00f3n para empresas de cualquier tama\u00f1o. Con gesti\u00f3n automatizada de recursos, alta disponibilidad y seguridad avanzada, optimiza la infraestructura de TI y permite una escalabilidad flexible. Esta soluci\u00f3n es ideal para empresas que desean aumentar la eficiencia de su TI mientras reducen sus [&hellip;]<\/p>\n","protected":false},"featured_media":52822,"template":"","meta":{"inline_featured_image":false},"product_cat":[8456,8426],"product_tag":[],"class_list":{"0":"post-54885","1":"product","2":"type-product","3":"status-publish","4":"has-post-thumbnail","6":"product_cat-vmware-vsphere-8-enterprise-plus-es","7":"product_cat-vmware-broadcom-es","8":"pa_lizenzierung-nach-cpu-maximo-32-nucleos","9":"pa_lizenzlaufzeit-kauflizenz-unlimitiert-nutzbar-es","10":"pa_lizenztyp-kommerziell-einsetzbare-volumenlizenz-es","11":"pa_sprache-in-allen-europaischen-sprachen-es","12":"pa_zustand-wie-neu-es","14":"first","15":"outofstock","16":"taxable","17":"shipping-taxable","18":"purchasable","19":"product-type-simple"},"_links":{"self":[{"href":"https:\/\/www.software-reuse.eu\/es\/wp-json\/wp\/v2\/product\/54885","targetHints":{"allow":["GET"]}}],"collection":[{"href":"https:\/\/www.software-reuse.eu\/es\/wp-json\/wp\/v2\/product"}],"about":[{"href":"https:\/\/www.software-reuse.eu\/es\/wp-json\/wp\/v2\/types\/product"}],"wp:featuredmedia":[{"embeddable":true,"href":"https:\/\/www.software-reuse.eu\/es\/wp-json\/wp\/v2\/media\/52822"}],"wp:attachment":[{"href":"https:\/\/www.software-reuse.eu\/es\/wp-json\/wp\/v2\/media?parent=54885"}],"wp:term":[{"taxonomy":"product_cat","embeddable":true,"href":"https:\/\/www.software-reuse.eu\/es\/wp-json\/wp\/v2\/product_cat?post=54885"},{"taxonomy":"product_tag","embeddable":true,"href":"https:\/\/www.software-reuse.eu\/es\/wp-json\/wp\/v2\/product_tag?post=54885"}],"curies":[{"name":"wp","href":"https:\/\/api.w.org\/{rel}","templated":true}]}}