{"id":56505,"date":"2017-02-24T01:00:00","date_gmt":"2017-02-24T00:00:00","guid":{"rendered":"https:\/\/www.software-reuse.eu\/shop-product\/sin%20categor\u00eda\/windows-server-2008-standard-r2\/"},"modified":"2026-04-28T11:25:13","modified_gmt":"2026-04-28T09:25:13","slug":"windows-server-2008-standard-r2","status":"publish","type":"product","link":"https:\/\/www.software-reuse.eu\/es\/shop\/server-cals\/windows-server-cals\/windows-server-2008-r2\/windows-server-2008-standard-r2\/","title":{"rendered":"Windows Server 2008 Standard R2"},"content":{"rendered":"<p>Windows Server 2008 Standard R2 es una soluci\u00f3n probada para empresas y organizaciones que requieren un entorno de servidor fiable. Con caracter\u00edsticas avanzadas como Active Directory, gesti\u00f3n de red mejorada y mayor protecci\u00f3n de la seguridad, proporciona una base s\u00f3lida para desplegar aplicaciones y servicios.<\/p>","protected":false},"excerpt":{"rendered":"<p>Windows Server 2008 Standard R2 es una soluci\u00f3n probada para empresas y organizaciones que requieren un entorno de servidor fiable. Con caracter\u00edsticas avanzadas como Active Directory, gesti\u00f3n de red mejorada y mayor protecci\u00f3n de la seguridad, proporciona una base s\u00f3lida para desplegar aplicaciones y servicios.<\/p>\n","protected":false},"featured_media":36394,"template":"","meta":{"inline_featured_image":false},"product_cat":[7032],"product_tag":[],"class_list":{"0":"post-56505","1":"product","2":"type-product","3":"status-publish","4":"has-post-thumbnail","6":"product_cat-windows-server-2008-r2-1","8":"first","9":"instock","10":"downloadable","11":"taxable","12":"shipping-taxable","13":"purchasable","14":"product-type-simple"},"_links":{"self":[{"href":"https:\/\/www.software-reuse.eu\/es\/wp-json\/wp\/v2\/product\/56505","targetHints":{"allow":["GET"]}}],"collection":[{"href":"https:\/\/www.software-reuse.eu\/es\/wp-json\/wp\/v2\/product"}],"about":[{"href":"https:\/\/www.software-reuse.eu\/es\/wp-json\/wp\/v2\/types\/product"}],"wp:featuredmedia":[{"embeddable":true,"href":"https:\/\/www.software-reuse.eu\/es\/wp-json\/wp\/v2\/media\/36394"}],"wp:attachment":[{"href":"https:\/\/www.software-reuse.eu\/es\/wp-json\/wp\/v2\/media?parent=56505"}],"wp:term":[{"taxonomy":"product_cat","embeddable":true,"href":"https:\/\/www.software-reuse.eu\/es\/wp-json\/wp\/v2\/product_cat?post=56505"},{"taxonomy":"product_tag","embeddable":true,"href":"https:\/\/www.software-reuse.eu\/es\/wp-json\/wp\/v2\/product_tag?post=56505"}],"curies":[{"name":"wp","href":"https:\/\/api.w.org\/{rel}","templated":true}]}}