{"id":56511,"date":"2016-10-28T02:00:00","date_gmt":"2016-10-28T00:00:00","guid":{"rendered":"https:\/\/www.software-reuse.eu\/shop-product\/sin%20categor\u00eda\/windows-server-enterprise-2008-r2-licencia\/"},"modified":"2026-04-28T11:33:11","modified_gmt":"2026-04-28T09:33:11","slug":"windows-server-enterprise-2008-r2-licencia","status":"publish","type":"product","link":"https:\/\/www.software-reuse.eu\/es\/shop\/server-cals\/windows-server-cals\/windows-server-2008-r2\/windows-server-enterprise-2008-r2-licencia\/","title":{"rendered":"Windows Server Enterprise 2008 R2 licencia"},"content":{"rendered":"<p>Windows Server Enterprise 2008 R2 es una plataforma de servidor que le ofrece la oportunidad de optimizar y ampliar su infraestructura de TI. Con caracter\u00edsticas avanzadas como virtualizaci\u00f3n, gesti\u00f3n de seguridad mejorada y escalabilidad, este software proporciona una base fiable para los servicios empresariales m\u00e1s exigentes. Windows Server Enterprise 2008 R2 le ayuda a aumentar la eficiencia a la vez que simplifica la gesti\u00f3n de TI para maximizar el rendimiento y la fiabilidad.<\/p>","protected":false},"excerpt":{"rendered":"<p>Windows Server Enterprise 2008 R2 es una plataforma de servidor que le ofrece la oportunidad de optimizar y ampliar su infraestructura de TI. Con caracter\u00edsticas avanzadas como virtualizaci\u00f3n, gesti\u00f3n de seguridad mejorada y escalabilidad, este software proporciona una base fiable para los servicios empresariales m\u00e1s exigentes. Windows Server Enterprise 2008 R2 le ayuda a aumentar [&hellip;]<\/p>\n","protected":false},"featured_media":36310,"template":"","meta":{"inline_featured_image":false},"product_cat":[6941,7032],"product_tag":[],"class_list":{"0":"post-56511","1":"product","2":"type-product","3":"status-publish","4":"has-post-thumbnail","6":"product_cat-windows-server-cals-1","7":"product_cat-windows-server-2008-r2-1","9":"first","10":"instock","11":"downloadable","12":"taxable","13":"shipping-taxable","14":"purchasable","15":"product-type-simple"},"_links":{"self":[{"href":"https:\/\/www.software-reuse.eu\/es\/wp-json\/wp\/v2\/product\/56511","targetHints":{"allow":["GET"]}}],"collection":[{"href":"https:\/\/www.software-reuse.eu\/es\/wp-json\/wp\/v2\/product"}],"about":[{"href":"https:\/\/www.software-reuse.eu\/es\/wp-json\/wp\/v2\/types\/product"}],"wp:featuredmedia":[{"embeddable":true,"href":"https:\/\/www.software-reuse.eu\/es\/wp-json\/wp\/v2\/media\/36310"}],"wp:attachment":[{"href":"https:\/\/www.software-reuse.eu\/es\/wp-json\/wp\/v2\/media?parent=56511"}],"wp:term":[{"taxonomy":"product_cat","embeddable":true,"href":"https:\/\/www.software-reuse.eu\/es\/wp-json\/wp\/v2\/product_cat?post=56511"},{"taxonomy":"product_tag","embeddable":true,"href":"https:\/\/www.software-reuse.eu\/es\/wp-json\/wp\/v2\/product_tag?post=56511"}],"curies":[{"name":"wp","href":"https:\/\/api.w.org\/{rel}","templated":true}]}}