{"id":56513,"date":"2018-06-12T02:00:00","date_gmt":"2018-06-12T00:00:00","guid":{"rendered":"https:\/\/www.software-reuse.eu\/shop-product\/sin%20categor\u00eda\/office-professional-plus-2013-licencia\/"},"modified":"2026-04-28T11:35:37","modified_gmt":"2026-04-28T09:35:37","slug":"office-professional-plus-2013-licencia","status":"publish","type":"product","link":"https:\/\/www.software-reuse.eu\/es\/shop\/office\/office-2013-licencia-por-volumen\/office-professional-plus-2013-licencia\/","title":{"rendered":"Office Professional Plus 2013 Licencia"},"content":{"rendered":"<p>La licencia de Office Professional Plus 2013 es un potente software que le permite trabajar con eficacia, crear documentos profesionales y comunicarse f\u00e1cilmente con colegas y clientes. Gracias al completo paquete de aplicaciones ofim\u00e1ticas, que incluye Word, Excel, PowerPoint, Outlook y muchas m\u00e1s, estar\u00e1 perfectamente equipado para el d\u00eda a d\u00eda en la oficina.<\/p>\n<ul>\n<\/ul>","protected":false},"excerpt":{"rendered":"<p>La licencia de Office Professional Plus 2013 es un potente software que le permite trabajar con eficacia, crear documentos profesionales y comunicarse f\u00e1cilmente con colegas y clientes. Gracias al completo paquete de aplicaciones ofim\u00e1ticas, que incluye Word, Excel, PowerPoint, Outlook y muchas m\u00e1s, estar\u00e1 perfectamente equipado para el d\u00eda a d\u00eda en la oficina.<\/p>\n","protected":false},"featured_media":36214,"template":"","meta":{"inline_featured_image":false},"product_cat":[6907],"product_tag":[],"class_list":{"0":"post-56513","1":"product","2":"type-product","3":"status-publish","4":"has-post-thumbnail","6":"product_cat-office-2013-licencia-por-volumen","8":"first","9":"outofstock","10":"downloadable","11":"taxable","12":"shipping-taxable","13":"purchasable","14":"product-type-simple"},"_links":{"self":[{"href":"https:\/\/www.software-reuse.eu\/es\/wp-json\/wp\/v2\/product\/56513","targetHints":{"allow":["GET"]}}],"collection":[{"href":"https:\/\/www.software-reuse.eu\/es\/wp-json\/wp\/v2\/product"}],"about":[{"href":"https:\/\/www.software-reuse.eu\/es\/wp-json\/wp\/v2\/types\/product"}],"wp:featuredmedia":[{"embeddable":true,"href":"https:\/\/www.software-reuse.eu\/es\/wp-json\/wp\/v2\/media\/36214"}],"wp:attachment":[{"href":"https:\/\/www.software-reuse.eu\/es\/wp-json\/wp\/v2\/media?parent=56513"}],"wp:term":[{"taxonomy":"product_cat","embeddable":true,"href":"https:\/\/www.software-reuse.eu\/es\/wp-json\/wp\/v2\/product_cat?post=56513"},{"taxonomy":"product_tag","embeddable":true,"href":"https:\/\/www.software-reuse.eu\/es\/wp-json\/wp\/v2\/product_tag?post=56513"}],"curies":[{"name":"wp","href":"https:\/\/api.w.org\/{rel}","templated":true}]}}