{"id":56535,"date":"2016-10-18T02:00:00","date_gmt":"2016-10-18T00:00:00","guid":{"rendered":"https:\/\/www.software-reuse.eu\/shop-product\/sin%20categor\u00eda\/windows-server-datacenter-2012-r2-2-cpu\/"},"modified":"2026-04-28T11:45:21","modified_gmt":"2026-04-28T09:45:21","slug":"windows-server-datacenter-2012-r2-2-cpu","status":"publish","type":"product","link":"https:\/\/www.software-reuse.eu\/es\/shop\/server-cals\/windows-server-cals\/windows-server-2012-r2\/windows-server-datacenter-2012-r2-2-cpu\/","title":{"rendered":"Windows Server Datacenter 2012 R2 2 CPU"},"content":{"rendered":"<p>Windows Server Datacenter 2012 R2 con 2 CPU es una soluci\u00f3n de servidor robusta y potente que ofrece escalabilidad y rendimiento completos para su infraestructura de TI. Se beneficiar\u00e1 de una virtualizaci\u00f3n completa, una gesti\u00f3n de datos de primera clase y funciones de seguridad mejoradas.&nbsp;<\/p>","protected":false},"excerpt":{"rendered":"<p>Windows Server Datacenter 2012 R2 con 2 CPU es una soluci\u00f3n de servidor robusta y potente que ofrece escalabilidad y rendimiento completos para su infraestructura de TI. Se beneficiar\u00e1 de una virtualizaci\u00f3n completa, una gesti\u00f3n de datos de primera clase y funciones de seguridad mejoradas.&nbsp;<\/p>\n","protected":false},"featured_media":37461,"template":"","meta":{"inline_featured_image":false},"product_cat":[6941,7026],"product_tag":[],"class_list":{"0":"post-56535","1":"product","2":"type-product","3":"status-publish","4":"has-post-thumbnail","6":"product_cat-windows-server-cals-1","7":"product_cat-windows-server-2012-r2-1","9":"first","10":"instock","11":"downloadable","12":"taxable","13":"shipping-taxable","14":"purchasable","15":"product-type-simple"},"_links":{"self":[{"href":"https:\/\/www.software-reuse.eu\/es\/wp-json\/wp\/v2\/product\/56535","targetHints":{"allow":["GET"]}}],"collection":[{"href":"https:\/\/www.software-reuse.eu\/es\/wp-json\/wp\/v2\/product"}],"about":[{"href":"https:\/\/www.software-reuse.eu\/es\/wp-json\/wp\/v2\/types\/product"}],"wp:featuredmedia":[{"embeddable":true,"href":"https:\/\/www.software-reuse.eu\/es\/wp-json\/wp\/v2\/media\/37461"}],"wp:attachment":[{"href":"https:\/\/www.software-reuse.eu\/es\/wp-json\/wp\/v2\/media?parent=56535"}],"wp:term":[{"taxonomy":"product_cat","embeddable":true,"href":"https:\/\/www.software-reuse.eu\/es\/wp-json\/wp\/v2\/product_cat?post=56535"},{"taxonomy":"product_tag","embeddable":true,"href":"https:\/\/www.software-reuse.eu\/es\/wp-json\/wp\/v2\/product_tag?post=56535"}],"curies":[{"name":"wp","href":"https:\/\/api.w.org\/{rel}","templated":true}]}}