{"id":56540,"date":"2016-05-08T02:00:00","date_gmt":"2016-05-08T00:00:00","guid":{"rendered":"https:\/\/www.software-reuse.eu\/shop-product\/sin%20categor\u00eda\/office-estandar-2013-licencia-de-volumen\/"},"modified":"2026-04-28T11:56:04","modified_gmt":"2026-04-28T09:56:04","slug":"office-estandar-2013-licencia-de-volumen","status":"publish","type":"product","link":"https:\/\/www.software-reuse.eu\/es\/shop\/office\/office-2013-licencia-por-volumen\/office-estandar-2013-licencia-de-volumen\/","title":{"rendered":"Office Est\u00e1ndar 2013 licencia de volum\u00e9n"},"content":{"rendered":"<p><b>Microsoft Office Standard 2013 enth\u00e4lt die folgenden 6 Profiprogramme:&nbsp;<\/b><span>&nbsp;<\/span><\/p>\n<ul>\n<li><span>Word&nbsp;&nbsp;<\/span><\/li>\n<li><span>Excel&nbsp;&nbsp;<\/span><\/li>\n<li><span>PowerPoint&nbsp;&nbsp;<\/span><\/li>\n<li><span>Outlook<\/span><\/li>\n<li><span>Publisher&nbsp;&nbsp;<\/span><\/li>\n<li><span>OneNote&nbsp;&nbsp;<\/span><\/li>\n<\/ul>\n<p><span>Eine umfangreiche Office-Suite f\u00fcr all jene, die h\u00f6chste Anforderungen an den B\u00fcroalltag legen, und kein Access ben\u00f6tigen.<br><br><b>Sprache(n):&nbsp;<\/b>Deutsch<\/span><\/p>\n<p><b>Lieferumfang<\/b><span>: MAK-Aktivierungskey, Lizenzdaten, Downloadlink zu Installationsfile<\/span><\/p>\n<p><b>\u00dcbermittlungs des Aktivierungskeys \/ Installationsdateien \/ Aktivierung des Produkts:<br><\/b>Nach Kaufabschluss und kurzer Bearbeitungszeit schicken wir Ihnen den Aktivierungskey, mit EU-rechtkonformen Lizenztransferdaten (Vertragsnummern, Nennung des Ersterwerbers etc.) sowie einen Downloadlink f\u00fcr die Installationsdateien per E-mail. Das Produkt kann damit sofort installiert und aktiviert werden.<\/p>\n<p><b>Installation g\u00fcltig f\u00fcr:<\/b><span>&nbsp;1 User<br><\/span><\/p>\n<p><b>Plattform\/Mindestanforderungen:<\/b><span><br>Windows XP, Vista, 7 (32\/64 bit), Windows 8 (32\/64 bit), Windows 10<br><br><b>Weitere Features:&nbsp;<\/b><\/span><\/p>\n<ul>\n<li><span>Gepr\u00fcfte gebrauchte Originalsoftware&nbsp;<\/span><\/li>\n<li><span>Kommerzielle Vollversion (keine Home oder Student-Version etc.)<\/span><\/li>\n<\/ul>","protected":false},"excerpt":{"rendered":"<p>Microsoft Office Standard 2013 enth\u00e4lt die folgenden 6 Profiprogramme:&nbsp;&nbsp; Word&nbsp;&nbsp; Excel&nbsp;&nbsp; PowerPoint&nbsp;&nbsp; Outlook Publisher&nbsp;&nbsp; OneNote&nbsp;&nbsp; Eine umfangreiche Office-Suite f\u00fcr all jene, die h\u00f6chste Anforderungen an den B\u00fcroalltag legen, und kein Access ben\u00f6tigen.Sprache(n):&nbsp;Deutsch Lieferumfang: MAK-Aktivierungskey, Lizenzdaten, Downloadlink zu Installationsfile \u00dcbermittlungs des Aktivierungskeys \/ Installationsdateien \/ Aktivierung des Produkts:Nach Kaufabschluss und kurzer Bearbeitungszeit schicken wir Ihnen den [&hellip;]<\/p>\n","protected":false},"featured_media":42039,"template":"","meta":{"inline_featured_image":false},"product_cat":[6907],"product_tag":[],"class_list":{"0":"post-56540","1":"product","2":"type-product","3":"status-publish","4":"has-post-thumbnail","6":"product_cat-office-2013-licencia-por-volumen","8":"first","9":"outofstock","10":"downloadable","11":"taxable","12":"shipping-taxable","13":"purchasable","14":"product-type-simple"},"_links":{"self":[{"href":"https:\/\/www.software-reuse.eu\/es\/wp-json\/wp\/v2\/product\/56540","targetHints":{"allow":["GET"]}}],"collection":[{"href":"https:\/\/www.software-reuse.eu\/es\/wp-json\/wp\/v2\/product"}],"about":[{"href":"https:\/\/www.software-reuse.eu\/es\/wp-json\/wp\/v2\/types\/product"}],"wp:featuredmedia":[{"embeddable":true,"href":"https:\/\/www.software-reuse.eu\/es\/wp-json\/wp\/v2\/media\/42039"}],"wp:attachment":[{"href":"https:\/\/www.software-reuse.eu\/es\/wp-json\/wp\/v2\/media?parent=56540"}],"wp:term":[{"taxonomy":"product_cat","embeddable":true,"href":"https:\/\/www.software-reuse.eu\/es\/wp-json\/wp\/v2\/product_cat?post=56540"},{"taxonomy":"product_tag","embeddable":true,"href":"https:\/\/www.software-reuse.eu\/es\/wp-json\/wp\/v2\/product_tag?post=56540"}],"curies":[{"name":"wp","href":"https:\/\/api.w.org\/{rel}","templated":true}]}}