{"id":56544,"date":"2017-11-14T01:00:00","date_gmt":"2017-11-14T00:00:00","guid":{"rendered":"https:\/\/www.software-reuse.eu\/shop-product\/sin%20categor\u00eda\/windows-server-standard-2012-r2\/"},"modified":"2026-04-28T12:00:35","modified_gmt":"2026-04-28T10:00:35","slug":"windows-server-standard-2012-r2","status":"publish","type":"product","link":"https:\/\/www.software-reuse.eu\/es\/shop\/server-cals\/windows-server-cals\/windows-server-2012-r2\/windows-server-standard-2012-r2\/","title":{"rendered":"Windows Server Standard 2012 R2"},"content":{"rendered":"<p><b>Actualmente Windows Server Standard 2012 R2 es el programa de servidor m\u00e1s popular.&nbsp;<\/b><\/p>\n<p><b>Idioma(s):&nbsp;<\/b>Alem\u00e1n<br><br><span><b>Alcance de suministro:&nbsp;<\/b>Clave de activaci\u00f3n&nbsp;<\/span>MAK, datos de licencia, enlace de descarga para el archivo de instalaci\u00f3n&nbsp;<br><br><b>Transmisi\u00f3n de la clave de activaci\u00f3n \/ los archivos de instalaci\u00f3n \/ la activaci\u00f3n del producto:<\/b><br>Despu\u00e9s de su compra y un corto tiempo de procesamiento le enviamos por e-mail la clave de activaci\u00f3n con los datos de licencia conforme a la legislaci\u00f3n de la UE (n\u00fameros de contrato, menci\u00f3n del comprador inicial etc.) y un enlace de descarga para el archivo de instalaci\u00f3n. Entonces el producto se puede instalar y activar inmediatamente.<br><br><b>Instalaci\u00f3n v\u00e1lida para: <\/b>1 Servidor<br><br><b>Plataforma\/Requisitos m\u00ednimos:<\/b><br>Windows XP, Vista, 7 (32\/64 bit), Windows 8 (32\/64 bit), Windows 10<br><br><b>M\u00e1s caracter\u00edsticas:<\/b><\/p>\n<ul>\n<li>Software original, comprobado de segunda mano<\/li>\n<li>Versi\u00f3n comercial completa (no se trata de una versi\u00f3n Home o estudiante o parecido)&nbsp;<\/li>\n<\/ul>\n<p><br><\/p>","protected":false},"excerpt":{"rendered":"<p>Actualmente Windows Server Standard 2012 R2 es el programa de servidor m\u00e1s popular.&nbsp; Idioma(s):&nbsp;Alem\u00e1nAlcance de suministro:&nbsp;Clave de activaci\u00f3n&nbsp;MAK, datos de licencia, enlace de descarga para el archivo de instalaci\u00f3n&nbsp;Transmisi\u00f3n de la clave de activaci\u00f3n \/ los archivos de instalaci\u00f3n \/ la activaci\u00f3n del producto:Despu\u00e9s de su compra y un corto tiempo de procesamiento le enviamos [&hellip;]<\/p>\n","protected":false},"featured_media":49942,"template":"","meta":{"inline_featured_image":false},"product_cat":[6941,7026],"product_tag":[],"class_list":{"0":"post-56544","1":"product","2":"type-product","3":"status-publish","4":"has-post-thumbnail","6":"product_cat-windows-server-cals-1","7":"product_cat-windows-server-2012-r2-1","9":"first","10":"outofstock","11":"downloadable","12":"taxable","13":"shipping-taxable","14":"purchasable","15":"product-type-simple"},"_links":{"self":[{"href":"https:\/\/www.software-reuse.eu\/es\/wp-json\/wp\/v2\/product\/56544","targetHints":{"allow":["GET"]}}],"collection":[{"href":"https:\/\/www.software-reuse.eu\/es\/wp-json\/wp\/v2\/product"}],"about":[{"href":"https:\/\/www.software-reuse.eu\/es\/wp-json\/wp\/v2\/types\/product"}],"wp:featuredmedia":[{"embeddable":true,"href":"https:\/\/www.software-reuse.eu\/es\/wp-json\/wp\/v2\/media\/49942"}],"wp:attachment":[{"href":"https:\/\/www.software-reuse.eu\/es\/wp-json\/wp\/v2\/media?parent=56544"}],"wp:term":[{"taxonomy":"product_cat","embeddable":true,"href":"https:\/\/www.software-reuse.eu\/es\/wp-json\/wp\/v2\/product_cat?post=56544"},{"taxonomy":"product_tag","embeddable":true,"href":"https:\/\/www.software-reuse.eu\/es\/wp-json\/wp\/v2\/product_tag?post=56544"}],"curies":[{"name":"wp","href":"https:\/\/api.w.org\/{rel}","templated":true}]}}