{"id":56554,"date":"2022-11-21T14:14:49","date_gmt":"2022-11-21T13:14:49","guid":{"rendered":"https:\/\/www.software-reuse.eu\/shop-product\/sin%20categor\u00eda\/adobe-acrobat-standard-dc-2017-ingles\/"},"modified":"2026-04-28T12:20:08","modified_gmt":"2026-04-28T10:20:08","slug":"adobe-acrobat-standard-dc-2017-ingles","status":"publish","type":"product","link":"https:\/\/www.software-reuse.eu\/es\/shop\/adobe\/acrobat\/acrobat-2017\/adobe-acrobat-standard-dc-2017-ingles\/","title":{"rendered":"Adobe Acrobat Standard DC 2017 Ingl\u00e9s"},"content":{"rendered":"<p>Adobe Acrobat Standard DC 2017 Espa\u00f1ol es un potente software para crear, editar y gestionar documentos PDF. Con herramientas eficaces, puedes crear, editar y compartir f\u00e1cilmente PDF con calidad profesional. Esta versi\u00f3n en ingl\u00e9s ofrece numerosas opciones para la gesti\u00f3n de documentos y te permite colaborar f\u00e1cilmente en un idioma conocido.<\/p>","protected":false},"excerpt":{"rendered":"<p>Adobe Acrobat Standard DC 2017 Espa\u00f1ol es un potente software para crear, editar y gestionar documentos PDF. Con herramientas eficaces, puedes crear, editar y compartir f\u00e1cilmente PDF con calidad profesional. Esta versi\u00f3n en ingl\u00e9s ofrece numerosas opciones para la gesti\u00f3n de documentos y te permite colaborar f\u00e1cilmente en un idioma conocido.<\/p>\n","protected":false},"featured_media":39995,"template":"","meta":{"inline_featured_image":false},"product_cat":[8310,6922,6966],"product_tag":[],"class_list":{"0":"post-56554","1":"product","2":"type-product","3":"status-publish","4":"has-post-thumbnail","6":"product_cat-acrobat-2017-es","7":"product_cat-adobe","8":"product_cat-acrobat-1","9":"pa_betriebssysteme-windows-10-es","10":"pa_betriebssysteme-windows-7-es","11":"pa_betriebssysteme-windows-7-sp1-es","12":"pa_betriebssysteme-windows-8-es","13":"pa_betriebssysteme-windows-8-1-es","14":"pa_betriebssysteme-windows-server-2008-r2-es","15":"pa_betriebssysteme-windows-server-2012-es","16":"pa_betriebssysteme-windows-server-2012-r2-2-es","17":"pa_betriebssysteme-windows-server-2016-es","18":"pa_betriebssysteme-windows-server-2019-es","19":"pa_lizenzierung-nach-gerate-es","20":"pa_lizenzlaufzeit-kauflizenz-unlimitiert-nutzbar-es","21":"pa_lizenztyp-kommerziell-einsetzbare-volumenlizenz-es","22":"pa_maximal-erlaubte-installatio-dos-dispositivos-si-no-se-usan-simultaneamente","23":"pa_sprache-englisch-es","24":"pa_zustand-wie-neu-es","26":"first","27":"outofstock","28":"downloadable","29":"taxable","30":"shipping-taxable","31":"purchasable","32":"product-type-simple"},"_links":{"self":[{"href":"https:\/\/www.software-reuse.eu\/es\/wp-json\/wp\/v2\/product\/56554","targetHints":{"allow":["GET"]}}],"collection":[{"href":"https:\/\/www.software-reuse.eu\/es\/wp-json\/wp\/v2\/product"}],"about":[{"href":"https:\/\/www.software-reuse.eu\/es\/wp-json\/wp\/v2\/types\/product"}],"wp:featuredmedia":[{"embeddable":true,"href":"https:\/\/www.software-reuse.eu\/es\/wp-json\/wp\/v2\/media\/39995"}],"wp:attachment":[{"href":"https:\/\/www.software-reuse.eu\/es\/wp-json\/wp\/v2\/media?parent=56554"}],"wp:term":[{"taxonomy":"product_cat","embeddable":true,"href":"https:\/\/www.software-reuse.eu\/es\/wp-json\/wp\/v2\/product_cat?post=56554"},{"taxonomy":"product_tag","embeddable":true,"href":"https:\/\/www.software-reuse.eu\/es\/wp-json\/wp\/v2\/product_tag?post=56554"}],"curies":[{"name":"wp","href":"https:\/\/api.w.org\/{rel}","templated":true}]}}