{"id":56566,"date":"2016-05-08T02:00:00","date_gmt":"2016-05-08T00:00:00","guid":{"rendered":"https:\/\/www.software-reuse.eu\/shop-product\/sin%20categor\u00eda\/adobe-creative-suite-6-master-collection-aleman-windows-mac-version-completa\/"},"modified":"2026-04-28T12:49:36","modified_gmt":"2026-04-28T10:49:36","slug":"adobe-creative-suite-6-master-collection-aleman-windows-mac-version-completa","status":"publish","type":"product","link":"https:\/\/www.software-reuse.eu\/es\/shop\/adobe\/adobe-creative-suite-6\/adobe-creative-suite-6-master-collection-aleman-windows-mac-version-completa\/","title":{"rendered":"Adobe Creative Suite 6 Master Collection Alem\u00e1n Windows \/ Mac versi\u00f3n completa"},"content":{"rendered":"<p>Adobe Creative Suite 6 Master Collection ofrece numerosas herramientas profesionales para editar gr\u00e1ficos, v\u00eddeos, audio y mucho m\u00e1s. Su creatividad puede cobrar vida con la versi\u00f3n completa en im\u00e1genes y proyectos impresionantes y notables. D\u00e9jese impresionar por las infinitas posibilidades de dise\u00f1o.&nbsp;<\/p>","protected":false},"excerpt":{"rendered":"<p>Adobe Creative Suite 6 Master Collection ofrece numerosas herramientas profesionales para editar gr\u00e1ficos, v\u00eddeos, audio y mucho m\u00e1s. Su creatividad puede cobrar vida con la versi\u00f3n completa en im\u00e1genes y proyectos impresionantes y notables. D\u00e9jese impresionar por las infinitas posibilidades de dise\u00f1o.&nbsp;<\/p>\n","protected":false},"featured_media":41804,"template":"","meta":{"inline_featured_image":false},"product_cat":[6925],"product_tag":[],"class_list":{"0":"post-56566","1":"product","2":"type-product","3":"status-publish","4":"has-post-thumbnail","6":"product_cat-adobe-creative-suite-6-1","7":"pa_betriebssysteme-mac-os-106-snow-leopard-en-es","8":"pa_betriebssysteme-mac-os-107-lion-en-es","9":"pa_betriebssysteme-mac-os-108-mountain-lion-en-es","10":"pa_betriebssysteme-mac-os-109-mavericks-es","11":"pa_betriebssysteme-mac-os-1010-yosemite-es","12":"pa_betriebssysteme-mac-os-1011-el-capitan-es","13":"pa_betriebssysteme-mac-os-1012-sierra-es","14":"pa_betriebssysteme-mac-os-1013-high-sierra-es","15":"pa_betriebssysteme-mac-os-1014-mojave-es","16":"pa_betriebssysteme-windows-vista-es","17":"pa_betriebssysteme-windows-7-es","18":"pa_betriebssysteme-windows-8-es","19":"pa_betriebssysteme-windows-10-es","20":"pa_betriebssysteme-windows-xp-es","21":"pa_lizenzierung-nach-gerate-es","22":"pa_lizenzlaufzeit-kauflizenz-unlimitiert-nutzbar-es","23":"pa_lizenztyp-kommerziell-einsetzbare-volumenlizenz-es","24":"pa_maximal-erlaubte-installatio-dos-dispositivos-si-no-se-usan-simultaneamente","25":"pa_programme-audition-es","26":"pa_programme-premiere-pro-es","27":"pa_programme-after-effects-es","28":"pa_programme-encore-es","29":"pa_programme-prelude-es","30":"pa_programme-media-encoder-es","31":"pa_programme-indesign-es","32":"pa_programme-photoshop-es","33":"pa_programme-illustrator-es","34":"pa_programme-acrobat-pro-es","35":"pa_programme-dreamweaver-es","36":"pa_programme-flash-es","37":"pa_programme-fireworks-es","38":"pa_programme-bridge-es","39":"pa_programme-photoshop-extended-es","40":"pa_sprache-deutsch-es","41":"pa_zustand-wie-neu-es","43":"first","44":"outofstock","45":"downloadable","46":"taxable","47":"shipping-taxable","48":"purchasable","49":"product-type-simple"},"_links":{"self":[{"href":"https:\/\/www.software-reuse.eu\/es\/wp-json\/wp\/v2\/product\/56566","targetHints":{"allow":["GET"]}}],"collection":[{"href":"https:\/\/www.software-reuse.eu\/es\/wp-json\/wp\/v2\/product"}],"about":[{"href":"https:\/\/www.software-reuse.eu\/es\/wp-json\/wp\/v2\/types\/product"}],"wp:featuredmedia":[{"embeddable":true,"href":"https:\/\/www.software-reuse.eu\/es\/wp-json\/wp\/v2\/media\/41804"}],"wp:attachment":[{"href":"https:\/\/www.software-reuse.eu\/es\/wp-json\/wp\/v2\/media?parent=56566"}],"wp:term":[{"taxonomy":"product_cat","embeddable":true,"href":"https:\/\/www.software-reuse.eu\/es\/wp-json\/wp\/v2\/product_cat?post=56566"},{"taxonomy":"product_tag","embeddable":true,"href":"https:\/\/www.software-reuse.eu\/es\/wp-json\/wp\/v2\/product_tag?post=56566"}],"curies":[{"name":"wp","href":"https:\/\/api.w.org\/{rel}","templated":true}]}}