{"id":56568,"date":"2022-11-08T12:49:01","date_gmt":"2022-11-08T11:49:01","guid":{"rendered":"https:\/\/www.software-reuse.eu\/shop-product\/sin%20categor\u00eda\/adobe-acrobat-professional-dc-2017-ingles\/"},"modified":"2026-04-28T13:06:44","modified_gmt":"2026-04-28T11:06:44","slug":"adobe-acrobat-professional-dc-2017-ingles","status":"publish","type":"product","link":"https:\/\/www.software-reuse.eu\/es\/shop\/adobe\/acrobat\/adobe-acrobat-professional-dc-2017-ingles\/","title":{"rendered":"Adobe Acrobat Professional DC 2017 Ingl\u00e9s"},"content":{"rendered":"<p>Adobe Acrobat DC 2017 Professional Ingl\u00e9s es la soluci\u00f3n ideal para documentos PDF profesionales. Crea, edita, dise\u00f1a y comparte tus archivos PDF con este software. La potente paleta de herramientas te permite crear informes de alta calidad, fusionar documentos y a\u00f1adir comentarios. Haz que tu arebit sea m\u00e1s eficiente y lleva tu edici\u00f3n de PDF al siguiente nivel.<\/p>","protected":false},"excerpt":{"rendered":"<p>Adobe Acrobat DC 2017 Professional Ingl\u00e9s es la soluci\u00f3n ideal para documentos PDF profesionales. Crea, edita, dise\u00f1a y comparte tus archivos PDF con este software. La potente paleta de herramientas te permite crear informes de alta calidad, fusionar documentos y a\u00f1adir comentarios. Haz que tu arebit sea m\u00e1s eficiente y lleva tu edici\u00f3n de PDF [&hellip;]<\/p>\n","protected":false},"featured_media":40002,"template":"","meta":{"inline_featured_image":false},"product_cat":[6966,8310,6922],"product_tag":[],"class_list":{"0":"post-56568","1":"product","2":"type-product","3":"status-publish","4":"has-post-thumbnail","6":"product_cat-acrobat-1","7":"product_cat-acrobat-2017-es","8":"product_cat-adobe","9":"pa_betriebssysteme-windows-server-2016-es","10":"pa_betriebssysteme-windows-7-sp1-es","11":"pa_betriebssysteme-windows-8-1-es","12":"pa_betriebssysteme-windows-server-2008-r2-es","13":"pa_betriebssysteme-windows-server-2012-es","14":"pa_betriebssysteme-windows-server-2019-es","15":"pa_betriebssysteme-macos-v10-15-es","16":"pa_betriebssysteme-macos-v11-es","17":"pa_betriebssysteme-macos-v12-es","18":"pa_betriebssysteme-macos-v13-es","19":"pa_betriebssysteme-windows-server-2012-r2-2-es","20":"pa_betriebssysteme-windows-10-es","21":"pa_betriebssysteme-windows-8-es","22":"pa_betriebssysteme-windows-7-es","23":"pa_lizenzierung-nach-gerate-es","24":"pa_lizenzlaufzeit-kauflizenz-unlimitiert-nutzbar-es","25":"pa_lizenztyp-kommerziell-einsetzbare-volumenlizenz-es","26":"pa_maximal-erlaubte-installatio-dos-dispositivos-si-no-se-usan-simultaneamente","27":"pa_sprache-englisch-es","28":"pa_zustand-wie-neu-es","30":"first","31":"outofstock","32":"downloadable","33":"taxable","34":"shipping-taxable","35":"purchasable","36":"product-type-simple"},"_links":{"self":[{"href":"https:\/\/www.software-reuse.eu\/es\/wp-json\/wp\/v2\/product\/56568","targetHints":{"allow":["GET"]}}],"collection":[{"href":"https:\/\/www.software-reuse.eu\/es\/wp-json\/wp\/v2\/product"}],"about":[{"href":"https:\/\/www.software-reuse.eu\/es\/wp-json\/wp\/v2\/types\/product"}],"wp:featuredmedia":[{"embeddable":true,"href":"https:\/\/www.software-reuse.eu\/es\/wp-json\/wp\/v2\/media\/40002"}],"wp:attachment":[{"href":"https:\/\/www.software-reuse.eu\/es\/wp-json\/wp\/v2\/media?parent=56568"}],"wp:term":[{"taxonomy":"product_cat","embeddable":true,"href":"https:\/\/www.software-reuse.eu\/es\/wp-json\/wp\/v2\/product_cat?post=56568"},{"taxonomy":"product_tag","embeddable":true,"href":"https:\/\/www.software-reuse.eu\/es\/wp-json\/wp\/v2\/product_tag?post=56568"}],"curies":[{"name":"wp","href":"https:\/\/api.w.org\/{rel}","templated":true}]}}