{"id":1357,"date":"2018-10-28T18:22:19","date_gmt":"2018-10-28T17:22:19","guid":{"rendered":"https:\/\/swr1.wpenginepowered.com\/notreequipe\/"},"modified":"2025-09-19T15:37:21","modified_gmt":"2025-09-19T13:37:21","slug":"team","status":"publish","type":"page","link":"https:\/\/www.software-reuse.eu\/fr\/entreprise\/notre-equipe\/","title":{"rendered":"Notre \u00e9quipe"},"content":{"rendered":"<section class=\" vc_custom_1574437505392\"><div class=\"container\"><div class=\"row\"><div class=\"wpb_column hcode-column-container vc_col-sm-2 col-xs-mobile-fullwidth\" data-front-class=\"col-xs-mobile-fullwidth\"><div class=\"vc-column-innner-wrapper\"><\/div><\/div><div class=\"wpb_column hcode-column-container vc_col-sm-8 col-xs-mobile-fullwidth\" data-front-class=\"col-xs-mobile-fullwidth\"><div class=\"vc-column-innner-wrapper\"><h1>Logiciel d'occasion parmi les premiers sur le march\u00e9 autrichien !<\/h1>\n<p>Chez Software ReUse, nous vous aidons \u00e0 r\u00e9duire les co\u00fbts pour votre entreprise ! Soit lorsqu'il est temps de <strong>rafra\u00eechir<\/strong> votre <strong>informatique<\/strong>, soit lorsque vous \u00eates sur le point de <strong>trouver<\/strong> une <strong>start-up<\/strong>. Peu importe que vous vouliez <strong>acheter ou vendre<\/strong> un logiciel d'occasion, nous sommes \u00e0 vos c\u00f4t\u00e9s pour vous conseiller et agir ! Nous sommes actifs dans ce domaine <strong>depuis 2011<\/strong> et avons \u00e9t\u00e9 <strong>les premiers sur le march\u00e9 autrichien<\/strong>, comme vous <a href=\"https:\/\/www.vienna.at\/software -reuse -first-used-software-haendler-in-oesterreich\/3531278\" target=\"_blank\" rel=\"noopener noreferrer\">ici<\/a>.<\/p>\n<p>Si vous avez des questions sur les logiciels d'occasion, n'h\u00e9sitez pas \u00e0 <strong>nous contacter<\/strong> \u00e0 tout moment !<\/p>\n<p><small>\u00ae Photos : Daniel Auer<\/small><\/p>\n<\/div><\/div><div class=\"wpb_column hcode-column-container vc_col-sm-2 col-xs-mobile-fullwidth\" data-front-class=\"col-xs-mobile-fullwidth\"><div class=\"vc-column-innner-wrapper\"><\/div><\/div><\/div><\/div><\/section><section class=\" vc_custom_1574437511817\"><div class=\"container\"><div class=\"row\"><div class=\"wpb_column hcode-column-container vc_col-sm-4 col-xs-mobile-fullwidth\" data-front-class=\"col-xs-mobile-fullwidth\"><div class=\"vc-column-innner-wrapper\">[vc_single_image image=\"7833\" img_size=\"medium\" alignment=\"center\" style=\"vc_box_circle\"][vc_empty_space height=\"24px\"]<p style=\"text-align: center;\"><strong>Mag. Stefan Tauchhammer, MBA<br \/>\n<\/strong>Directeur G\u00e9n\u00e9ral | Professionnel de licence Microsoft<em><strong><br \/>\n<\/strong><\/em><br \/>\n+43\/1\/997 2787 poste 10<br \/>\n<a href=\"mailto:auchhammer@software-reuse.eu\">auchhammer@software-reuse.eu<\/a><\/p>\n<\/div><\/div><div class=\"wpb_column hcode-column-container vc_col-sm-4 col-xs-mobile-fullwidth\" data-front-class=\"col-xs-mobile-fullwidth\"><div class=\"vc-column-innner-wrapper\">[vc_single_image image=\"7829\" img_size=\"medium\" alignment=\"center\" style=\"vc_box_circle\"][vc_empty_space height=\"24px\"]<p style=\"text-align: center;\"><strong>Nicolas Jainschig<br \/>\n<\/strong>Agent commercial | Professionnel de licence Microsoft<strong><br \/>\n<\/strong><br \/>\n+43\/1\/997 2787 poste 20<br \/>\n<a href=\"mailto:jainschig@software-reuse.eu\">jainschig@software-reuse.eu<\/a><\/p>\n<\/div><\/div><div class=\"wpb_column hcode-column-container vc_col-sm-4 col-xs-mobile-fullwidth\" data-front-class=\"col-xs-mobile-fullwidth\"><div class=\"vc-column-innner-wrapper\">[vc_single_image image=\"11968\" img_size=\"medium\" alignment=\"center\" style=\"vc_box_circle\"][vc_empty_space height=\"24px\"]<p style=\"text-align: center;\"><strong>Assesseur Dipl.-Jur. Friedrich E. Seeber (avocat qualifi\u00e9)<br \/>\n<\/strong>Juridique<\/p>\n<\/div><\/div><\/div><\/div><\/section><section class=\" vc_custom_1574437511817\"><div class=\"container\"><div class=\"row\"><div class=\"wpb_column hcode-column-container vc_col-sm-4 col-xs-mobile-fullwidth\" data-front-class=\"col-xs-mobile-fullwidth\"><div class=\"vc-column-innner-wrapper\">[vc_single_image image=\"39871\" img_size=\"medium\" alignment=\"center\" style=\"vc_box_circle\"][vc_empty_space height=\"24px\"]<p style=\"text-align: center;\"><strong>Daniele Bianchi<br \/>\n<\/strong>Ventes Italie<\/p>\n<p style=\"text-align: center;\">+43\/1\/997 2787 poste 50<br \/>\n<a href=\"mailto:bianchi@software-reuse.eu\">bianchi@software-reuse.eu<\/a><\/p>\n<\/div><\/div><div class=\"wpb_column hcode-column-container vc_col-sm-4 col-xs-mobile-fullwidth\" data-front-class=\"col-xs-mobile-fullwidth\"><div class=\"vc-column-innner-wrapper\">[vc_single_image image=\"39877\" img_size=\"medium\" alignment=\"center\" style=\"vc_box_circle\"][vc_empty_space height=\"24px\"]<p style=\"text-align: center;\"><strong>Rahela Suciu<br \/>\n<\/strong>Comptabilit\u00e9<\/p>\n<p style=\"text-align: center;\"><a href=\"mailto:suciu@software-reuse.eu\">suciu@software-reuse.eu<\/a><\/p>\n<\/div><\/div><div class=\"wpb_column hcode-column-container vc_col-sm-4 col-xs-mobile-fullwidth\" data-front-class=\"col-xs-mobile-fullwidth\"><div class=\"vc-column-innner-wrapper\">[vc_empty_space height=\"324px\"]<p style=\"text-align: center;\"><strong>Mag. Alexandra Piller<\/strong><br \/>\nAssistance \u00e0 la direction<\/p>\n<p style=\"text-align: center;\">+43\/1\/997 2787 poste 10<br \/>\npiller@software-reuse.eu<\/p>\n<\/div><\/div><\/div><\/div><\/section><section><div class=\"container\"><div class=\"row\"><div class=\"wpb_column hcode-column-container vc_col-sm-12 col-xs-mobile-fullwidth\" data-front-class=\"col-xs-mobile-fullwidth\"><div class=\"vc-column-innner-wrapper\"><h2 style=\"text-align: center;\">Des questions ? Nous nous ferons un plaisir de vous conseiller personnellement !<\/h2>\n<div class=\"cta-buttons hcode-inner-row\"><div class=\"wpb_column hcode-column-container vc_col-sm-12 col-xs-mobile-fullwidth\" data-front-class=\"col-xs-mobile-fullwidth\"><div class=\"vc-column-innner-wrapper\">[vc_btn title=\"Au magasin\" link=\"url:https%3A%2F%2Fwww.software-reuse.eu%2Ffr%2Fshop%2F|title:Au%20magasin|\" el_class=\"primary-button\"][vc_btn title=\"Conseils non contraignants\" link=\"url:https%3A%2F%2Fwww.software-reuse.eu%2Ffr%2Fcontact%2F|title:Conseils%20non%20contraignants|\" el_class=\"secondary-button\"]<\/div><\/div><\/div><\/div><\/div><\/div><\/div><\/section>","protected":false},"excerpt":{"rendered":"<p>Logiciel d&#8217;occasion parmi les premiers sur le march\u00e9 autrichien ! Chez Software ReUse, nous vous aidons \u00e0 r\u00e9duire les co\u00fbts pour votre entreprise ! Soit lorsqu&#8217;il est temps de rafra\u00eechir votre informatique, soit lorsque vous \u00eates sur le point de trouver une start-up. Peu importe que vous vouliez acheter ou vendre un logiciel d&#8217;occasion, nous [&hellip;]<\/p>\n","protected":false},"author":1,"featured_media":0,"parent":1499,"menu_order":0,"comment_status":"closed","ping_status":"closed","template":"","meta":{"inline_featured_image":false,"footnotes":""},"class_list":["post-1357","page","type-page","status-publish","hentry"],"_links":{"self":[{"href":"https:\/\/www.software-reuse.eu\/fr\/wp-json\/wp\/v2\/pages\/1357","targetHints":{"allow":["GET"]}}],"collection":[{"href":"https:\/\/www.software-reuse.eu\/fr\/wp-json\/wp\/v2\/pages"}],"about":[{"href":"https:\/\/www.software-reuse.eu\/fr\/wp-json\/wp\/v2\/types\/page"}],"author":[{"embeddable":true,"href":"https:\/\/www.software-reuse.eu\/fr\/wp-json\/wp\/v2\/users\/1"}],"replies":[{"embeddable":true,"href":"https:\/\/www.software-reuse.eu\/fr\/wp-json\/wp\/v2\/comments?post=1357"}],"version-history":[{"count":0,"href":"https:\/\/www.software-reuse.eu\/fr\/wp-json\/wp\/v2\/pages\/1357\/revisions"}],"up":[{"embeddable":true,"href":"https:\/\/www.software-reuse.eu\/fr\/wp-json\/wp\/v2\/pages\/1499"}],"wp:attachment":[{"href":"https:\/\/www.software-reuse.eu\/fr\/wp-json\/wp\/v2\/media?parent=1357"}],"curies":[{"name":"wp","href":"https:\/\/api.w.org\/{rel}","templated":true}]}}