{"id":1369,"date":"2018-10-28T18:48:19","date_gmt":"2018-10-28T17:48:19","guid":{"rendered":"https:\/\/swr1.wpenginepowered.com\/partenaires\/"},"modified":"2023-07-30T19:47:10","modified_gmt":"2023-07-30T17:47:10","slug":"partner","status":"publish","type":"page","link":"https:\/\/www.software-reuse.eu\/fr\/software-reuse-ihr-software-partner\/unsere-partner-fuer-ihre-software\/","title":{"rendered":"Partenaires"},"content":{"rendered":"<section class=\" vc_custom_1608039173311\"><div class=\"container\"><div class=\"row\"><div class=\"wpb_column hcode-column-container vc_col-sm-12 col-xs-mobile-fullwidth\" data-front-class=\"col-xs-mobile-fullwidth\"><div class=\"vc-column-innner-wrapper\">[vc_single_image image=\"12165\" img_size=\"full\" alignment=\"center\"]<\/div><\/div><\/div><\/div><\/section><section class=\" vc_custom_1608039259708\"><div class=\"container\"><div class=\"row\"><div class=\"wpb_column hcode-column-container vc_col-sm-2 col-xs-mobile-fullwidth\" data-front-class=\"col-xs-mobile-fullwidth\"><div class=\"vc-column-innner-wrapper\"><\/div><\/div><div class=\"wpb_column hcode-column-container vc_col-sm-8 col-xs-mobile-fullwidth\" data-front-class=\"col-xs-mobile-fullwidth\"><div class=\"vc-column-innner-wrapper\"><p style=\"text-align: center;\">Sur cette page, nous aimerions vous pr\u00e9senter nos partenaires qui nous soutiennent dans le commerce de logiciels d'occasion. Certains d'entre eux nous conseillent et nous accompagnent depuis de nombreuses ann\u00e9es.<\/p>\n<p style=\"text-align: center;\">Vous, en tant que client, \u00eates \u00e9galement invit\u00e9s \u00e0 compter sur leur soutien\u00a0! Vous trouverez ci-dessous plus d'informations sur nos partenaires et leurs comp\u00e9tences.<\/p>\n<\/div><\/div><div class=\"wpb_column hcode-column-container vc_col-sm-2 col-xs-mobile-fullwidth\" data-front-class=\"col-xs-mobile-fullwidth\"><div class=\"vc-column-innner-wrapper\"><\/div><\/div><\/div><\/div><\/section><section><div class=\"container\"><div class=\"row\"><div class=\"wpb_column hcode-column-container vc_col-sm-12 col-xs-mobile-fullwidth\" data-front-class=\"col-xs-mobile-fullwidth\"><div class=\"vc-column-innner-wrapper\"><h2 style=\"text-align: center;\">Voici nos partenaires pour les logiciels d'occasion<\/h2>\n<div class=\"flexboxes  vc_custom_1608230434705 hcode-inner-row\"><div class=\"wpb_column hcode-column-container  vc_custom_1607517375983 vc_col-sm-2 col-xs-mobile-fullwidth\" data-front-class=\" vc_custom_1607517375983 col-xs-mobile-fullwidth\"><div class=\"vc-column-innner-wrapper\"><\/div><\/div><div class=\"wpb_column hcode-column-container vc_col-sm-8 col-xs-mobile-fullwidth\" data-front-class=\"col-xs-mobile-fullwidth\"><div class=\"vc-column-innner-wrapper\"><p><strong>myKey<\/strong><br \/>\nLa boutique en ligne pour les <a href=\"https:\/\/mykey.software\/fr\/\" target=\"_blank\" rel=\"noopener\">licences logicielles et les cl\u00e9s de produit bon march\u00e9<\/a> de Microsoft<\/p>\n<p><strong>Expert TIC<\/strong><br \/>\nSoci\u00e9t\u00e9 de services dans les domaines du conseil en management et des technologies de l'information et de la communication. <a href=\"http:\/\/www.ict-expert.com\/\" target=\"_blank\" rel=\"noopener\">www.ict-expert.com<\/a><\/p>\n<p><strong>Fresh IT<\/strong><br \/>\nServices individuels de formation et de coaching Microsoft <a href=\"https:\/\/www.fresh-it.at\/\" target=\"_blank\" rel=\"noopener\">www.fresh-it.at<\/a><\/p>\n<p>Andreas Hofmann, MBA<br \/>\nConsultant pour les certifications ISO 9001, 14001 et IFS. <a href=\"http:\/\/beratung.hofmann.or.at\/\" target=\"_blank\" rel=\"noopener noreferrer\">beratung.hofmann.or.at<\/a><\/p>\n<\/div><\/div><div class=\"wpb_column hcode-column-container vc_col-sm-2 col-xs-mobile-fullwidth\" data-front-class=\"col-xs-mobile-fullwidth\"><div class=\"vc-column-innner-wrapper\"><\/div><\/div><\/div><\/div><\/div><\/div><\/div><\/section>","protected":false},"excerpt":{"rendered":"<p>[vc_single_image image=&#8221;12165&#8243; img_size=&#8221;full&#8221; alignment=&#8221;center&#8221;]Sur cette page, nous aimerions vous pr\u00e9senter nos partenaires qui nous soutiennent dans le commerce de logiciels d&#8217;occasion. Certains d&#8217;entre eux nous conseillent et nous accompagnent depuis de nombreuses ann\u00e9es. Vous, en tant que client, \u00eates \u00e9galement invit\u00e9s \u00e0 compter sur leur soutien\u00a0! Vous trouverez ci-dessous plus d&#8217;informations sur nos partenaires et [&hellip;]<\/p>\n","protected":false},"author":1,"featured_media":0,"parent":1499,"menu_order":0,"comment_status":"closed","ping_status":"closed","template":"","meta":{"inline_featured_image":false,"footnotes":""},"class_list":["post-1369","page","type-page","status-publish","hentry"],"_links":{"self":[{"href":"https:\/\/www.software-reuse.eu\/fr\/wp-json\/wp\/v2\/pages\/1369","targetHints":{"allow":["GET"]}}],"collection":[{"href":"https:\/\/www.software-reuse.eu\/fr\/wp-json\/wp\/v2\/pages"}],"about":[{"href":"https:\/\/www.software-reuse.eu\/fr\/wp-json\/wp\/v2\/types\/page"}],"author":[{"embeddable":true,"href":"https:\/\/www.software-reuse.eu\/fr\/wp-json\/wp\/v2\/users\/1"}],"replies":[{"embeddable":true,"href":"https:\/\/www.software-reuse.eu\/fr\/wp-json\/wp\/v2\/comments?post=1369"}],"version-history":[{"count":0,"href":"https:\/\/www.software-reuse.eu\/fr\/wp-json\/wp\/v2\/pages\/1369\/revisions"}],"up":[{"embeddable":true,"href":"https:\/\/www.software-reuse.eu\/fr\/wp-json\/wp\/v2\/pages\/1499"}],"wp:attachment":[{"href":"https:\/\/www.software-reuse.eu\/fr\/wp-json\/wp\/v2\/media?parent=1369"}],"curies":[{"name":"wp","href":"https:\/\/api.w.org\/{rel}","templated":true}]}}